{"id":109,"date":"2019-08-25T20:46:21","date_gmt":"2019-08-25T20:46:21","guid":{"rendered":"http:\/\/kanuusedom.de\/?page_id=109"},"modified":"2025-03-14T12:18:56","modified_gmt":"2025-03-14T12:18:56","slug":"tier-fototour","status":"publish","type":"page","link":"https:\/\/kanuusedom.de\/?page_id=109","title":{"rendered":"#PIRATEN SCHATZSUCHE"},"content":{"rendered":"<div class=\"initial-letter\">\n<p class=\"has-drop-cap\">Wolltest du nicht schon immer mal selbst Kapit\u00e4n auf einem Schiff sein und auf Schatzsuche gehen? Dann bist du hier genau richtig. Nach einer kurzen Einf\u00fchrung durch den Bootsmann Thomas (ich bleibe auf der ganzen Fahrt nat\u00fcrlich mit auf dem Boot) heisst es Leinen los und den Motor gestartet. Mit etwas Geschick und mit der Hilfe des GPS Ger\u00e4tes und mir findest du die Hinweise die du ben\u00f6tigst, um die Schatztruhe zu \u00f6ffnen. Es wartet ein echtes Abenteuer auf dich und deine Familie mit ganz viel Spa\u00df und einem Schatz am Ende der Tour. Auch hier kommt der fl\u00fcsterleise Elektroantrieb zum Einsatz.<\/p>\n\n\n\n<p class=\"has-text-align-center\"><\/p>\n\n\n\n<figure class=\"wp-block-image size-large\"><img fetchpriority=\"high\" decoding=\"async\" width=\"800\" height=\"565\" src=\"http:\/\/kanuusedom.de\/wp-content\/uploads\/2021\/03\/Schatzkarte.jpg\" alt=\"\" class=\"wp-image-340\" srcset=\"https:\/\/kanuusedom.de\/wp-content\/uploads\/2021\/03\/Schatzkarte.jpg 800w, https:\/\/kanuusedom.de\/wp-content\/uploads\/2021\/03\/Schatzkarte-300x212.jpg 300w, https:\/\/kanuusedom.de\/wp-content\/uploads\/2021\/03\/Schatzkarte-150x106.jpg 150w, https:\/\/kanuusedom.de\/wp-content\/uploads\/2021\/03\/Schatzkarte-768x542.jpg 768w\" sizes=\"(max-width: 800px) 100vw, 800px\" \/><\/figure>\n\n\n\n<p>F\u00fcr Wertgegenst\u00e4nde und Kameras haben wir wasserdichte Beh\u00e4lter. GPS Ger\u00e4t sowie Ferngl\u00e4ser werden von uns nat\u00fcrlich gestellt.<\/p>\n\n\n\n<p><strong>Dauer: circa 2 Stunden<br>Maximal 6 Personen<\/strong><\/p>\n\n\n\n<p>P<strong>reis: Erwachsene 25\u20ac &#8211; Kinder unter 15 Jahren 20\u20ac<\/strong> (Kinder bis 3 Jahre fahren kostenlos mit)<\/p>\n\n\n\n<p><strong>Liebe Eltern:<br>Ihr kennt eure Kinder am besten und k\u00f6nnt deshalb besser als ich einsch\u00e4tzen ob eure Kind bzw. Kinder die Tour machen m\u00f6chten\/k\u00f6nnen. <\/strong><\/p>\n\n\n\n<p style=\"font-size:clamp(15.197px, 0.95rem + ((1vw - 3.2px) * 0.691), 23px);\"><strong><em>Das einzig notwendige Kriterium bei der Tour ist, das die Kinder die Zahlen zwischen 0-9 kennen und erkennen k\u00f6nnen<\/em>. <\/strong><\/p>\n\n\n\n<figure class=\"wp-block-image size-large\"><img decoding=\"async\" width=\"1024\" height=\"1024\" src=\"https:\/\/kanuusedom.de\/wp-content\/uploads\/2023\/07\/FFC05059-ACDF-4D26-A74D-EFA378BB7E52-1024x1024.jpg\" alt=\"\" class=\"wp-image-867\" srcset=\"https:\/\/kanuusedom.de\/wp-content\/uploads\/2023\/07\/FFC05059-ACDF-4D26-A74D-EFA378BB7E52-1024x1024.jpg 1024w, https:\/\/kanuusedom.de\/wp-content\/uploads\/2023\/07\/FFC05059-ACDF-4D26-A74D-EFA378BB7E52-300x300.jpg 300w, https:\/\/kanuusedom.de\/wp-content\/uploads\/2023\/07\/FFC05059-ACDF-4D26-A74D-EFA378BB7E52-150x150.jpg 150w, https:\/\/kanuusedom.de\/wp-content\/uploads\/2023\/07\/FFC05059-ACDF-4D26-A74D-EFA378BB7E52-768x768.jpg 768w, https:\/\/kanuusedom.de\/wp-content\/uploads\/2023\/07\/FFC05059-ACDF-4D26-A74D-EFA378BB7E52-1536x1536.jpg 1536w, https:\/\/kanuusedom.de\/wp-content\/uploads\/2023\/07\/FFC05059-ACDF-4D26-A74D-EFA378BB7E52-1280x1280.jpg 1280w, https:\/\/kanuusedom.de\/wp-content\/uploads\/2023\/07\/FFC05059-ACDF-4D26-A74D-EFA378BB7E52.jpg 2048w\" sizes=\"(max-width: 1024px) 100vw, 1024px\" \/><\/figure>\n\n\n\n<p><strong>Da jedes Kind (die Erwachsenen nat\u00fcrlich auch) eine Rettungsweste bekommen, ist Schwimmen nicht wichtig und wird auch nicht auf der Tour ben\u00f6tigt.<\/strong> <strong>F\u00fcr das Fahren des Bootes wird kein F\u00fchrerschein ben\u00f6tigt. Die Kinder k\u00f6nnen unter meiner Aufsicht gerne selber fahren (m\u00fcssen aber nicht). Die max Geschwindigkeit betr\u00e4gt ca. 7 Stundenkilometer.<\/strong><br><strong>Ich empfehle die Startzeit der Touren auf den Morgen oder Nachmittag zu legen. Das Boot verf\u00fcgt zwar \u00fcber ein Sonnendach, aber es kann um die Mittagszeit sehr warm auf dem Wasser werden und dann ist der Spa\u00df ganz schnell geschmolzen.<\/strong><\/p>\n\n\n<div class=\"wpforms-container wpforms-container-full wpforms-block wpforms-block-c172e706-81d7-4921-ac50-825ec5a25700 wpforms-render-modern\" id=\"wpforms-953\"><form id=\"wpforms-form-953\" class=\"wpforms-validate wpforms-form wpforms-ajax-form\" data-formid=\"953\" method=\"post\" enctype=\"multipart\/form-data\" action=\"\/index.php?rest_route=%2Fwp%2Fv2%2Fpages%2F109\" data-token=\"440fec40f3eef9ec71dd05b5cef884e4\" data-token-time=\"1776378430\"><div class=\"wpforms-head-container\"><div class=\"wpforms-title\">Elektroboot Touranfrage<\/div><\/div><noscript class=\"wpforms-error-noscript\">Bitte aktiviere JavaScript in deinem Browser, um dieses Formular fertigzustellen.<\/noscript><div id=\"wpforms-error-noscript\" style=\"display: none;\">Bitte aktiviere JavaScript in deinem Browser, um dieses Formular fertigzustellen.<\/div><div class=\"wpforms-field-container\"><div id=\"wpforms-953-field_0-container\" class=\"wpforms-field wpforms-field-name\" data-field-id=\"0\"><fieldset><legend class=\"wpforms-field-label\">Name <span class=\"wpforms-required-label\" aria-hidden=\"true\">*<\/span><\/legend><div class=\"wpforms-field-row wpforms-field-medium\"><div class=\"wpforms-field-row-block wpforms-first wpforms-one-half\"><input type=\"text\" id=\"wpforms-953-field_0\" class=\"wpforms-field-name-first wpforms-field-required\" name=\"wpforms[fields][0][first]\" aria-errormessage=\"wpforms-953-field_0-error\" required><label for=\"wpforms-953-field_0\" class=\"wpforms-field-sublabel after\">Vorname<\/label><\/div><div class=\"wpforms-field-row-block wpforms-one-half\"><input type=\"text\" id=\"wpforms-953-field_0-last\" class=\"wpforms-field-name-last wpforms-field-required\" name=\"wpforms[fields][0][last]\" aria-errormessage=\"wpforms-953-field_0-last-error\" required><label for=\"wpforms-953-field_0-last\" class=\"wpforms-field-sublabel after\">Nachname<\/label><\/div><\/div><\/fieldset><\/div><div id=\"wpforms-953-field_1-container\" class=\"wpforms-field wpforms-field-email\" data-field-id=\"1\"><label class=\"wpforms-field-label\" for=\"wpforms-953-field_1\">E-Mail-Adresse <span class=\"wpforms-required-label\" aria-hidden=\"true\">*<\/span><\/label><input type=\"email\" id=\"wpforms-953-field_1\" class=\"wpforms-field-medium wpforms-field-required\" name=\"wpforms[fields][1]\" spellcheck=\"false\" aria-errormessage=\"wpforms-953-field_1-error\" required><\/div><div id=\"wpforms-953-field_2-container\" class=\"wpforms-field wpforms-field-textarea\" data-field-id=\"2\"><label class=\"wpforms-field-label\" for=\"wpforms-953-field_2\">Nachricht \/ Datum <span class=\"wpforms-required-label\" aria-hidden=\"true\">*<\/span><\/label><textarea id=\"wpforms-953-field_2\" class=\"wpforms-field-medium wpforms-field-required\" name=\"wpforms[fields][2]\" aria-errormessage=\"wpforms-953-field_2-error\" aria-describedby=\"wpforms-953-field_2-description\" required><\/textarea><div id=\"wpforms-953-field_2-description\" class=\"wpforms-field-description\">Bitte das Datum und die Anzahl der Personen eintragen.<\/div><\/div><div id=\"wpforms-953-field_4-container\" class=\"wpforms-field wpforms-field-checkbox\" data-field-id=\"4\"><fieldset><legend class=\"wpforms-field-label\">Tour Ausw\u00e4hlen <span class=\"wpforms-required-label\" aria-hidden=\"true\">*<\/span><\/legend><ul id=\"wpforms-953-field_4\" class=\"wpforms-field-required\"><li class=\"choice-1 depth-1\"><input type=\"checkbox\" id=\"wpforms-953-field_4_1\" name=\"wpforms[fields][4][]\" value=\"Sonnenuntergang\" aria-errormessage=\"wpforms-953-field_4_1-error\" required ><label class=\"wpforms-field-label-inline\" for=\"wpforms-953-field_4_1\">Sonnenuntergang<\/label><\/li><li class=\"choice-2 depth-1\"><input type=\"checkbox\" id=\"wpforms-953-field_4_2\" name=\"wpforms[fields][4][]\" value=\"Kinder Piratenschatzsuche\" aria-errormessage=\"wpforms-953-field_4_2-error\" required ><label class=\"wpforms-field-label-inline\" for=\"wpforms-953-field_4_2\">Kinder Piratenschatzsuche<\/label><\/li><li class=\"choice-3 depth-1\"><input type=\"checkbox\" id=\"wpforms-953-field_4_3\" name=\"wpforms[fields][4][]\" value=\"Individuelle Fototour\" aria-errormessage=\"wpforms-953-field_4_3-error\" required ><label class=\"wpforms-field-label-inline\" for=\"wpforms-953-field_4_3\">Individuelle Fototour<\/label><\/li><\/ul><\/fieldset><\/div><\/div><!-- .wpforms-field-container --><div class=\"wpforms-submit-container\" ><input type=\"hidden\" name=\"wpforms[id]\" value=\"953\"><input type=\"hidden\" name=\"page_title\" value=\"\"><input type=\"hidden\" name=\"page_url\" value=\"https:\/\/kanuusedom.de\/index.php?rest_route=\/wp\/v2\/pages\/109\"><input type=\"hidden\" name=\"url_referer\" value=\"\"><button type=\"submit\" name=\"wpforms[submit]\" id=\"wpforms-submit-953\" class=\"wpforms-submit\" data-alt-text=\"Wird gesendet\u00a0\u2026\" data-submit-text=\"Absenden\" aria-live=\"assertive\" value=\"wpforms-submit\">Absenden<\/button><img decoding=\"async\" src=\"https:\/\/kanuusedom.de\/wp-content\/plugins\/wpforms-lite\/assets\/images\/submit-spin.svg\" class=\"wpforms-submit-spinner\" style=\"display: none;\" width=\"26\" height=\"26\" alt=\"Wird geladen\"><\/div><\/form><\/div>  <!-- .wpforms-container -->\n\n\n<p>Als kleiner Tip f\u00fcr die von euch die noch mehr Piratenerlebnisse brauchen:<\/p>\n\n\n\n<p><a href=\"https:\/\/piraten-der-ostsee.de\" target=\"_blank\" data-type=\"URL\" data-id=\"https:\/\/piraten-der-ostsee.de\" rel=\"noreferrer noopener\">Abenteuer Minigolf \u201ePiraten der Ostsee\u201d<\/a><\/p>\n\n\n\n<center><div id=\"weatherWidget\" data-serviceid=\"5f1b278d4beb18.13820425\" data-format=\"600x150\" data-version=\"1.1\" data-city=\"18231728\" data-source=\"http:\/\/www.wetter24.de\"><div serviceid=\"weatherWidgetBlock\"><\/div><script src=\"http:\/\/www.wetter24.de\/fileadmin\/scripts\/widget.js\"><\/script><\/div>\n<\/center>\n<\/div>","protected":false},"excerpt":{"rendered":"<p>Wolltest du nicht schon immer mal selbst Kapit\u00e4n auf einem Schiff sein und auf Schatzsuche gehen? Dann bist du hier genau richtig. Nach einer kurzen Einf\u00fchrung durch den Bootsmann Thomas (ich bleibe auf der ganzen Fahrt nat\u00fcrlich mit auf dem Boot) heisst es Leinen los und den Motor gestartet. Mit etwas Geschick und mit der &hellip; <\/p>\n<p class=\"link-more\"><a href=\"https:\/\/kanuusedom.de\/?page_id=109\" class=\"more-link\">Mehr <span class=\"screen-reader-text\">\u00fcber &#8222;#PIRATEN SCHATZSUCHE&#8220; <\/span>Lesen<\/a><\/p>\n","protected":false},"author":1,"featured_media":0,"parent":0,"menu_order":0,"comment_status":"closed","ping_status":"closed","template":"","meta":{"footnotes":""},"class_list":["post-109","page","type-page","status-publish","hentry"],"featured_media_urls":[],"_links":{"self":[{"href":"https:\/\/kanuusedom.de\/index.php?rest_route=\/wp\/v2\/pages\/109","targetHints":{"allow":["GET"]}}],"collection":[{"href":"https:\/\/kanuusedom.de\/index.php?rest_route=\/wp\/v2\/pages"}],"about":[{"href":"https:\/\/kanuusedom.de\/index.php?rest_route=\/wp\/v2\/types\/page"}],"author":[{"embeddable":true,"href":"https:\/\/kanuusedom.de\/index.php?rest_route=\/wp\/v2\/users\/1"}],"replies":[{"embeddable":true,"href":"https:\/\/kanuusedom.de\/index.php?rest_route=%2Fwp%2Fv2%2Fcomments&post=109"}],"version-history":[{"count":29,"href":"https:\/\/kanuusedom.de\/index.php?rest_route=\/wp\/v2\/pages\/109\/revisions"}],"predecessor-version":[{"id":1007,"href":"https:\/\/kanuusedom.de\/index.php?rest_route=\/wp\/v2\/pages\/109\/revisions\/1007"}],"wp:attachment":[{"href":"https:\/\/kanuusedom.de\/index.php?rest_route=%2Fwp%2Fv2%2Fmedia&parent=109"}],"curies":[{"name":"wp","href":"https:\/\/api.w.org\/{rel}","templated":true}]}}