{"id":117,"date":"2019-08-25T20:54:56","date_gmt":"2019-08-25T20:54:56","guid":{"rendered":"http:\/\/kanuusedom.de\/?page_id=117"},"modified":"2024-10-05T10:35:08","modified_gmt":"2024-10-05T10:35:08","slug":"romantischer-sonnenuntergang-2","status":"publish","type":"page","link":"https:\/\/kanuusedom.de\/?page_id=117","title":{"rendered":"#FASZINIERENDER SONNENUNTERGANG"},"content":{"rendered":"<div class=\"initial-letter\">\n<p class=\"has-drop-cap has-normal-font-size\">Am fr\u00fchen Abend beginnt die Elektroboottour im Hafen von Krummin. Von dort aus geht es Richtung Gnitz immer den Sonnenuntergang im Blick. Lassen Sie sich von der Sch\u00f6nheit der Natur der Krumminer Wiek verzaubern. Dank des Elektroantriebes gleitet das Boot nahezu ger\u00e4uschlos und ohne Abgase \u00fcber das Wasser &#8211; Ruhe und Entspannung sind garantiert. Ein Foto im Sonnenuntergang geh\u00f6rt nat\u00fcrlich auch dazu und ist eine wunderbare Erinnerung an dieses besondere Erlebnis.<\/p>\n\n\n\n<p class=\"has-text-align-center\"><strong>Die Tour kann noch bis zum 31.10.24 bei guten Bedingungen durchgef\u00fchrt werden.<\/strong><\/p>\n\n\n\n<figure class=\"wp-block-image\"><img fetchpriority=\"high\" decoding=\"async\" width=\"1024\" height=\"768\" src=\"http:\/\/kanuusedom.de\/wp-content\/uploads\/2019\/08\/IMG_8356-1024x768.jpeg\" alt=\"\" class=\"wp-image-118\" srcset=\"https:\/\/kanuusedom.de\/wp-content\/uploads\/2019\/08\/IMG_8356-1024x768.jpeg 1024w, https:\/\/kanuusedom.de\/wp-content\/uploads\/2019\/08\/IMG_8356-300x225.jpeg 300w, https:\/\/kanuusedom.de\/wp-content\/uploads\/2019\/08\/IMG_8356-768x576.jpeg 768w, https:\/\/kanuusedom.de\/wp-content\/uploads\/2019\/08\/IMG_8356-1280x960.jpeg 1280w\" sizes=\"(max-width: 1024px) 100vw, 1024px\" \/><\/figure>\n\n\n\n<p>F\u00fcr Wertgegenst\u00e4nde und Kameras stellen wir wasserdichte Beh\u00e4lter zu Verf\u00fcgung. Die Temperaturen k\u00f6nnen mit dem Sonnenuntergang etwas fallen, deshalb empfehle ich eine leichte Jacke oder einen Pullover einzupacken.<\/p>\n\n\n\n<figure class=\"wp-block-image size-large\"><img decoding=\"async\" width=\"1024\" height=\"768\" src=\"https:\/\/kanuusedom.de\/wp-content\/uploads\/2023\/07\/IMG_0694-2-1024x768.jpg\" alt=\"\" class=\"wp-image-852\" srcset=\"https:\/\/kanuusedom.de\/wp-content\/uploads\/2023\/07\/IMG_0694-2-1024x768.jpg 1024w, https:\/\/kanuusedom.de\/wp-content\/uploads\/2023\/07\/IMG_0694-2-300x225.jpg 300w, https:\/\/kanuusedom.de\/wp-content\/uploads\/2023\/07\/IMG_0694-2-150x113.jpg 150w, https:\/\/kanuusedom.de\/wp-content\/uploads\/2023\/07\/IMG_0694-2-768x576.jpg 768w, https:\/\/kanuusedom.de\/wp-content\/uploads\/2023\/07\/IMG_0694-2-1536x1152.jpg 1536w, https:\/\/kanuusedom.de\/wp-content\/uploads\/2023\/07\/IMG_0694-2-2048x1536.jpg 2048w, https:\/\/kanuusedom.de\/wp-content\/uploads\/2023\/07\/IMG_0694-2-1280x960.jpg 1280w\" sizes=\"(max-width: 1024px) 100vw, 1024px\" \/><\/figure>\n\n\n\n<p><br>Die Sonnenuntergangszeiten sind \u00fcber die Saison unterschiedlich, bitte die genau Abfahrtszeit im Online Kalender einsehen. <\/p>\n\n\n\n<p class=\"has-normal-font-size\"><strong>Dauer: circa 2 Stunden<br>Maximal 7 Personen<\/strong><\/p>\n\n\n\n<p><strong>Preis: Erwachsene 25\u20ac &#8211; Kinder unter 15 Jahren 20\u20ac<\/strong><br><strong><em>Im Preis enthalten sind: Fernglas und M\u00fcckenspray<\/em><\/strong><\/p>\n\n\n<div class=\"wpforms-container wpforms-container-full wpforms-block wpforms-block-a1a70a29-4fa8-4e57-a483-5c99d998c5a0 wpforms-render-modern\" id=\"wpforms-953\"><form id=\"wpforms-form-953\" class=\"wpforms-validate wpforms-form wpforms-ajax-form\" data-formid=\"953\" method=\"post\" enctype=\"multipart\/form-data\" action=\"\/index.php?rest_route=%2Fwp%2Fv2%2Fpages%2F117\" data-token=\"fbd50818b693830bf304cbc2cfe16fe4\" data-token-time=\"1777206157\"><div class=\"wpforms-head-container\"><div class=\"wpforms-title\">Elektroboot Touranfrage<\/div><\/div><noscript class=\"wpforms-error-noscript\">Bitte aktiviere JavaScript in deinem Browser, um dieses Formular fertigzustellen.<\/noscript><div id=\"wpforms-error-noscript\" style=\"display: none;\">Bitte aktiviere JavaScript in deinem Browser, um dieses Formular fertigzustellen.<\/div><div class=\"wpforms-field-container\"><div id=\"wpforms-953-field_0-container\" class=\"wpforms-field wpforms-field-name\" data-field-id=\"0\"><fieldset><legend class=\"wpforms-field-label\">Name <span class=\"wpforms-required-label\" aria-hidden=\"true\">*<\/span><\/legend><div class=\"wpforms-field-row wpforms-field-medium\"><div class=\"wpforms-field-row-block wpforms-first wpforms-one-half\"><input type=\"text\" id=\"wpforms-953-field_0\" class=\"wpforms-field-name-first wpforms-field-required\" name=\"wpforms[fields][0][first]\" aria-errormessage=\"wpforms-953-field_0-error\" required><label for=\"wpforms-953-field_0\" class=\"wpforms-field-sublabel after\">Vorname<\/label><\/div><div class=\"wpforms-field-row-block wpforms-one-half\"><input type=\"text\" id=\"wpforms-953-field_0-last\" class=\"wpforms-field-name-last wpforms-field-required\" name=\"wpforms[fields][0][last]\" aria-errormessage=\"wpforms-953-field_0-last-error\" required><label for=\"wpforms-953-field_0-last\" class=\"wpforms-field-sublabel after\">Nachname<\/label><\/div><\/div><\/fieldset><\/div><div id=\"wpforms-953-field_1-container\" class=\"wpforms-field wpforms-field-email\" data-field-id=\"1\"><label class=\"wpforms-field-label\" for=\"wpforms-953-field_1\">E-Mail-Adresse <span class=\"wpforms-required-label\" aria-hidden=\"true\">*<\/span><\/label><input type=\"email\" id=\"wpforms-953-field_1\" class=\"wpforms-field-medium wpforms-field-required\" name=\"wpforms[fields][1]\" spellcheck=\"false\" aria-errormessage=\"wpforms-953-field_1-error\" required><\/div><div id=\"wpforms-953-field_2-container\" class=\"wpforms-field wpforms-field-textarea\" data-field-id=\"2\"><label class=\"wpforms-field-label\" for=\"wpforms-953-field_2\">Nachricht \/ Datum <span class=\"wpforms-required-label\" aria-hidden=\"true\">*<\/span><\/label><textarea id=\"wpforms-953-field_2\" class=\"wpforms-field-medium wpforms-field-required\" name=\"wpforms[fields][2]\" aria-errormessage=\"wpforms-953-field_2-error\" aria-describedby=\"wpforms-953-field_2-description\" required><\/textarea><div id=\"wpforms-953-field_2-description\" class=\"wpforms-field-description\">Bitte das Datum und die Anzahl der Personen eintragen.<\/div><\/div><div id=\"wpforms-953-field_4-container\" class=\"wpforms-field wpforms-field-checkbox\" data-field-id=\"4\"><fieldset><legend class=\"wpforms-field-label\">Tour Ausw\u00e4hlen <span class=\"wpforms-required-label\" aria-hidden=\"true\">*<\/span><\/legend><ul id=\"wpforms-953-field_4\" class=\"wpforms-field-required\"><li class=\"choice-1 depth-1\"><input type=\"checkbox\" id=\"wpforms-953-field_4_1\" name=\"wpforms[fields][4][]\" value=\"Sonnenuntergang\" aria-errormessage=\"wpforms-953-field_4_1-error\" required ><label class=\"wpforms-field-label-inline\" for=\"wpforms-953-field_4_1\">Sonnenuntergang<\/label><\/li><li class=\"choice-2 depth-1\"><input type=\"checkbox\" id=\"wpforms-953-field_4_2\" name=\"wpforms[fields][4][]\" value=\"Kinder Piratenschatzsuche\" aria-errormessage=\"wpforms-953-field_4_2-error\" required ><label class=\"wpforms-field-label-inline\" for=\"wpforms-953-field_4_2\">Kinder Piratenschatzsuche<\/label><\/li><li class=\"choice-3 depth-1\"><input type=\"checkbox\" id=\"wpforms-953-field_4_3\" name=\"wpforms[fields][4][]\" value=\"Individuelle Fototour\" aria-errormessage=\"wpforms-953-field_4_3-error\" required ><label class=\"wpforms-field-label-inline\" for=\"wpforms-953-field_4_3\">Individuelle Fototour<\/label><\/li><\/ul><\/fieldset><\/div><\/div><!-- .wpforms-field-container --><div class=\"wpforms-submit-container\" ><input type=\"hidden\" name=\"wpforms[id]\" value=\"953\"><input type=\"hidden\" name=\"page_title\" value=\"\"><input type=\"hidden\" name=\"page_url\" value=\"https:\/\/kanuusedom.de\/index.php?rest_route=\/wp\/v2\/pages\/117\"><input type=\"hidden\" name=\"url_referer\" value=\"\"><button type=\"submit\" name=\"wpforms[submit]\" id=\"wpforms-submit-953\" class=\"wpforms-submit\" data-alt-text=\"Wird gesendet\u00a0\u2026\" data-submit-text=\"Absenden\" aria-live=\"assertive\" value=\"wpforms-submit\">Absenden<\/button><img decoding=\"async\" src=\"https:\/\/kanuusedom.de\/wp-content\/plugins\/wpforms-lite\/assets\/images\/submit-spin.svg\" class=\"wpforms-submit-spinner\" style=\"display: none;\" width=\"26\" height=\"26\" alt=\"Wird geladen\"><\/div><\/form><\/div>  <!-- .wpforms-container -->\n\n\n\n\n<center>\n<iframe width=\"650\" height=\"450\" src=\"https:\/\/embed.windy.com\/embed2.html?lat=54.031&amp;lon=13.831&amp;detailLat=54.041&amp;detailLon=13.848&amp;width=650&amp;height=450&amp;zoom=11&amp;level=surface&amp;overlay=wind&amp;product=ecmwf&amp;menu=&amp;message=&amp;marker=&amp;calendar=24&amp;pressure=&amp;type=map&amp;location=coordinates&amp;detail=&amp;metricWind=km%2Fh&amp;metricTemp=%C2%B0C&amp;radarRange=-1\" frameborder=\"0\"><\/iframe>\n<\/center>\n\n\n\n\n\n\n\n\n\n\n\n\n\n\n\n<p><\/p>\n<\/div>","protected":false},"excerpt":{"rendered":"<p>Am fr\u00fchen Abend beginnt die Elektroboottour im Hafen von Krummin. Von dort aus geht es Richtung Gnitz immer den Sonnenuntergang im Blick. Lassen Sie sich von der Sch\u00f6nheit der Natur der Krumminer Wiek verzaubern. Dank des Elektroantriebes gleitet das Boot nahezu ger\u00e4uschlos und ohne Abgase \u00fcber das Wasser &#8211; Ruhe und Entspannung sind garantiert. Ein &hellip; <\/p>\n<p class=\"link-more\"><a href=\"https:\/\/kanuusedom.de\/?page_id=117\" class=\"more-link\">Mehr <span class=\"screen-reader-text\">\u00fcber &#8222;#FASZINIERENDER SONNENUNTERGANG&#8220; <\/span>Lesen<\/a><\/p>\n","protected":false},"author":1,"featured_media":0,"parent":0,"menu_order":0,"comment_status":"closed","ping_status":"closed","template":"","meta":{"footnotes":""},"class_list":["post-117","page","type-page","status-publish","hentry"],"featured_media_urls":[],"_links":{"self":[{"href":"https:\/\/kanuusedom.de\/index.php?rest_route=\/wp\/v2\/pages\/117","targetHints":{"allow":["GET"]}}],"collection":[{"href":"https:\/\/kanuusedom.de\/index.php?rest_route=\/wp\/v2\/pages"}],"about":[{"href":"https:\/\/kanuusedom.de\/index.php?rest_route=\/wp\/v2\/types\/page"}],"author":[{"embeddable":true,"href":"https:\/\/kanuusedom.de\/index.php?rest_route=\/wp\/v2\/users\/1"}],"replies":[{"embeddable":true,"href":"https:\/\/kanuusedom.de\/index.php?rest_route=%2Fwp%2Fv2%2Fcomments&post=117"}],"version-history":[{"count":28,"href":"https:\/\/kanuusedom.de\/index.php?rest_route=\/wp\/v2\/pages\/117\/revisions"}],"predecessor-version":[{"id":990,"href":"https:\/\/kanuusedom.de\/index.php?rest_route=\/wp\/v2\/pages\/117\/revisions\/990"}],"wp:attachment":[{"href":"https:\/\/kanuusedom.de\/index.php?rest_route=%2Fwp%2Fv2%2Fmedia&parent=117"}],"curies":[{"name":"wp","href":"https:\/\/api.w.org\/{rel}","templated":true}]}}