{"id":242,"date":"2020-09-24T10:53:15","date_gmt":"2020-09-24T10:53:15","guid":{"rendered":"http:\/\/kanuusedom.de\/?page_id=242"},"modified":"2025-09-22T16:40:24","modified_gmt":"2025-09-22T16:40:24","slug":"bernsteinsuche-bei-nacht","status":"publish","type":"page","link":"https:\/\/kanuusedom.de\/?page_id=242","title":{"rendered":"Bernsteinsuche bei Nacht"},"content":{"rendered":"<div class=\"initial-letter\">\n<p class=\"has-text-align-center has-text-color has-link-color has-large-font-size wp-elements-92314d0b962bfcf95ac3c0b097e23a92\" style=\"color:#b50b0b;font-style:normal;font-weight:700\"><\/p>\n\n\n\n<p class=\"has-drop-cap has-text-align-left has-primary-color has-text-color has-link-color wp-elements-ee8da570ecce0dfca9305083e4fbafd6\" style=\"font-size:clamp(14px, 0.875rem + ((1vw - 3.2px) * 0.354), 18px);\">Ausger\u00fcstet mit UV-Stirnlampen starten wir bei Dunkelheit, die Bernsteinsuche am Strand. Das Auffinden von Bernstein mit UV Licht ist kinderleicht und deshalb geeignet f\u00fcr Jung und Alt. Die Tour am Abend startet kurz vor Sonnenuntergang und dauert ca. 2 Stunden. Die maximale Gruppengr\u00f6\u00dfe betr\u00e4gt 12 Personen. Das Tragen von wasserdichten Schuhen wie z.B. Gummistiefeln wird empfohlen. Die restliche Ausr\u00fcstung wie die UV-Stirnlampe, ein sicherer Beh\u00e4lter zum Sammeln der Bernsteine wird gestellt. <strong><em>Die Touren sind f\u00fcr Familien mit Kindern<\/em> konzipiert,<\/strong> hier geht es nicht um professionelle Bernsteinsuche sondern um das Erlebnis. Wer hier hofft das Bernsteinzimmer zu finden, den mu\u00df ich leider entt\u00e4uschen. Wenn wir auf eine Tour gehen, werden wir nat\u00fcrlich was finden *, wenn diese Bedingungen sich \u00e4ndern, k\u00f6nnen die Touren auch kurzfristig abgesagt werden.<\/p>\n\n\n\n<p style=\"font-size:clamp(14px, 0.875rem + ((1vw - 3.2px) * 0.354), 18px);\">*<strong><em>Da eure Zeit hier limitiert ist und nicht immer ausreichend Bernstein an den Strand gesp\u00fclt wir, kann ich folgendes Anbieten:<br>Ich kann als Bernsteinosterhase fungieren und f\u00fcr ausreichend Bernstein am Strand sorgen. Bei meinen Touren geht es nat\u00fcrlich um die Bernsteinsuche, aber auch um das Erlebnis Nachts am Strand zu wandern, leuchtende Tieraugen im Wald und den faszinierenden Sternenhimmel am Strand.  <br><br><\/em><\/strong>Zusammen lege ich mit euch die Grundlagen: Wissen \u00fcber Bernstein und die besten Tricks ihn am Strand zu finden.<\/p>\n\n\n\n<figure class=\"wp-block-image size-large\"><img fetchpriority=\"high\" decoding=\"async\" width=\"1024\" height=\"673\" src=\"http:\/\/kanuusedom.de\/wp-content\/uploads\/2020\/09\/IMG_9232-1024x673.jpeg\" alt=\"\" class=\"wp-image-243\" srcset=\"https:\/\/kanuusedom.de\/wp-content\/uploads\/2020\/09\/IMG_9232-1024x673.jpeg 1024w, https:\/\/kanuusedom.de\/wp-content\/uploads\/2020\/09\/IMG_9232-300x197.jpeg 300w, https:\/\/kanuusedom.de\/wp-content\/uploads\/2020\/09\/IMG_9232-768x505.jpeg 768w, https:\/\/kanuusedom.de\/wp-content\/uploads\/2020\/09\/IMG_9232-1536x1010.jpeg 1536w, https:\/\/kanuusedom.de\/wp-content\/uploads\/2020\/09\/IMG_9232-2048x1347.jpeg 2048w, https:\/\/kanuusedom.de\/wp-content\/uploads\/2020\/09\/IMG_9232-1280x842.jpeg 1280w\" sizes=\"(max-width: 1024px) 100vw, 1024px\" \/><\/figure>\n\n\n\n<p style=\"font-size:clamp(14px, 0.875rem + ((1vw - 3.2px) * 0.354), 18px);\"><strong>Erwachsene  15 Euro <br>Kinder 5-16 Jahre 10 Euro<br><\/strong><\/p>\n\n\n\n<p>Der Startpunkt, sowie die Startzeit wird nach erfolgreicher Buchung mitgeteilt. Deshalb ist es wichtig bei der Buchung immer die Telefonnummer oder Emailadresse anzugeben. Bitte bei den Versandmethoden im Shop &#8222;Bernsteinwanderung (Treffpunkt siehe zus\u00e4tzliche Infos)&#8220; w\u00e4hlen, Tickets m\u00fcssen auch nicht vorher abgeholt werden.<\/p>\n\n\n\n<p><strong>Start &#8211; bzw. Treffpunkt:<\/strong> Das h\u00e4ngt ein wenig von den Bedingungen am Strand ab, die Touren finden aber alle im Gebiet Peenem\u00fcnde,Karlshagen oder K\u00f6lpinsee am Ostseestrand statt.<\/p>\n\n\n\n<p class=\"has-medium-font-size\"><strong>Mindesteilnehmerzahl 4 Personen<\/strong><br><\/p>\n\n\n\n<p class=\"has-text-align-center has-x-small-font-size\"><\/p>\n\n\n\n<p class=\"has-text-align-center has-vivid-green-cyan-color has-text-color has-large-font-size\"><strong><a href=\"https:\/\/gravelbikeverleih-outdoor-usedom-shop.sumupstore.com\/produkt\/bernsteinsuche-bei-nacht\" target=\"_blank\" rel=\"noopener\">Zur Onlinebuchung<\/a><\/strong><\/p>\n\n\n\n<p class=\"has-text-align-center has-vivid-red-color has-text-color\"><strong>Noch eine Info zur Onlinebuchung, es kann sein das die Mindestanzahl an Anmeldung trotz erfolgreicher Buchung nicht erreicht wurde und deshalb die Tour nicht stattfinden kann. In diesem Fall wird das Geld nat\u00fcrlich umgehend in vollem Umfang zur\u00fcckerstatte.<\/strong> <\/p>\n\n\n\n<p><\/p>\n<\/div>","protected":false},"excerpt":{"rendered":"<p>Ausger\u00fcstet mit UV-Stirnlampen starten wir bei Dunkelheit, die Bernsteinsuche am Strand. Das Auffinden von Bernstein mit UV Licht ist kinderleicht und deshalb geeignet f\u00fcr Jung und Alt. Die Tour am Abend startet kurz vor Sonnenuntergang und dauert ca. 2 Stunden. Die maximale Gruppengr\u00f6\u00dfe betr\u00e4gt 12 Personen. Das Tragen von wasserdichten Schuhen wie z.B. Gummistiefeln wird &hellip; <\/p>\n<p class=\"link-more\"><a href=\"https:\/\/kanuusedom.de\/?page_id=242\" class=\"more-link\">Mehr <span class=\"screen-reader-text\">\u00fcber &#8222;Bernsteinsuche bei Nacht&#8220; <\/span>Lesen<\/a><\/p>\n","protected":false},"author":1,"featured_media":0,"parent":0,"menu_order":0,"comment_status":"closed","ping_status":"closed","template":"","meta":{"footnotes":""},"class_list":["post-242","page","type-page","status-publish","hentry"],"featured_media_urls":[],"_links":{"self":[{"href":"https:\/\/kanuusedom.de\/index.php?rest_route=\/wp\/v2\/pages\/242","targetHints":{"allow":["GET"]}}],"collection":[{"href":"https:\/\/kanuusedom.de\/index.php?rest_route=\/wp\/v2\/pages"}],"about":[{"href":"https:\/\/kanuusedom.de\/index.php?rest_route=\/wp\/v2\/types\/page"}],"author":[{"embeddable":true,"href":"https:\/\/kanuusedom.de\/index.php?rest_route=\/wp\/v2\/users\/1"}],"replies":[{"embeddable":true,"href":"https:\/\/kanuusedom.de\/index.php?rest_route=%2Fwp%2Fv2%2Fcomments&post=242"}],"version-history":[{"count":28,"href":"https:\/\/kanuusedom.de\/index.php?rest_route=\/wp\/v2\/pages\/242\/revisions"}],"predecessor-version":[{"id":1059,"href":"https:\/\/kanuusedom.de\/index.php?rest_route=\/wp\/v2\/pages\/242\/revisions\/1059"}],"wp:attachment":[{"href":"https:\/\/kanuusedom.de\/index.php?rest_route=%2Fwp%2Fv2%2Fmedia&parent=242"}],"curies":[{"name":"wp","href":"https:\/\/api.w.org\/{rel}","templated":true}]}}