{"id":284,"date":"2021-01-05T10:15:33","date_gmt":"2021-01-05T10:15:33","guid":{"rendered":"http:\/\/kanuusedom.de\/?page_id=284"},"modified":"2021-09-05T17:57:21","modified_gmt":"2021-09-05T17:57:21","slug":"usedom-mit-dem-fahrrad-erkunden","status":"publish","type":"page","link":"https:\/\/kanuusedom.de\/?page_id=284","title":{"rendered":"Usedom mit dem Fahrrad entdecken"},"content":{"rendered":"\n<p>Ist Usedom wirklich so flach wie immer alle behaupten, ich werden dir zeigen das es nicht so ist, wie es auf den ersten Blick scheint. Bei mir kommt der ambitionierte Fahrradfahrer\/in voll auf seine Kosten. Asphalt geh\u00f6rt nicht zu meinen bevorzugten Bel\u00e4gen, was aber f\u00fcr ein abenteuerliches Erlebnis sicher nicht von Nachteil sein wird.<br>F\u00fcr die Touren empfehlen ich gel\u00e4ndetaugliche Fahrr\u00e4der wie MTBs, Trecking und Gravel Bikes. Ich Garantiere euch tolle Fahrradtouren f\u00fcr alle Sinne. Ich haben auch sehr viele atemberaubende Pl\u00e4tze auf Usedom und Umgebung in die Touren eingebaut, soda\u00df ihr nicht nur mit gefahrenen Kilometern am Ende der Tour gl\u00e4nzen k\u00f6nnt, sondern auch mit tollen Fotos von sch\u00f6nen Orten. Das obligatorische St\u00fcck Kuchen sowie der dazugeh\u00f6rige Kaffee soll nat\u00fcrlich auch nicht fehlen. <\/p>\n\n\n\n<p>Und es spielt \u00fcberhaupt keine Rolle ob du mit oder ohne Motor unterwegs bist, das was eine Rolle spielt ist der &#8222;Spa\u00df am Fahrradfahren&#8220; und den wirst du bei mir finden.<\/p>\n\n\n\n<p>Die aufgef\u00fchrten Touren sind nur Anregungen in welche Richtung es gehen kann. Das sch\u00f6ne an fast allen Touren ist, das sie jederzeit und sogar noch w\u00e4hrend der Fahrt angepasst werden k\u00f6nnen. Gerne gehe aber auch auf W\u00fcnsche ein und lasse mir eine Tour nach eurem Geschmack einfallen.<\/p>\n\n\n\n<p>Also rauf auf Rad und ab geht die Post&#8230;&#8230;<\/p>\n\n\n\n<p><\/p>\n\n\n<div id=\"metaslider-id-370\" style=\"width: 100%; margin: 0 auto;\" class=\"ml-slider-3-101-0 metaslider metaslider-flex metaslider-370 ml-slider ms-theme-default nav-hidden\" role=\"region\" aria-label=\"Fahrrad\" data-height=\"400\" data-width=\"700\">\n    <div id=\"metaslider_container_370\">\n        <div id=\"metaslider_370\">\n            <ul class='slides'>\n                <li style=\"display: block; width: 100%;\" class=\"slide-372 ms-image \" aria-roledescription=\"slide\" data-date=\"2021-03-19 20:11:33\"><img fetchpriority=\"high\" decoding=\"async\" width=\"2560\" height=\"1440\" src=\"https:\/\/kanuusedom.de\/wp-content\/uploads\/2021\/03\/IMG_2980-2-scaled.jpg\" class=\"slider-370 slide-372 msDefaultImage\" alt=\"\" rel=\"\" title=\"IMG_2980 2\" style=\"margin-top: 0.44642857142857%\" srcset=\"https:\/\/kanuusedom.de\/wp-content\/uploads\/2021\/03\/IMG_2980-2-scaled.jpg 2560w, https:\/\/kanuusedom.de\/wp-content\/uploads\/2021\/03\/IMG_2980-2-300x169.jpg 300w, https:\/\/kanuusedom.de\/wp-content\/uploads\/2021\/03\/IMG_2980-2-1024x576.jpg 1024w, https:\/\/kanuusedom.de\/wp-content\/uploads\/2021\/03\/IMG_2980-2-150x84.jpg 150w, https:\/\/kanuusedom.de\/wp-content\/uploads\/2021\/03\/IMG_2980-2-768x432.jpg 768w, https:\/\/kanuusedom.de\/wp-content\/uploads\/2021\/03\/IMG_2980-2-1536x864.jpg 1536w, https:\/\/kanuusedom.de\/wp-content\/uploads\/2021\/03\/IMG_2980-2-2048x1152.jpg 2048w, https:\/\/kanuusedom.de\/wp-content\/uploads\/2021\/03\/IMG_2980-2-1280x720.jpg 1280w\" sizes=\"100vw\" \/><\/li>\n                <li style=\"display: none; width: 100%;\" class=\"slide-373 ms-image \" aria-roledescription=\"slide\" data-date=\"2021-03-19 20:11:45\"><img decoding=\"async\" width=\"2560\" height=\"1440\" src=\"https:\/\/kanuusedom.de\/wp-content\/uploads\/2021\/03\/IMG_2687-2-scaled.jpg\" class=\"slider-370 slide-373 msDefaultImage\" alt=\"\" rel=\"\" title=\"IMG_2687 2\" style=\"margin-top: 0.44642857142857%\" srcset=\"https:\/\/kanuusedom.de\/wp-content\/uploads\/2021\/03\/IMG_2687-2-scaled.jpg 2560w, https:\/\/kanuusedom.de\/wp-content\/uploads\/2021\/03\/IMG_2687-2-300x169.jpg 300w, https:\/\/kanuusedom.de\/wp-content\/uploads\/2021\/03\/IMG_2687-2-1024x576.jpg 1024w, https:\/\/kanuusedom.de\/wp-content\/uploads\/2021\/03\/IMG_2687-2-150x84.jpg 150w, https:\/\/kanuusedom.de\/wp-content\/uploads\/2021\/03\/IMG_2687-2-768x432.jpg 768w, https:\/\/kanuusedom.de\/wp-content\/uploads\/2021\/03\/IMG_2687-2-1536x864.jpg 1536w, https:\/\/kanuusedom.de\/wp-content\/uploads\/2021\/03\/IMG_2687-2-2048x1152.jpg 2048w, https:\/\/kanuusedom.de\/wp-content\/uploads\/2021\/03\/IMG_2687-2-1280x720.jpg 1280w\" sizes=\"100vw\" \/><\/li>\n                <li style=\"display: none; width: 100%;\" class=\"slide-374 ms-image \" aria-roledescription=\"slide\" data-date=\"2021-03-19 20:11:51\"><img decoding=\"async\" width=\"2560\" height=\"1920\" src=\"https:\/\/kanuusedom.de\/wp-content\/uploads\/2021\/03\/IMG_2558-2-scaled.jpg\" class=\"slider-370 slide-374 msDefaultImage\" alt=\"\" rel=\"\" title=\"IMG_2558 2\" style=\"margin: 0 auto; width: 76.190476190476%\" srcset=\"https:\/\/kanuusedom.de\/wp-content\/uploads\/2021\/03\/IMG_2558-2-scaled.jpg 2560w, https:\/\/kanuusedom.de\/wp-content\/uploads\/2021\/03\/IMG_2558-2-300x225.jpg 300w, https:\/\/kanuusedom.de\/wp-content\/uploads\/2021\/03\/IMG_2558-2-1024x768.jpg 1024w, https:\/\/kanuusedom.de\/wp-content\/uploads\/2021\/03\/IMG_2558-2-150x113.jpg 150w, https:\/\/kanuusedom.de\/wp-content\/uploads\/2021\/03\/IMG_2558-2-768x576.jpg 768w, https:\/\/kanuusedom.de\/wp-content\/uploads\/2021\/03\/IMG_2558-2-1536x1152.jpg 1536w, https:\/\/kanuusedom.de\/wp-content\/uploads\/2021\/03\/IMG_2558-2-2048x1536.jpg 2048w, https:\/\/kanuusedom.de\/wp-content\/uploads\/2021\/03\/IMG_2558-2-1280x960.jpg 1280w\" sizes=\"100vw\" \/><\/li>\n                <li style=\"display: none; width: 100%;\" class=\"slide-375 ms-image \" aria-roledescription=\"slide\" data-date=\"2021-03-19 20:11:56\"><img loading=\"lazy\" decoding=\"async\" width=\"2560\" height=\"1920\" src=\"https:\/\/kanuusedom.de\/wp-content\/uploads\/2021\/03\/IMG_2327-scaled.jpg\" class=\"slider-370 slide-375 msDefaultImage\" alt=\"\" rel=\"\" title=\"IMG_2327\" style=\"margin: 0 auto; width: 76.190476190476%\" srcset=\"https:\/\/kanuusedom.de\/wp-content\/uploads\/2021\/03\/IMG_2327-scaled.jpg 2560w, https:\/\/kanuusedom.de\/wp-content\/uploads\/2021\/03\/IMG_2327-300x225.jpg 300w, https:\/\/kanuusedom.de\/wp-content\/uploads\/2021\/03\/IMG_2327-1024x768.jpg 1024w, https:\/\/kanuusedom.de\/wp-content\/uploads\/2021\/03\/IMG_2327-150x113.jpg 150w, https:\/\/kanuusedom.de\/wp-content\/uploads\/2021\/03\/IMG_2327-768x576.jpg 768w, https:\/\/kanuusedom.de\/wp-content\/uploads\/2021\/03\/IMG_2327-1536x1152.jpg 1536w, https:\/\/kanuusedom.de\/wp-content\/uploads\/2021\/03\/IMG_2327-2048x1536.jpg 2048w, https:\/\/kanuusedom.de\/wp-content\/uploads\/2021\/03\/IMG_2327-1280x960.jpg 1280w\" sizes=\"100vw\" \/><\/li>\n                <li style=\"display: none; width: 100%;\" class=\"slide-376 ms-image \" aria-roledescription=\"slide\" data-date=\"2021-03-19 20:13:42\"><img loading=\"lazy\" decoding=\"async\" width=\"2560\" height=\"1920\" src=\"https:\/\/kanuusedom.de\/wp-content\/uploads\/2021\/03\/IMG_2231-3-scaled.jpg\" class=\"slider-370 slide-376 msDefaultImage\" alt=\"\" rel=\"\" title=\"IMG_2231 3\" style=\"margin: 0 auto; width: 76.190476190476%\" srcset=\"https:\/\/kanuusedom.de\/wp-content\/uploads\/2021\/03\/IMG_2231-3-scaled.jpg 2560w, https:\/\/kanuusedom.de\/wp-content\/uploads\/2021\/03\/IMG_2231-3-300x225.jpg 300w, https:\/\/kanuusedom.de\/wp-content\/uploads\/2021\/03\/IMG_2231-3-1024x768.jpg 1024w, https:\/\/kanuusedom.de\/wp-content\/uploads\/2021\/03\/IMG_2231-3-150x113.jpg 150w, https:\/\/kanuusedom.de\/wp-content\/uploads\/2021\/03\/IMG_2231-3-768x576.jpg 768w, https:\/\/kanuusedom.de\/wp-content\/uploads\/2021\/03\/IMG_2231-3-1536x1152.jpg 1536w, https:\/\/kanuusedom.de\/wp-content\/uploads\/2021\/03\/IMG_2231-3-2048x1536.jpg 2048w, https:\/\/kanuusedom.de\/wp-content\/uploads\/2021\/03\/IMG_2231-3-1280x960.jpg 1280w\" sizes=\"100vw\" \/><\/li>\n                <li style=\"display: none; width: 100%;\" class=\"slide-377 ms-image \" aria-roledescription=\"slide\" data-date=\"2021-03-19 20:13:51\"><img loading=\"lazy\" decoding=\"async\" width=\"1440\" height=\"1795\" src=\"https:\/\/kanuusedom.de\/wp-content\/uploads\/2021\/03\/E630069E-5460-4C93-876F-8BBF046EA0B1.jpg\" class=\"slider-370 slide-377 msDefaultImage\" alt=\"\" rel=\"\" title=\"E630069E-5460-4C93-876F-8BBF046EA0B1\" style=\"margin: 0 auto; width: 45.841623557501%\" srcset=\"https:\/\/kanuusedom.de\/wp-content\/uploads\/2021\/03\/E630069E-5460-4C93-876F-8BBF046EA0B1.jpg 1440w, https:\/\/kanuusedom.de\/wp-content\/uploads\/2021\/03\/E630069E-5460-4C93-876F-8BBF046EA0B1-241x300.jpg 241w, https:\/\/kanuusedom.de\/wp-content\/uploads\/2021\/03\/E630069E-5460-4C93-876F-8BBF046EA0B1-821x1024.jpg 821w, https:\/\/kanuusedom.de\/wp-content\/uploads\/2021\/03\/E630069E-5460-4C93-876F-8BBF046EA0B1-120x150.jpg 120w, https:\/\/kanuusedom.de\/wp-content\/uploads\/2021\/03\/E630069E-5460-4C93-876F-8BBF046EA0B1-768x957.jpg 768w, https:\/\/kanuusedom.de\/wp-content\/uploads\/2021\/03\/E630069E-5460-4C93-876F-8BBF046EA0B1-1232x1536.jpg 1232w, https:\/\/kanuusedom.de\/wp-content\/uploads\/2021\/03\/E630069E-5460-4C93-876F-8BBF046EA0B1-1027x1280.jpg 1027w\" sizes=\"100vw\" \/><\/li>\n                <li style=\"display: none; width: 100%;\" class=\"slide-378 ms-image \" aria-roledescription=\"slide\" data-date=\"2021-03-19 20:13:57\"><img loading=\"lazy\" decoding=\"async\" width=\"2048\" height=\"2560\" src=\"https:\/\/kanuusedom.de\/wp-content\/uploads\/2021\/03\/C92AA589-AC04-4B5D-AF73-F14C3999B17B-2-scaled.jpg\" class=\"slider-370 slide-378 msDefaultImage\" alt=\"\" rel=\"\" title=\"C92AA589-AC04-4B5D-AF73-F14C3999B17B 2\" style=\"margin: 0 auto; width: 45.714285714286%\" srcset=\"https:\/\/kanuusedom.de\/wp-content\/uploads\/2021\/03\/C92AA589-AC04-4B5D-AF73-F14C3999B17B-2-scaled.jpg 2048w, https:\/\/kanuusedom.de\/wp-content\/uploads\/2021\/03\/C92AA589-AC04-4B5D-AF73-F14C3999B17B-2-240x300.jpg 240w, https:\/\/kanuusedom.de\/wp-content\/uploads\/2021\/03\/C92AA589-AC04-4B5D-AF73-F14C3999B17B-2-819x1024.jpg 819w, https:\/\/kanuusedom.de\/wp-content\/uploads\/2021\/03\/C92AA589-AC04-4B5D-AF73-F14C3999B17B-2-120x150.jpg 120w, https:\/\/kanuusedom.de\/wp-content\/uploads\/2021\/03\/C92AA589-AC04-4B5D-AF73-F14C3999B17B-2-768x960.jpg 768w, https:\/\/kanuusedom.de\/wp-content\/uploads\/2021\/03\/C92AA589-AC04-4B5D-AF73-F14C3999B17B-2-1229x1536.jpg 1229w, https:\/\/kanuusedom.de\/wp-content\/uploads\/2021\/03\/C92AA589-AC04-4B5D-AF73-F14C3999B17B-2-1638x2048.jpg 1638w, https:\/\/kanuusedom.de\/wp-content\/uploads\/2021\/03\/C92AA589-AC04-4B5D-AF73-F14C3999B17B-2-1024x1280.jpg 1024w\" sizes=\"100vw\" \/><\/li>\n                <li style=\"display: none; width: 100%;\" class=\"slide-379 ms-image \" aria-roledescription=\"slide\" data-date=\"2021-03-19 20:14:04\"><img loading=\"lazy\" decoding=\"async\" width=\"2560\" height=\"1522\" src=\"https:\/\/kanuusedom.de\/wp-content\/uploads\/2021\/03\/521EA415-CA83-4DA6-A263-B1E04C749E0D-2-scaled.jpg\" class=\"slider-370 slide-379 msDefaultImage\" alt=\"\" rel=\"\" title=\"521EA415-CA83-4DA6-A263-B1E04C749E0D 2\" style=\"margin: 0 auto; width: 96.114135535949%\" srcset=\"https:\/\/kanuusedom.de\/wp-content\/uploads\/2021\/03\/521EA415-CA83-4DA6-A263-B1E04C749E0D-2-scaled.jpg 2560w, https:\/\/kanuusedom.de\/wp-content\/uploads\/2021\/03\/521EA415-CA83-4DA6-A263-B1E04C749E0D-2-300x178.jpg 300w, https:\/\/kanuusedom.de\/wp-content\/uploads\/2021\/03\/521EA415-CA83-4DA6-A263-B1E04C749E0D-2-1024x609.jpg 1024w, https:\/\/kanuusedom.de\/wp-content\/uploads\/2021\/03\/521EA415-CA83-4DA6-A263-B1E04C749E0D-2-150x89.jpg 150w, https:\/\/kanuusedom.de\/wp-content\/uploads\/2021\/03\/521EA415-CA83-4DA6-A263-B1E04C749E0D-2-768x457.jpg 768w, https:\/\/kanuusedom.de\/wp-content\/uploads\/2021\/03\/521EA415-CA83-4DA6-A263-B1E04C749E0D-2-1536x913.jpg 1536w, https:\/\/kanuusedom.de\/wp-content\/uploads\/2021\/03\/521EA415-CA83-4DA6-A263-B1E04C749E0D-2-2048x1217.jpg 2048w, https:\/\/kanuusedom.de\/wp-content\/uploads\/2021\/03\/521EA415-CA83-4DA6-A263-B1E04C749E0D-2-1280x761.jpg 1280w\" sizes=\"100vw\" \/><\/li>\n                <li style=\"display: none; width: 100%;\" class=\"slide-380 ms-image \" aria-roledescription=\"slide\" data-date=\"2021-03-19 20:14:12\"><img loading=\"lazy\" decoding=\"async\" width=\"1440\" height=\"1795\" src=\"https:\/\/kanuusedom.de\/wp-content\/uploads\/2021\/01\/E630069E-5460-4C93-876F-8BBF046EA0B1.jpg\" class=\"slider-370 slide-380 msDefaultImage\" alt=\"\" rel=\"\" title=\"E630069E-5460-4C93-876F-8BBF046EA0B1\" style=\"margin: 0 auto; width: 45.841623557501%\" srcset=\"https:\/\/kanuusedom.de\/wp-content\/uploads\/2021\/01\/E630069E-5460-4C93-876F-8BBF046EA0B1.jpg 1440w, https:\/\/kanuusedom.de\/wp-content\/uploads\/2021\/01\/E630069E-5460-4C93-876F-8BBF046EA0B1-241x300.jpg 241w, https:\/\/kanuusedom.de\/wp-content\/uploads\/2021\/01\/E630069E-5460-4C93-876F-8BBF046EA0B1-821x1024.jpg 821w, https:\/\/kanuusedom.de\/wp-content\/uploads\/2021\/01\/E630069E-5460-4C93-876F-8BBF046EA0B1-768x957.jpg 768w, https:\/\/kanuusedom.de\/wp-content\/uploads\/2021\/01\/E630069E-5460-4C93-876F-8BBF046EA0B1-1232x1536.jpg 1232w, https:\/\/kanuusedom.de\/wp-content\/uploads\/2021\/01\/E630069E-5460-4C93-876F-8BBF046EA0B1-1027x1280.jpg 1027w\" sizes=\"100vw\" \/><\/li>\n                <li style=\"display: none; width: 100%;\" class=\"slide-381 ms-image \" aria-roledescription=\"slide\" data-date=\"2021-03-19 20:14:18\"><img loading=\"lazy\" decoding=\"async\" width=\"1440\" height=\"1794\" src=\"https:\/\/kanuusedom.de\/wp-content\/uploads\/2021\/01\/B0A60284-2269-4C2C-A07B-1A3188EE81A2.jpg\" class=\"slider-370 slide-381 msDefaultImage\" alt=\"\" rel=\"\" title=\"B0A60284-2269-4C2C-A07B-1A3188EE81A2\" style=\"margin: 0 auto; width: 45.867176301959%\" srcset=\"https:\/\/kanuusedom.de\/wp-content\/uploads\/2021\/01\/B0A60284-2269-4C2C-A07B-1A3188EE81A2.jpg 1440w, https:\/\/kanuusedom.de\/wp-content\/uploads\/2021\/01\/B0A60284-2269-4C2C-A07B-1A3188EE81A2-241x300.jpg 241w, https:\/\/kanuusedom.de\/wp-content\/uploads\/2021\/01\/B0A60284-2269-4C2C-A07B-1A3188EE81A2-822x1024.jpg 822w, https:\/\/kanuusedom.de\/wp-content\/uploads\/2021\/01\/B0A60284-2269-4C2C-A07B-1A3188EE81A2-768x957.jpg 768w, https:\/\/kanuusedom.de\/wp-content\/uploads\/2021\/01\/B0A60284-2269-4C2C-A07B-1A3188EE81A2-1233x1536.jpg 1233w, https:\/\/kanuusedom.de\/wp-content\/uploads\/2021\/01\/B0A60284-2269-4C2C-A07B-1A3188EE81A2-1027x1280.jpg 1027w\" sizes=\"100vw\" \/><\/li>\n                <li style=\"display: none; width: 100%;\" class=\"slide-382 ms-image \" aria-roledescription=\"slide\" data-date=\"2021-03-19 20:14:24\"><img loading=\"lazy\" decoding=\"async\" width=\"1440\" height=\"1800\" src=\"https:\/\/kanuusedom.de\/wp-content\/uploads\/2021\/01\/D3B7CE64-79D3-4B42-8139-D1C0C4380297.jpg\" class=\"slider-370 slide-382 msDefaultImage\" alt=\"\" rel=\"\" title=\"D3B7CE64-79D3-4B42-8139-D1C0C4380297\" style=\"margin: 0 auto; width: 45.714285714286%\" srcset=\"https:\/\/kanuusedom.de\/wp-content\/uploads\/2021\/01\/D3B7CE64-79D3-4B42-8139-D1C0C4380297.jpg 1440w, https:\/\/kanuusedom.de\/wp-content\/uploads\/2021\/01\/D3B7CE64-79D3-4B42-8139-D1C0C4380297-240x300.jpg 240w, https:\/\/kanuusedom.de\/wp-content\/uploads\/2021\/01\/D3B7CE64-79D3-4B42-8139-D1C0C4380297-819x1024.jpg 819w, https:\/\/kanuusedom.de\/wp-content\/uploads\/2021\/01\/D3B7CE64-79D3-4B42-8139-D1C0C4380297-768x960.jpg 768w, https:\/\/kanuusedom.de\/wp-content\/uploads\/2021\/01\/D3B7CE64-79D3-4B42-8139-D1C0C4380297-1229x1536.jpg 1229w, https:\/\/kanuusedom.de\/wp-content\/uploads\/2021\/01\/D3B7CE64-79D3-4B42-8139-D1C0C4380297-1024x1280.jpg 1024w\" sizes=\"100vw\" \/><\/li>\n                <li style=\"display: none; width: 100%;\" class=\"slide-383 ms-image \" aria-roledescription=\"slide\" data-date=\"2021-03-19 20:14:36\"><img loading=\"lazy\" decoding=\"async\" width=\"2560\" height=\"1920\" src=\"https:\/\/kanuusedom.de\/wp-content\/uploads\/2021\/01\/IMG_2242-scaled.jpg\" class=\"slider-370 slide-383 msDefaultImage\" alt=\"\" rel=\"\" title=\"IMG_2242\" style=\"margin: 0 auto; width: 76.190476190476%\" srcset=\"https:\/\/kanuusedom.de\/wp-content\/uploads\/2021\/01\/IMG_2242-scaled.jpg 2560w, https:\/\/kanuusedom.de\/wp-content\/uploads\/2021\/01\/IMG_2242-300x225.jpg 300w, https:\/\/kanuusedom.de\/wp-content\/uploads\/2021\/01\/IMG_2242-1024x768.jpg 1024w, https:\/\/kanuusedom.de\/wp-content\/uploads\/2021\/01\/IMG_2242-768x576.jpg 768w, https:\/\/kanuusedom.de\/wp-content\/uploads\/2021\/01\/IMG_2242-1536x1152.jpg 1536w, https:\/\/kanuusedom.de\/wp-content\/uploads\/2021\/01\/IMG_2242-2048x1536.jpg 2048w\" sizes=\"100vw\" \/><\/li>\n                <li style=\"display: none; width: 100%;\" class=\"slide-389 ms-image \" aria-roledescription=\"slide\" data-date=\"2021-03-19 20:22:40\"><img loading=\"lazy\" decoding=\"async\" width=\"1440\" height=\"1800\" src=\"https:\/\/kanuusedom.de\/wp-content\/uploads\/2021\/03\/0AAC628B-CE26-4D9C-8DA1-B108E733AEDA.jpg\" class=\"slider-370 slide-389 msDefaultImage\" alt=\"\" rel=\"\" title=\"0AAC628B-CE26-4D9C-8DA1-B108E733AEDA\" style=\"margin: 0 auto; width: 45.714285714286%\" srcset=\"https:\/\/kanuusedom.de\/wp-content\/uploads\/2021\/03\/0AAC628B-CE26-4D9C-8DA1-B108E733AEDA.jpg 1440w, https:\/\/kanuusedom.de\/wp-content\/uploads\/2021\/03\/0AAC628B-CE26-4D9C-8DA1-B108E733AEDA-240x300.jpg 240w, https:\/\/kanuusedom.de\/wp-content\/uploads\/2021\/03\/0AAC628B-CE26-4D9C-8DA1-B108E733AEDA-819x1024.jpg 819w, https:\/\/kanuusedom.de\/wp-content\/uploads\/2021\/03\/0AAC628B-CE26-4D9C-8DA1-B108E733AEDA-120x150.jpg 120w, https:\/\/kanuusedom.de\/wp-content\/uploads\/2021\/03\/0AAC628B-CE26-4D9C-8DA1-B108E733AEDA-768x960.jpg 768w, https:\/\/kanuusedom.de\/wp-content\/uploads\/2021\/03\/0AAC628B-CE26-4D9C-8DA1-B108E733AEDA-1229x1536.jpg 1229w, https:\/\/kanuusedom.de\/wp-content\/uploads\/2021\/03\/0AAC628B-CE26-4D9C-8DA1-B108E733AEDA-1024x1280.jpg 1024w\" sizes=\"100vw\" \/><\/li>\n                <li style=\"display: none; width: 100%;\" class=\"slide-390 ms-image \" aria-roledescription=\"slide\" data-date=\"2021-03-19 20:22:45\"><img loading=\"lazy\" decoding=\"async\" width=\"1440\" height=\"1800\" src=\"https:\/\/kanuusedom.de\/wp-content\/uploads\/2021\/03\/D22E18F6-CA34-4866-A20E-E04926D93DBD.jpg\" class=\"slider-370 slide-390 msDefaultImage\" alt=\"\" rel=\"\" title=\"D22E18F6-CA34-4866-A20E-E04926D93DBD\" style=\"margin: 0 auto; width: 45.714285714286%\" srcset=\"https:\/\/kanuusedom.de\/wp-content\/uploads\/2021\/03\/D22E18F6-CA34-4866-A20E-E04926D93DBD.jpg 1440w, https:\/\/kanuusedom.de\/wp-content\/uploads\/2021\/03\/D22E18F6-CA34-4866-A20E-E04926D93DBD-240x300.jpg 240w, https:\/\/kanuusedom.de\/wp-content\/uploads\/2021\/03\/D22E18F6-CA34-4866-A20E-E04926D93DBD-819x1024.jpg 819w, https:\/\/kanuusedom.de\/wp-content\/uploads\/2021\/03\/D22E18F6-CA34-4866-A20E-E04926D93DBD-120x150.jpg 120w, https:\/\/kanuusedom.de\/wp-content\/uploads\/2021\/03\/D22E18F6-CA34-4866-A20E-E04926D93DBD-768x960.jpg 768w, https:\/\/kanuusedom.de\/wp-content\/uploads\/2021\/03\/D22E18F6-CA34-4866-A20E-E04926D93DBD-1229x1536.jpg 1229w, https:\/\/kanuusedom.de\/wp-content\/uploads\/2021\/03\/D22E18F6-CA34-4866-A20E-E04926D93DBD-1024x1280.jpg 1024w\" sizes=\"100vw\" \/><\/li>\n                <li style=\"display: none; width: 100%;\" class=\"slide-391 ms-image \" aria-roledescription=\"slide\" data-date=\"2021-03-19 20:22:55\"><img loading=\"lazy\" decoding=\"async\" width=\"1920\" height=\"2560\" src=\"https:\/\/kanuusedom.de\/wp-content\/uploads\/2021\/03\/IMG_2891-scaled.jpg\" class=\"slider-370 slide-391 msDefaultImage\" alt=\"\" rel=\"\" title=\"IMG_2891\" style=\"margin: 0 auto; width: 42.857142857143%\" srcset=\"https:\/\/kanuusedom.de\/wp-content\/uploads\/2021\/03\/IMG_2891-scaled.jpg 1920w, https:\/\/kanuusedom.de\/wp-content\/uploads\/2021\/03\/IMG_2891-225x300.jpg 225w, https:\/\/kanuusedom.de\/wp-content\/uploads\/2021\/03\/IMG_2891-768x1024.jpg 768w, https:\/\/kanuusedom.de\/wp-content\/uploads\/2021\/03\/IMG_2891-113x150.jpg 113w, https:\/\/kanuusedom.de\/wp-content\/uploads\/2021\/03\/IMG_2891-1152x1536.jpg 1152w, https:\/\/kanuusedom.de\/wp-content\/uploads\/2021\/03\/IMG_2891-1536x2048.jpg 1536w, https:\/\/kanuusedom.de\/wp-content\/uploads\/2021\/03\/IMG_2891-960x1280.jpg 960w\" sizes=\"100vw\" \/><\/li>\n                <li style=\"display: none; width: 100%;\" class=\"slide-392 ms-image \" aria-roledescription=\"slide\" data-date=\"2021-03-19 20:23:01\"><img loading=\"lazy\" decoding=\"async\" width=\"1920\" height=\"2560\" src=\"https:\/\/kanuusedom.de\/wp-content\/uploads\/2021\/03\/IMG_2918-scaled.jpg\" class=\"slider-370 slide-392 msDefaultImage\" alt=\"\" rel=\"\" title=\"IMG_2918\" style=\"margin: 0 auto; width: 42.857142857143%\" srcset=\"https:\/\/kanuusedom.de\/wp-content\/uploads\/2021\/03\/IMG_2918-scaled.jpg 1920w, https:\/\/kanuusedom.de\/wp-content\/uploads\/2021\/03\/IMG_2918-225x300.jpg 225w, https:\/\/kanuusedom.de\/wp-content\/uploads\/2021\/03\/IMG_2918-768x1024.jpg 768w, https:\/\/kanuusedom.de\/wp-content\/uploads\/2021\/03\/IMG_2918-113x150.jpg 113w, https:\/\/kanuusedom.de\/wp-content\/uploads\/2021\/03\/IMG_2918-1152x1536.jpg 1152w, https:\/\/kanuusedom.de\/wp-content\/uploads\/2021\/03\/IMG_2918-1536x2048.jpg 1536w, https:\/\/kanuusedom.de\/wp-content\/uploads\/2021\/03\/IMG_2918-960x1280.jpg 960w\" sizes=\"100vw\" \/><\/li>\n            <\/ul>\n        <\/div>\n        \n    <\/div>\n<\/div>\n\n\n\n<p><\/p>\n","protected":false},"excerpt":{"rendered":"<p>Ist Usedom wirklich so flach wie immer alle behaupten, ich werden dir zeigen das es nicht so ist, wie es auf den ersten Blick scheint. Bei mir kommt der ambitionierte Fahrradfahrer\/in voll auf seine Kosten. Asphalt geh\u00f6rt nicht zu meinen bevorzugten Bel\u00e4gen, was aber f\u00fcr ein abenteuerliches Erlebnis sicher nicht von Nachteil sein wird.F\u00fcr die &hellip; <\/p>\n<p class=\"link-more\"><a href=\"https:\/\/kanuusedom.de\/?page_id=284\" class=\"more-link\">Mehr <span class=\"screen-reader-text\">\u00fcber &#8222;Usedom mit dem Fahrrad entdecken&#8220; <\/span>Lesen<\/a><\/p>\n","protected":false},"author":1,"featured_media":0,"parent":0,"menu_order":0,"comment_status":"closed","ping_status":"closed","template":"","meta":{"footnotes":""},"class_list":["post-284","page","type-page","status-publish","hentry"],"featured_media_urls":[],"_links":{"self":[{"href":"https:\/\/kanuusedom.de\/index.php?rest_route=\/wp\/v2\/pages\/284","targetHints":{"allow":["GET"]}}],"collection":[{"href":"https:\/\/kanuusedom.de\/index.php?rest_route=\/wp\/v2\/pages"}],"about":[{"href":"https:\/\/kanuusedom.de\/index.php?rest_route=\/wp\/v2\/types\/page"}],"author":[{"embeddable":true,"href":"https:\/\/kanuusedom.de\/index.php?rest_route=\/wp\/v2\/users\/1"}],"replies":[{"embeddable":true,"href":"https:\/\/kanuusedom.de\/index.php?rest_route=%2Fwp%2Fv2%2Fcomments&post=284"}],"version-history":[{"count":9,"href":"https:\/\/kanuusedom.de\/index.php?rest_route=\/wp\/v2\/pages\/284\/revisions"}],"predecessor-version":[{"id":483,"href":"https:\/\/kanuusedom.de\/index.php?rest_route=\/wp\/v2\/pages\/284\/revisions\/483"}],"wp:attachment":[{"href":"https:\/\/kanuusedom.de\/index.php?rest_route=%2Fwp%2Fv2%2Fmedia&parent=284"}],"curies":[{"name":"wp","href":"https:\/\/api.w.org\/{rel}","templated":true}]}}