{"id":318,"date":"2021-01-13T14:53:49","date_gmt":"2021-01-13T14:53:49","guid":{"rendered":"https:\/\/kanuusedom.de\/?page_id=318"},"modified":"2025-08-30T07:39:06","modified_gmt":"2025-08-30T07:39:06","slug":"318-2","status":"publish","type":"page","link":"https:\/\/kanuusedom.de\/","title":{"rendered":"Willkommen bei"},"content":{"rendered":"<div class=\"initial-letter\">\n<figure class=\"wp-block-image aligncenter size-full is-style-rounded\"><img fetchpriority=\"high\" decoding=\"async\" width=\"896\" height=\"250\" src=\"http:\/\/kanuusedom.de\/wp-content\/uploads\/2021\/01\/cropped-cropped-ou_logo_2.png\" alt=\"\" class=\"wp-image-411\" srcset=\"https:\/\/kanuusedom.de\/wp-content\/uploads\/2021\/01\/cropped-cropped-ou_logo_2.png 896w, https:\/\/kanuusedom.de\/wp-content\/uploads\/2021\/01\/cropped-cropped-ou_logo_2-300x84.png 300w, https:\/\/kanuusedom.de\/wp-content\/uploads\/2021\/01\/cropped-cropped-ou_logo_2-150x42.png 150w, https:\/\/kanuusedom.de\/wp-content\/uploads\/2021\/01\/cropped-cropped-ou_logo_2-768x214.png 768w\" sizes=\"(max-width: 896px) 100vw, 896px\" \/><\/figure>\n\n\n\n<h3 class=\"wp-block-heading has-text-align-center\">Gravelbikeverleih und Gravelbiketouren &#8211; Kajakverleih &#8211; Bernsteinnachtwanderungen &#8211; Piratenschatzsuche &#8211; Elektroboottouren &#8211; SUP Board Verleih<\/h3>\n\n\n\n<p style=\"font-size:clamp(14px, 0.875rem + ((1vw - 3.2px) * 0.354), 18px);\">Outdoor Usedom hat sich vorgenommen den G\u00e4sten und den Bewohnern der Insel Usedom, fantastische Naturerlebnisse zu pr\u00e4sentieren oder besser gesagt jeden einzelnen von euch w\u00e4hrend der Touren ein Teil von der Natur werden zu lassen. Egal ob mit dem Rad, zu Fu\u00df oder auf dem Wasser, hier ist f\u00fcr jeden Outdoor -und Naturliebhaber was dabei. Ich arbeite bei meinen Aktivit\u00e4ten mit Muskelkraft oder wenn ein Motor ben\u00f6tigt wird, greife ich auf E-Mobilit\u00e4t zur\u00fcck. Was gibt es sch\u00f6neres als seine Hobbys zum Beruf zu machen und noch aufregender f\u00fcr mich ist es diese mit euch zu teile.<\/p>\n\n\n\n<figure class=\"wp-block-image alignwide size-full is-style-default\"><img decoding=\"async\" width=\"2560\" height=\"1741\" src=\"https:\/\/kanuusedom.de\/wp-content\/uploads\/2022\/04\/TMH00463-scaled.jpg\" alt=\"\" class=\"wp-image-636\" srcset=\"https:\/\/kanuusedom.de\/wp-content\/uploads\/2022\/04\/TMH00463-scaled.jpg 2560w, https:\/\/kanuusedom.de\/wp-content\/uploads\/2022\/04\/TMH00463-300x204.jpg 300w, https:\/\/kanuusedom.de\/wp-content\/uploads\/2022\/04\/TMH00463-1024x696.jpg 1024w, https:\/\/kanuusedom.de\/wp-content\/uploads\/2022\/04\/TMH00463-150x102.jpg 150w, https:\/\/kanuusedom.de\/wp-content\/uploads\/2022\/04\/TMH00463-768x522.jpg 768w, https:\/\/kanuusedom.de\/wp-content\/uploads\/2022\/04\/TMH00463-1536x1045.jpg 1536w, https:\/\/kanuusedom.de\/wp-content\/uploads\/2022\/04\/TMH00463-2048x1393.jpg 2048w, https:\/\/kanuusedom.de\/wp-content\/uploads\/2022\/04\/TMH00463-1280x870.jpg 1280w\" sizes=\"(max-width: 2560px) 100vw, 2560px\" \/><\/figure>\n\n\n\n<p style=\"font-size:clamp(14px, 0.875rem + ((1vw - 3.2px) * 0.354), 18px);\">St\u00f6bert einfach die Angebote durch, in den Erlebnissen findet ihr alle wichtigen Informationen, buchen k\u00f6nnt ihr entweder per WhatsApp oder E-Mail.<\/p>\n\n\n\n<p style=\"font-size:clamp(14px, 0.875rem + ((1vw - 3.2px) * 0.354), 18px);\">Vielen Dank und hoffentlich bis bald<\/p>\n\n\n\n<p style=\"font-size:clamp(14px, 0.875rem + ((1vw - 3.2px) * 0.354), 18px);\">Thomas von Outdoor-Usedom<\/p>\n\n\n\n<h3 style=\"text-align: center;\"><span style=\"color: #000000;\"><strong>Partner<\/strong><\/span><\/h3>\n<table style=\"width: 100%; border-collapse: collapse; margin-left: auto; margin-right: auto;\" border=\"0\">\n<tbody>\n<tr>\n<td style=\"width: 16.666666666666668%; text-align: center;\"><a href=\"https:\/\/www.wheelsports.de\/\" target=\"_blank\" rel=\"noopener\"><img decoding=\"async\" src=\"http:\/\/kanuusedom.de\/wp-content\/uploads\/2021\/12\/wheelssportlogo1.png\" alt=\"Wheelsports Logo\" width=\"150\" height=\"133\"><\/a><\/td>\n<td style=\"width: 16.666666666666668%;\"><a href=\"https:\/\/www.schwalbe.com\/\" target=\"_blank\" rel=\"noopener\"><img loading=\"lazy\" decoding=\"async\" style=\"display: block; margin-left: auto; margin-right: auto;\" src=\"http:\/\/kanuusedom.de\/wp-content\/uploads\/2023\/06\/Schwalbe_Small_1_Sky.jpg\" alt=\"Schwalbe Logo\" width=\"150\" height=\"71\"><\/a><\/td>\n<td style=\"width: 16.666666666666668%;\"><a href=\"https:\/\/naturhafen.de\/\" target=\"_blank\" rel=\"noopener\"><img loading=\"lazy\" decoding=\"async\" style=\"display: block; margin-left: auto; margin-right: auto;\" src=\"http:\/\/kanuusedom.de\/wp-content\/uploads\/2021\/01\/hafenlogo-e1639088516637.png\" alt=\"Naturhafen Logo\" width=\"150\" height=\"133\"><\/a><\/td>\n<\/tr>\n<\/tbody>\n<\/table>\n<\/div>","protected":false},"excerpt":{"rendered":"<p>Gravelbikeverleih und Gravelbiketouren &#8211; Kajakverleih &#8211; Bernsteinnachtwanderungen &#8211; Piratenschatzsuche &#8211; Elektroboottouren &#8211; SUP Board Verleih Outdoor Usedom hat sich vorgenommen den G\u00e4sten und den Bewohnern der Insel Usedom, fantastische Naturerlebnisse zu pr\u00e4sentieren oder besser gesagt jeden einzelnen von euch w\u00e4hrend der Touren ein Teil von der Natur werden zu lassen. Egal ob mit dem Rad, &hellip; <\/p>\n<p class=\"link-more\"><a href=\"https:\/\/kanuusedom.de\/\" class=\"more-link\">Mehr <span class=\"screen-reader-text\">\u00fcber &#8222;Willkommen bei&#8220; <\/span>Lesen<\/a><\/p>\n","protected":false},"author":1,"featured_media":0,"parent":0,"menu_order":0,"comment_status":"closed","ping_status":"closed","template":"","meta":{"footnotes":""},"class_list":["post-318","page","type-page","status-publish","hentry"],"featured_media_urls":[],"_links":{"self":[{"href":"https:\/\/kanuusedom.de\/index.php?rest_route=\/wp\/v2\/pages\/318","targetHints":{"allow":["GET"]}}],"collection":[{"href":"https:\/\/kanuusedom.de\/index.php?rest_route=\/wp\/v2\/pages"}],"about":[{"href":"https:\/\/kanuusedom.de\/index.php?rest_route=\/wp\/v2\/types\/page"}],"author":[{"embeddable":true,"href":"https:\/\/kanuusedom.de\/index.php?rest_route=\/wp\/v2\/users\/1"}],"replies":[{"embeddable":true,"href":"https:\/\/kanuusedom.de\/index.php?rest_route=%2Fwp%2Fv2%2Fcomments&post=318"}],"version-history":[{"count":17,"href":"https:\/\/kanuusedom.de\/index.php?rest_route=\/wp\/v2\/pages\/318\/revisions"}],"predecessor-version":[{"id":1055,"href":"https:\/\/kanuusedom.de\/index.php?rest_route=\/wp\/v2\/pages\/318\/revisions\/1055"}],"wp:attachment":[{"href":"https:\/\/kanuusedom.de\/index.php?rest_route=%2Fwp%2Fv2%2Fmedia&parent=318"}],"curies":[{"name":"wp","href":"https:\/\/api.w.org\/{rel}","templated":true}]}}