{"id":420,"date":"2021-05-05T15:28:25","date_gmt":"2021-05-05T15:28:25","guid":{"rendered":"https:\/\/kanuusedom.de\/?page_id=420"},"modified":"2021-06-04T12:07:00","modified_gmt":"2021-06-04T12:07:00","slug":"zweibruecken","status":"publish","type":"page","link":"https:\/\/kanuusedom.de\/?page_id=420","title":{"rendered":"#ZweiBr\u00fccken"},"content":{"rendered":"\n<p class=\"has-drop-cap\">Bei dieser Fahrradtour werden beide Br\u00fccken, die Usedom mit dem Festland verbinden, \u00fcberquert. Wie alle unsere Touren kann auch diese individuell angepasst werden was Terrain und Gesamtstrecke angeht. Hier variiert die L\u00e4nge zwischen 70 und 100 Kilometer, die aber ganz entspannt zur\u00fcckgelegt werden. Es gibt immer ausreichend Zeit f\u00fcr ein Foto und der obligatorischen Kaffee &#8211; und Kuchenpause. <\/p>\n\n\n\n<figure class=\"wp-block-image size-large\"><img fetchpriority=\"high\" decoding=\"async\" width=\"819\" height=\"1024\" src=\"http:\/\/kanuusedom.de\/wp-content\/uploads\/2021\/05\/97BB94F6-B56B-4129-AC5F-1CCC3A5C6672-819x1024.jpg\" alt=\"\" class=\"wp-image-417\" srcset=\"https:\/\/kanuusedom.de\/wp-content\/uploads\/2021\/05\/97BB94F6-B56B-4129-AC5F-1CCC3A5C6672-819x1024.jpg 819w, https:\/\/kanuusedom.de\/wp-content\/uploads\/2021\/05\/97BB94F6-B56B-4129-AC5F-1CCC3A5C6672-240x300.jpg 240w, https:\/\/kanuusedom.de\/wp-content\/uploads\/2021\/05\/97BB94F6-B56B-4129-AC5F-1CCC3A5C6672-120x150.jpg 120w, https:\/\/kanuusedom.de\/wp-content\/uploads\/2021\/05\/97BB94F6-B56B-4129-AC5F-1CCC3A5C6672-768x960.jpg 768w, https:\/\/kanuusedom.de\/wp-content\/uploads\/2021\/05\/97BB94F6-B56B-4129-AC5F-1CCC3A5C6672-1229x1536.jpg 1229w, https:\/\/kanuusedom.de\/wp-content\/uploads\/2021\/05\/97BB94F6-B56B-4129-AC5F-1CCC3A5C6672-1024x1280.jpg 1024w, https:\/\/kanuusedom.de\/wp-content\/uploads\/2021\/05\/97BB94F6-B56B-4129-AC5F-1CCC3A5C6672.jpg 1440w\" sizes=\"(max-width: 819px) 100vw, 819px\" \/><\/figure>\n\n\n\n<p>Die Insel und auch das Festland was ihr bei dieser Tour zu sehen bekommt, ist im Gegensatz zu den ostseenahen Regionen auch im Sommer nicht so \u00fcberlaufen, was aber nicht von Nachteil sein wird. Wir haben die Tour schon mehrfach getestet und finden immer noch einen Weg, den wir noch nicht ausprobiert haben. Also ab aufs Rad und in die Pedale getreten&#8230;&#8230;.<\/p>\n\n\n\n<figure class=\"wp-block-image size-large\"><img decoding=\"async\" width=\"819\" height=\"1024\" src=\"http:\/\/kanuusedom.de\/wp-content\/uploads\/2021\/05\/0C4FCD16-894E-425D-B761-42C9D5B74110-819x1024.jpg\" alt=\"\" class=\"wp-image-416\" srcset=\"https:\/\/kanuusedom.de\/wp-content\/uploads\/2021\/05\/0C4FCD16-894E-425D-B761-42C9D5B74110-819x1024.jpg 819w, https:\/\/kanuusedom.de\/wp-content\/uploads\/2021\/05\/0C4FCD16-894E-425D-B761-42C9D5B74110-240x300.jpg 240w, https:\/\/kanuusedom.de\/wp-content\/uploads\/2021\/05\/0C4FCD16-894E-425D-B761-42C9D5B74110-120x150.jpg 120w, https:\/\/kanuusedom.de\/wp-content\/uploads\/2021\/05\/0C4FCD16-894E-425D-B761-42C9D5B74110-768x960.jpg 768w, https:\/\/kanuusedom.de\/wp-content\/uploads\/2021\/05\/0C4FCD16-894E-425D-B761-42C9D5B74110-1229x1536.jpg 1229w, https:\/\/kanuusedom.de\/wp-content\/uploads\/2021\/05\/0C4FCD16-894E-425D-B761-42C9D5B74110-1024x1280.jpg 1024w, https:\/\/kanuusedom.de\/wp-content\/uploads\/2021\/05\/0C4FCD16-894E-425D-B761-42C9D5B74110.jpg 1440w\" sizes=\"(max-width: 819px) 100vw, 819px\" \/><\/figure>\n\n\n\n<p class=\"has-medium-font-size\"><strong>Dauer je nach Strecke 5-7 Stunden<\/strong><\/p>\n\n\n\n<p class=\"has-medium-font-size\"><strong>Max Teilnehmer 8 Personen<\/strong><\/p>\n\n\n\n<p class=\"has-medium-font-size\"><strong>Preis ab 18 Euro<\/strong><\/p>\n\n\n<iframe height=\"650px\" width=\"100%\" src=\"https:\/\/kalender.digital\/153bd72b457a21000069?wp_iframe=true\" style=\"border:0\"><\/iframe>\n","protected":false},"excerpt":{"rendered":"<p>Bei dieser Fahrradtour werden beide Br\u00fccken, die Usedom mit dem Festland verbinden, \u00fcberquert. Wie alle unsere Touren kann auch diese individuell angepasst werden was Terrain und Gesamtstrecke angeht. Hier variiert die L\u00e4nge zwischen 70 und 100 Kilometer, die aber ganz entspannt zur\u00fcckgelegt werden. Es gibt immer ausreichend Zeit f\u00fcr ein Foto und der obligatorischen Kaffee &hellip; <\/p>\n<p class=\"link-more\"><a href=\"https:\/\/kanuusedom.de\/?page_id=420\" class=\"more-link\">Mehr <span class=\"screen-reader-text\">\u00fcber &#8222;#ZweiBr\u00fccken&#8220; <\/span>Lesen<\/a><\/p>\n","protected":false},"author":1,"featured_media":0,"parent":0,"menu_order":0,"comment_status":"closed","ping_status":"closed","template":"","meta":{"footnotes":""},"class_list":["post-420","page","type-page","status-publish","hentry"],"featured_media_urls":[],"_links":{"self":[{"href":"https:\/\/kanuusedom.de\/index.php?rest_route=\/wp\/v2\/pages\/420","targetHints":{"allow":["GET"]}}],"collection":[{"href":"https:\/\/kanuusedom.de\/index.php?rest_route=\/wp\/v2\/pages"}],"about":[{"href":"https:\/\/kanuusedom.de\/index.php?rest_route=\/wp\/v2\/types\/page"}],"author":[{"embeddable":true,"href":"https:\/\/kanuusedom.de\/index.php?rest_route=\/wp\/v2\/users\/1"}],"replies":[{"embeddable":true,"href":"https:\/\/kanuusedom.de\/index.php?rest_route=%2Fwp%2Fv2%2Fcomments&post=420"}],"version-history":[{"count":3,"href":"https:\/\/kanuusedom.de\/index.php?rest_route=\/wp\/v2\/pages\/420\/revisions"}],"predecessor-version":[{"id":448,"href":"https:\/\/kanuusedom.de\/index.php?rest_route=\/wp\/v2\/pages\/420\/revisions\/448"}],"wp:attachment":[{"href":"https:\/\/kanuusedom.de\/index.php?rest_route=%2Fwp%2Fv2%2Fmedia&parent=420"}],"curies":[{"name":"wp","href":"https:\/\/api.w.org\/{rel}","templated":true}]}}