{"id":426,"date":"2021-06-02T09:19:16","date_gmt":"2021-06-02T09:19:16","guid":{"rendered":"https:\/\/kanuusedom.de\/?page_id=426"},"modified":"2021-06-04T12:03:50","modified_gmt":"2021-06-04T12:03:50","slug":"usedom-nordtour","status":"publish","type":"page","link":"https:\/\/kanuusedom.de\/?page_id=426","title":{"rendered":"#Usedom Nordtour"},"content":{"rendered":"\n<p class=\"has-drop-cap\">Bei dieser Tour wird der n\u00f6rdliche Teil der Insel Usedom erforscht. Zu den Highlights geh\u00f6ren: die S\u00fcdspitze Gnitz, der Deich von Zinnowitz nach L\u00fctow, der Ochsenberg, die Halbinsel Peenem\u00fcnde und der Strand von Peenem\u00fcnde nach Karlshagen um nur eine kleine Auswahl an Einzelabschnitten zu erw\u00e4hnen.<\/p>\n\n\n\n<figure class=\"wp-block-image size-large\"><img fetchpriority=\"high\" decoding=\"async\" width=\"1024\" height=\"768\" src=\"https:\/\/kanuusedom.de\/wp-content\/uploads\/2021\/06\/IMG_2231-3-1024x768.jpg\" alt=\"\" class=\"wp-image-427\" srcset=\"https:\/\/kanuusedom.de\/wp-content\/uploads\/2021\/06\/IMG_2231-3-1024x768.jpg 1024w, https:\/\/kanuusedom.de\/wp-content\/uploads\/2021\/06\/IMG_2231-3-300x225.jpg 300w, https:\/\/kanuusedom.de\/wp-content\/uploads\/2021\/06\/IMG_2231-3-150x113.jpg 150w, https:\/\/kanuusedom.de\/wp-content\/uploads\/2021\/06\/IMG_2231-3-768x576.jpg 768w, https:\/\/kanuusedom.de\/wp-content\/uploads\/2021\/06\/IMG_2231-3-1536x1152.jpg 1536w, https:\/\/kanuusedom.de\/wp-content\/uploads\/2021\/06\/IMG_2231-3-2048x1536.jpg 2048w, https:\/\/kanuusedom.de\/wp-content\/uploads\/2021\/06\/IMG_2231-3-1280x960.jpg 1280w\" sizes=\"(max-width: 1024px) 100vw, 1024px\" \/><\/figure>\n\n\n\n<p>Das Streckenprofil dieser Tour beinhaltet sehr viele off-road Elemente, deshalb sollte ein gewisses K\u00f6nnen und eine gute Fitness vorhanden sein. Das ideale Rad hierf\u00fcr ist ein MTB (Hardtail), Gravelbike oder ein Treckingbike. Aber keine Angst unsere Touren m\u00f6gen zwar etwas anspruchsvoller sein, sie sind aber keine Rennen und sollen in erster Linie ein Erlebnis sein.<\/p>\n\n\n\n<figure class=\"wp-block-image size-large\"><img decoding=\"async\" width=\"1024\" height=\"768\" src=\"http:\/\/kanuusedom.de\/wp-content\/uploads\/2021\/06\/IMG_3572-1024x768.jpg\" alt=\"\" class=\"wp-image-431\" srcset=\"https:\/\/kanuusedom.de\/wp-content\/uploads\/2021\/06\/IMG_3572-1024x768.jpg 1024w, https:\/\/kanuusedom.de\/wp-content\/uploads\/2021\/06\/IMG_3572-300x225.jpg 300w, https:\/\/kanuusedom.de\/wp-content\/uploads\/2021\/06\/IMG_3572-150x113.jpg 150w, https:\/\/kanuusedom.de\/wp-content\/uploads\/2021\/06\/IMG_3572-768x576.jpg 768w, https:\/\/kanuusedom.de\/wp-content\/uploads\/2021\/06\/IMG_3572-1536x1152.jpg 1536w, https:\/\/kanuusedom.de\/wp-content\/uploads\/2021\/06\/IMG_3572-2048x1536.jpg 2048w, https:\/\/kanuusedom.de\/wp-content\/uploads\/2021\/06\/IMG_3572-1280x960.jpg 1280w\" sizes=\"(max-width: 1024px) 100vw, 1024px\" \/><\/figure>\n\n\n\n<p>Die L\u00e4nge der Tour ist wie bei allen unseren Touren individuell anpassbar, von 50-80 KM. Der obligatorische Stopp f\u00fcr ein Getr\u00e4nk und einen kleinen Imbiss geh\u00f6rt nat\u00fcrlich immer mit dazu. <\/p>\n\n\n\n<figure class=\"wp-block-image size-large\"><img decoding=\"async\" width=\"810\" height=\"1024\" src=\"https:\/\/kanuusedom.de\/wp-content\/uploads\/2021\/06\/IMG_7B83985A39A8-1-810x1024.jpeg\" alt=\"\" class=\"wp-image-432\" srcset=\"https:\/\/kanuusedom.de\/wp-content\/uploads\/2021\/06\/IMG_7B83985A39A8-1-810x1024.jpeg 810w, https:\/\/kanuusedom.de\/wp-content\/uploads\/2021\/06\/IMG_7B83985A39A8-1-237x300.jpeg 237w, https:\/\/kanuusedom.de\/wp-content\/uploads\/2021\/06\/IMG_7B83985A39A8-1-119x150.jpeg 119w, https:\/\/kanuusedom.de\/wp-content\/uploads\/2021\/06\/IMG_7B83985A39A8-1-768x971.jpeg 768w, https:\/\/kanuusedom.de\/wp-content\/uploads\/2021\/06\/IMG_7B83985A39A8-1.jpeg 960w\" sizes=\"(max-width: 810px) 100vw, 810px\" \/><\/figure>\n\n\n\n<p><strong>Dauer je nach Strecke 5-7 Stunden<\/strong><\/p>\n\n\n\n<p><strong>Max Teilnehmer 8 Personen<\/strong><\/p>\n\n\n\n<p><strong>Preis ab 18 Euro<\/strong><\/p>\n\n\n<iframe height=\"650px\" width=\"100%\" src=\"https:\/\/kalender.digital\/153bd72b457a21000069?wp_iframe=true\" style=\"border:0\"><\/iframe>\n","protected":false},"excerpt":{"rendered":"<p>Bei dieser Tour wird der n\u00f6rdliche Teil der Insel Usedom erforscht. Zu den Highlights geh\u00f6ren: die S\u00fcdspitze Gnitz, der Deich von Zinnowitz nach L\u00fctow, der Ochsenberg, die Halbinsel Peenem\u00fcnde und der Strand von Peenem\u00fcnde nach Karlshagen um nur eine kleine Auswahl an Einzelabschnitten zu erw\u00e4hnen. Das Streckenprofil dieser Tour beinhaltet sehr viele off-road Elemente, deshalb &hellip; <\/p>\n<p class=\"link-more\"><a href=\"https:\/\/kanuusedom.de\/?page_id=426\" class=\"more-link\">Mehr <span class=\"screen-reader-text\">\u00fcber &#8222;#Usedom Nordtour&#8220; <\/span>Lesen<\/a><\/p>\n","protected":false},"author":1,"featured_media":0,"parent":0,"menu_order":0,"comment_status":"closed","ping_status":"closed","template":"","meta":{"footnotes":""},"class_list":["post-426","page","type-page","status-publish","hentry"],"featured_media_urls":[],"_links":{"self":[{"href":"https:\/\/kanuusedom.de\/index.php?rest_route=\/wp\/v2\/pages\/426","targetHints":{"allow":["GET"]}}],"collection":[{"href":"https:\/\/kanuusedom.de\/index.php?rest_route=\/wp\/v2\/pages"}],"about":[{"href":"https:\/\/kanuusedom.de\/index.php?rest_route=\/wp\/v2\/types\/page"}],"author":[{"embeddable":true,"href":"https:\/\/kanuusedom.de\/index.php?rest_route=\/wp\/v2\/users\/1"}],"replies":[{"embeddable":true,"href":"https:\/\/kanuusedom.de\/index.php?rest_route=%2Fwp%2Fv2%2Fcomments&post=426"}],"version-history":[{"count":3,"href":"https:\/\/kanuusedom.de\/index.php?rest_route=\/wp\/v2\/pages\/426\/revisions"}],"predecessor-version":[{"id":446,"href":"https:\/\/kanuusedom.de\/index.php?rest_route=\/wp\/v2\/pages\/426\/revisions\/446"}],"wp:attachment":[{"href":"https:\/\/kanuusedom.de\/index.php?rest_route=%2Fwp%2Fv2%2Fmedia&parent=426"}],"curies":[{"name":"wp","href":"https:\/\/api.w.org\/{rel}","templated":true}]}}