{"id":436,"date":"2021-06-04T11:13:35","date_gmt":"2021-06-04T11:13:35","guid":{"rendered":"https:\/\/kanuusedom.de\/?page_id=436"},"modified":"2021-06-04T12:00:00","modified_gmt":"2021-06-04T12:00:00","slug":"col-du-jungfernberg","status":"publish","type":"page","link":"https:\/\/kanuusedom.de\/?page_id=436","title":{"rendered":"#Col du Jungfernberg"},"content":{"rendered":"\n<p class=\"has-drop-cap\">Auf dieser Etappe in den Lieper Winkel erwartet euch Natur pur und der Aufstieg zum Jungfernberg. Am Gipfelkreuz angekommen habt ihr einen fantastischen Rundblick \u00fcber die Halbinsel. <\/p>\n\n\n\n<figure class=\"wp-block-image size-large\"><img fetchpriority=\"high\" decoding=\"async\" width=\"1024\" height=\"576\" src=\"https:\/\/kanuusedom.de\/wp-content\/uploads\/2021\/06\/IMG_3626-1024x576.jpg\" alt=\"\" class=\"wp-image-437\" srcset=\"https:\/\/kanuusedom.de\/wp-content\/uploads\/2021\/06\/IMG_3626-1024x576.jpg 1024w, https:\/\/kanuusedom.de\/wp-content\/uploads\/2021\/06\/IMG_3626-300x169.jpg 300w, https:\/\/kanuusedom.de\/wp-content\/uploads\/2021\/06\/IMG_3626-150x84.jpg 150w, https:\/\/kanuusedom.de\/wp-content\/uploads\/2021\/06\/IMG_3626-768x432.jpg 768w, https:\/\/kanuusedom.de\/wp-content\/uploads\/2021\/06\/IMG_3626-1536x864.jpg 1536w, https:\/\/kanuusedom.de\/wp-content\/uploads\/2021\/06\/IMG_3626-2048x1152.jpg 2048w, https:\/\/kanuusedom.de\/wp-content\/uploads\/2021\/06\/IMG_3626-1280x720.jpg 1280w\" sizes=\"(max-width: 1024px) 100vw, 1024px\" \/><\/figure>\n\n\n\n<p>Dieser Teil der Insel ist auch im Sommer eher ruhig. Hier k\u00f6nnt ihr Natur pur und Ruhe genie\u00dfen, es geht entlang am Deich mit sch\u00f6nen kleinen D\u00f6rfern und H\u00e4fen einmal rum um die Halbinsel. <\/p>\n\n\n\n<figure class=\"wp-block-image size-large\"><img decoding=\"async\" width=\"1024\" height=\"1024\" src=\"https:\/\/kanuusedom.de\/wp-content\/uploads\/2021\/06\/83F734B6-8FBD-4664-B498-70E142E97013-1024x1024.jpg\" alt=\"\" class=\"wp-image-438\" srcset=\"https:\/\/kanuusedom.de\/wp-content\/uploads\/2021\/06\/83F734B6-8FBD-4664-B498-70E142E97013-1024x1024.jpg 1024w, https:\/\/kanuusedom.de\/wp-content\/uploads\/2021\/06\/83F734B6-8FBD-4664-B498-70E142E97013-300x300.jpg 300w, https:\/\/kanuusedom.de\/wp-content\/uploads\/2021\/06\/83F734B6-8FBD-4664-B498-70E142E97013-150x150.jpg 150w, https:\/\/kanuusedom.de\/wp-content\/uploads\/2021\/06\/83F734B6-8FBD-4664-B498-70E142E97013-768x768.jpg 768w, https:\/\/kanuusedom.de\/wp-content\/uploads\/2021\/06\/83F734B6-8FBD-4664-B498-70E142E97013-1536x1536.jpg 1536w, https:\/\/kanuusedom.de\/wp-content\/uploads\/2021\/06\/83F734B6-8FBD-4664-B498-70E142E97013.jpg 2048w, https:\/\/kanuusedom.de\/wp-content\/uploads\/2021\/06\/83F734B6-8FBD-4664-B498-70E142E97013-1280x1280.jpg 1280w\" sizes=\"(max-width: 1024px) 100vw, 1024px\" \/><\/figure>\n\n\n\n<p>Das Streckenprofil dieser Tour beinhaltet sehr viele off-road Elemente, deshalb sollte ein gewisses K\u00f6nnen und eine gute Fitness vorhanden sein. Das ideale Rad hierf\u00fcr ist ein MTB (Hardtail), Gravelbike oder ein Treckingbike. Aber keine Angst unsere Touren m\u00f6gen zwar etwas anspruchsvoller sein, sie sind aber keine Rennen und sollen in erster Linie ein Erlebnis sein. Schaut euch die Bilder an, ihr werdet f\u00fcr eure Anstrengung mit Leib und Seele verw\u00f6hnt. <\/p>\n\n\n\n<figure class=\"wp-block-image size-large\"><img decoding=\"async\" width=\"1024\" height=\"1024\" src=\"https:\/\/kanuusedom.de\/wp-content\/uploads\/2021\/06\/30660A09-20E7-4C11-A3DF-A2554FC9F421-1024x1024.jpg\" alt=\"\" class=\"wp-image-439\" srcset=\"https:\/\/kanuusedom.de\/wp-content\/uploads\/2021\/06\/30660A09-20E7-4C11-A3DF-A2554FC9F421-1024x1024.jpg 1024w, https:\/\/kanuusedom.de\/wp-content\/uploads\/2021\/06\/30660A09-20E7-4C11-A3DF-A2554FC9F421-300x300.jpg 300w, https:\/\/kanuusedom.de\/wp-content\/uploads\/2021\/06\/30660A09-20E7-4C11-A3DF-A2554FC9F421-150x150.jpg 150w, https:\/\/kanuusedom.de\/wp-content\/uploads\/2021\/06\/30660A09-20E7-4C11-A3DF-A2554FC9F421-768x768.jpg 768w, https:\/\/kanuusedom.de\/wp-content\/uploads\/2021\/06\/30660A09-20E7-4C11-A3DF-A2554FC9F421-1536x1536.jpg 1536w, https:\/\/kanuusedom.de\/wp-content\/uploads\/2021\/06\/30660A09-20E7-4C11-A3DF-A2554FC9F421.jpg 2048w, https:\/\/kanuusedom.de\/wp-content\/uploads\/2021\/06\/30660A09-20E7-4C11-A3DF-A2554FC9F421-1280x1280.jpg 1280w\" sizes=\"(max-width: 1024px) 100vw, 1024px\" \/><\/figure>\n\n\n\n<p>Die L\u00e4nge der Tour ist wie bei allen unseren Touren individuell anpassbar von 50-100 KM. Der obligatorische Stopp f\u00fcr ein Getr\u00e4nk und einen kleinen Imbiss geh\u00f6rt nat\u00fcrlich immer dazu.<\/p>\n\n\n\n<p><strong>Dauer je nach Strecke 5-7 Stunden<\/strong><\/p>\n\n\n\n<p><strong>Max Teilnehmer 8 Personen<\/strong><\/p>\n\n\n\n<p><strong>Preis ab 18 Euro<\/strong><\/p>\n\n\n<iframe height=\"650px\" width=\"100%\" src=\"https:\/\/kalender.digital\/153bd72b457a21000069?wp_iframe=true\" style=\"border:0\"><\/iframe>\n","protected":false},"excerpt":{"rendered":"<p>Auf dieser Etappe in den Lieper Winkel erwartet euch Natur pur und der Aufstieg zum Jungfernberg. Am Gipfelkreuz angekommen habt ihr einen fantastischen Rundblick \u00fcber die Halbinsel. Dieser Teil der Insel ist auch im Sommer eher ruhig. Hier k\u00f6nnt ihr Natur pur und Ruhe genie\u00dfen, es geht entlang am Deich mit sch\u00f6nen kleinen D\u00f6rfern und &hellip; <\/p>\n<p class=\"link-more\"><a href=\"https:\/\/kanuusedom.de\/?page_id=436\" class=\"more-link\">Mehr <span class=\"screen-reader-text\">\u00fcber &#8222;#Col du Jungfernberg&#8220; <\/span>Lesen<\/a><\/p>\n","protected":false},"author":1,"featured_media":0,"parent":0,"menu_order":0,"comment_status":"closed","ping_status":"closed","template":"","meta":{"footnotes":""},"class_list":["post-436","page","type-page","status-publish","hentry"],"featured_media_urls":[],"_links":{"self":[{"href":"https:\/\/kanuusedom.de\/index.php?rest_route=\/wp\/v2\/pages\/436","targetHints":{"allow":["GET"]}}],"collection":[{"href":"https:\/\/kanuusedom.de\/index.php?rest_route=\/wp\/v2\/pages"}],"about":[{"href":"https:\/\/kanuusedom.de\/index.php?rest_route=\/wp\/v2\/types\/page"}],"author":[{"embeddable":true,"href":"https:\/\/kanuusedom.de\/index.php?rest_route=\/wp\/v2\/users\/1"}],"replies":[{"embeddable":true,"href":"https:\/\/kanuusedom.de\/index.php?rest_route=%2Fwp%2Fv2%2Fcomments&post=436"}],"version-history":[{"count":3,"href":"https:\/\/kanuusedom.de\/index.php?rest_route=\/wp\/v2\/pages\/436\/revisions"}],"predecessor-version":[{"id":444,"href":"https:\/\/kanuusedom.de\/index.php?rest_route=\/wp\/v2\/pages\/436\/revisions\/444"}],"wp:attachment":[{"href":"https:\/\/kanuusedom.de\/index.php?rest_route=%2Fwp%2Fv2%2Fmedia&parent=436"}],"curies":[{"name":"wp","href":"https:\/\/api.w.org\/{rel}","templated":true}]}}