{"id":484,"date":"2021-09-05T18:10:07","date_gmt":"2021-09-05T18:10:07","guid":{"rendered":"https:\/\/kanuusedom.de\/?page_id=484"},"modified":"2021-09-21T22:32:34","modified_gmt":"2021-09-21T22:32:34","slug":"historische-peenemuende-tour","status":"publish","type":"page","link":"https:\/\/kanuusedom.de\/?page_id=484","title":{"rendered":"#Historische Peenem\u00fcnde Tour"},"content":{"rendered":"\n<p class=\"has-drop-cap\">Die kleine Schwester der Nordtour hat einen historischen Touch, hier kommt zu der Natur noch eine geh\u00f6rige Portion Geschichte dazu. Von Zeitzeugen des 2ten Weltkrieges gepr\u00e4gt \u00fcber den Lebensraum des Seeadlern bis hin zu abgelegenen Orten geht es einmal Rund um Peenem\u00fcnde.<\/p>\n\n\n\n<p><\/p>\n\n\n\n<figure class=\"wp-block-image size-large\"><img fetchpriority=\"high\" decoding=\"async\" width=\"1024\" height=\"768\" src=\"http:\/\/kanuusedom.de\/wp-content\/uploads\/2021\/09\/IMG_4294-1024x768.jpg\" alt=\"\" class=\"wp-image-479\" srcset=\"https:\/\/kanuusedom.de\/wp-content\/uploads\/2021\/09\/IMG_4294-1024x768.jpg 1024w, https:\/\/kanuusedom.de\/wp-content\/uploads\/2021\/09\/IMG_4294-300x225.jpg 300w, https:\/\/kanuusedom.de\/wp-content\/uploads\/2021\/09\/IMG_4294-150x113.jpg 150w, https:\/\/kanuusedom.de\/wp-content\/uploads\/2021\/09\/IMG_4294-768x576.jpg 768w, https:\/\/kanuusedom.de\/wp-content\/uploads\/2021\/09\/IMG_4294-1536x1152.jpg 1536w, https:\/\/kanuusedom.de\/wp-content\/uploads\/2021\/09\/IMG_4294-2048x1536.jpg 2048w, https:\/\/kanuusedom.de\/wp-content\/uploads\/2021\/09\/IMG_4294-1280x960.jpg 1280w\" sizes=\"(max-width: 1024px) 100vw, 1024px\" \/><\/figure>\n\n\n\n<p>Das ehemalige Versuchsgel\u00e4nde ist heute Sperrgebiet bzw. Naturschutzgebiet, deshalb bewegen wir uns an der Begrenzung entlang, aber auch von Au\u00dfen gibt es genug von Damals und Heute zu sehen.<\/p>\n\n\n\n<figure class=\"wp-block-image size-large\"><img decoding=\"async\" width=\"1024\" height=\"771\" src=\"https:\/\/kanuusedom.de\/wp-content\/uploads\/2021\/09\/Sperrgebiet_modell-1-1024x771.jpg\" alt=\"\" class=\"wp-image-493\" srcset=\"https:\/\/kanuusedom.de\/wp-content\/uploads\/2021\/09\/Sperrgebiet_modell-1-1024x771.jpg 1024w, https:\/\/kanuusedom.de\/wp-content\/uploads\/2021\/09\/Sperrgebiet_modell-1-300x226.jpg 300w, https:\/\/kanuusedom.de\/wp-content\/uploads\/2021\/09\/Sperrgebiet_modell-1-150x113.jpg 150w, https:\/\/kanuusedom.de\/wp-content\/uploads\/2021\/09\/Sperrgebiet_modell-1-768x578.jpg 768w, https:\/\/kanuusedom.de\/wp-content\/uploads\/2021\/09\/Sperrgebiet_modell-1-1280x963.jpg 1280w, https:\/\/kanuusedom.de\/wp-content\/uploads\/2021\/09\/Sperrgebiet_modell-1.jpg 1500w\" sizes=\"(max-width: 1024px) 100vw, 1024px\" \/><\/figure>\n\n\n\n<p>Es ist schon erstaunlich wie viel Geschichte und Natur in ca 20 Kilometer Fahrradtour stecken k\u00f6nnen. Auf dieser Tour sind Fotos Pflicht. Aber auch hier wird man nicht um einen leckeren Snack herumkommen.<\/p>\n\n\n\n<figure class=\"wp-block-image size-large\"><img decoding=\"async\" width=\"810\" height=\"1024\" src=\"http:\/\/kanuusedom.de\/wp-content\/uploads\/2021\/06\/IMG_7B83985A39A8-1-810x1024.jpeg\" alt=\"\" class=\"wp-image-432\" srcset=\"https:\/\/kanuusedom.de\/wp-content\/uploads\/2021\/06\/IMG_7B83985A39A8-1-810x1024.jpeg 810w, https:\/\/kanuusedom.de\/wp-content\/uploads\/2021\/06\/IMG_7B83985A39A8-1-237x300.jpeg 237w, https:\/\/kanuusedom.de\/wp-content\/uploads\/2021\/06\/IMG_7B83985A39A8-1-119x150.jpeg 119w, https:\/\/kanuusedom.de\/wp-content\/uploads\/2021\/06\/IMG_7B83985A39A8-1-768x971.jpeg 768w, https:\/\/kanuusedom.de\/wp-content\/uploads\/2021\/06\/IMG_7B83985A39A8-1.jpeg 960w\" sizes=\"(max-width: 810px) 100vw, 810px\" \/><\/figure>\n\n\n\n<p>Die Tour ist so aufgebaut das wir dem Wind immer ein Schnippchen schlagen k\u00f6nnen, es gibt doch nichts sch\u00f6neres als R\u00fcckenwind.<\/p>\n\n\n\n<figure class=\"wp-block-image size-large\"><img loading=\"lazy\" decoding=\"async\" width=\"1024\" height=\"768\" src=\"http:\/\/kanuusedom.de\/wp-content\/uploads\/2021\/09\/IMG_0117-1024x768.jpg\" alt=\"\" class=\"wp-image-477\" srcset=\"https:\/\/kanuusedom.de\/wp-content\/uploads\/2021\/09\/IMG_0117-1024x768.jpg 1024w, https:\/\/kanuusedom.de\/wp-content\/uploads\/2021\/09\/IMG_0117-300x225.jpg 300w, https:\/\/kanuusedom.de\/wp-content\/uploads\/2021\/09\/IMG_0117-150x113.jpg 150w, https:\/\/kanuusedom.de\/wp-content\/uploads\/2021\/09\/IMG_0117-768x576.jpg 768w, https:\/\/kanuusedom.de\/wp-content\/uploads\/2021\/09\/IMG_0117-1536x1152.jpg 1536w, https:\/\/kanuusedom.de\/wp-content\/uploads\/2021\/09\/IMG_0117-2048x1536.jpg 2048w, https:\/\/kanuusedom.de\/wp-content\/uploads\/2021\/09\/IMG_0117-1280x960.jpg 1280w\" sizes=\"(max-width: 1024px) 100vw, 1024px\" \/><\/figure>\n\n\n\n<p><strong>Dauer ca. 3,5 Stunden<\/strong> \/ <strong>ca. 20 Kilometer<\/strong><\/p>\n\n\n\n<p><strong>Preis 14\u20ac  &#8211; maximale<\/strong> <strong>Teilnehmerzahl 15 G\u00e4ste<\/strong><\/p>\n\n\n<iframe height=\"650px\" width=\"100%\" src=\"https:\/\/kalender.digital\/153bd72b457a21000069?wp_iframe=true\" style=\"border:0\"><\/iframe>\n\n\n\n<p><\/p>\n","protected":false},"excerpt":{"rendered":"<p>Die kleine Schwester der Nordtour hat einen historischen Touch, hier kommt zu der Natur noch eine geh\u00f6rige Portion Geschichte dazu. Von Zeitzeugen des 2ten Weltkrieges gepr\u00e4gt \u00fcber den Lebensraum des Seeadlern bis hin zu abgelegenen Orten geht es einmal Rund um Peenem\u00fcnde. Das ehemalige Versuchsgel\u00e4nde ist heute Sperrgebiet bzw. Naturschutzgebiet, deshalb bewegen wir uns an &hellip; <\/p>\n<p class=\"link-more\"><a href=\"https:\/\/kanuusedom.de\/?page_id=484\" class=\"more-link\">Mehr <span class=\"screen-reader-text\">\u00fcber &#8222;#Historische Peenem\u00fcnde Tour&#8220; <\/span>Lesen<\/a><\/p>\n","protected":false},"author":1,"featured_media":0,"parent":0,"menu_order":0,"comment_status":"closed","ping_status":"closed","template":"","meta":{"footnotes":""},"class_list":["post-484","page","type-page","status-publish","hentry"],"featured_media_urls":[],"_links":{"self":[{"href":"https:\/\/kanuusedom.de\/index.php?rest_route=\/wp\/v2\/pages\/484","targetHints":{"allow":["GET"]}}],"collection":[{"href":"https:\/\/kanuusedom.de\/index.php?rest_route=\/wp\/v2\/pages"}],"about":[{"href":"https:\/\/kanuusedom.de\/index.php?rest_route=\/wp\/v2\/types\/page"}],"author":[{"embeddable":true,"href":"https:\/\/kanuusedom.de\/index.php?rest_route=\/wp\/v2\/users\/1"}],"replies":[{"embeddable":true,"href":"https:\/\/kanuusedom.de\/index.php?rest_route=%2Fwp%2Fv2%2Fcomments&post=484"}],"version-history":[{"count":5,"href":"https:\/\/kanuusedom.de\/index.php?rest_route=\/wp\/v2\/pages\/484\/revisions"}],"predecessor-version":[{"id":495,"href":"https:\/\/kanuusedom.de\/index.php?rest_route=\/wp\/v2\/pages\/484\/revisions\/495"}],"wp:attachment":[{"href":"https:\/\/kanuusedom.de\/index.php?rest_route=%2Fwp%2Fv2%2Fmedia&parent=484"}],"curies":[{"name":"wp","href":"https:\/\/api.w.org\/{rel}","templated":true}]}}