{"id":51,"date":"2019-08-15T16:21:48","date_gmt":"2019-08-15T16:21:48","guid":{"rendered":"http:\/\/kanuusedom.de\/?page_id=51"},"modified":"2024-06-19T09:04:12","modified_gmt":"2024-06-19T09:04:12","slug":"exklusive-fototour","status":"publish","type":"page","link":"https:\/\/kanuusedom.de\/?page_id=51","title":{"rendered":"#Exklusive Fototour"},"content":{"rendered":"\n<p class=\"has-drop-cap\" style=\"font-size:14px\">Ein Angebot f\u00fcr Naturfotografen, eine exklusive Fotobootstour \u00fcber die Krumminer Wiek, der Preis f\u00fcr die exklusiven Fototouren bezieht sich auf die Zeit, die max. Teilnehmerzahl ist 3 Personen. F\u00fcr eine sichere und trockene Aufbewahrung eures Equipment auf dem Boot ist gesorgt. Diese Tour kann \u00fcber das ganze Jahr gebucht werden, solange es Eisfrei ist.<\/p>\n\n\n\n<figure class=\"wp-block-image\"><img fetchpriority=\"high\" decoding=\"async\" width=\"1024\" height=\"768\" src=\"http:\/\/kanuusedom.de\/wp-content\/uploads\/2019\/08\/IMG_8567-1024x768.jpg\" alt=\"\" class=\"wp-image-52\" srcset=\"https:\/\/kanuusedom.de\/wp-content\/uploads\/2019\/08\/IMG_8567-1024x768.jpg 1024w, https:\/\/kanuusedom.de\/wp-content\/uploads\/2019\/08\/IMG_8567-300x225.jpg 300w, https:\/\/kanuusedom.de\/wp-content\/uploads\/2019\/08\/IMG_8567-768x576.jpg 768w, https:\/\/kanuusedom.de\/wp-content\/uploads\/2019\/08\/IMG_8567-1280x960.jpg 1280w\" sizes=\"(max-width: 1024px) 100vw, 1024px\" \/><\/figure>\n\n\n\n<p><strong>Preise inkl. Bootsmiete, Bootsf\u00fchrer, Ferngl\u00e4sern, Tierf\u00fchrer und Getr\u00e4nk.<\/strong><\/p>\n\n\n\n<ul class=\"wp-block-list\">\n<li>1 Stunde 50\u20ac<\/li>\n\n\n\n<li>2 Stunden 90\u20ac<\/li>\n\n\n\n<li>3 Stunden 130\u20ac<\/li>\n<\/ul>\n\n\n\n<p class=\"has-small-font-size\">Exklusive Tour f\u00fcr Fotografen, da diese Tour im Gegensatz zu den Kanutouren auch noch bei Wellengang durchgef\u00fchrt werden k\u00f6nnen, sind aber auch hier Grenzen was die Durchf\u00fchrung angeht. Um eine sichere Zusage treffen zu k\u00f6nnen,&nbsp;sollte der Terminwunsch max 2-3 Tage vorher angefragt werden.<\/p>\n\n\n\n<p class=\"has-text-align-center has-very-dark-gray-color has-text-color has-medium-font-size\"><strong>Terminanfrage unter 0178\/3905099<\/strong><\/p>\n\n\n\n<p class=\"has-text-align-center\"><strong>Die Abfahrtszeiten k\u00f6nnen nach Absprache frei gew\u00e4hlt werden<\/strong><\/p>\n\n\n\n<figure class=\"wp-block-image size-large\"><img decoding=\"async\" width=\"1024\" height=\"1024\" src=\"http:\/\/kanuusedom.de\/wp-content\/uploads\/2021\/03\/A9260A6D-7D4E-4B26-8236-F25A8B055476-2-1024x1024.jpg\" alt=\"\" class=\"wp-image-352\" srcset=\"https:\/\/kanuusedom.de\/wp-content\/uploads\/2021\/03\/A9260A6D-7D4E-4B26-8236-F25A8B055476-2-1024x1024.jpg 1024w, https:\/\/kanuusedom.de\/wp-content\/uploads\/2021\/03\/A9260A6D-7D4E-4B26-8236-F25A8B055476-2-300x300.jpg 300w, https:\/\/kanuusedom.de\/wp-content\/uploads\/2021\/03\/A9260A6D-7D4E-4B26-8236-F25A8B055476-2-150x150.jpg 150w, https:\/\/kanuusedom.de\/wp-content\/uploads\/2021\/03\/A9260A6D-7D4E-4B26-8236-F25A8B055476-2-768x768.jpg 768w, https:\/\/kanuusedom.de\/wp-content\/uploads\/2021\/03\/A9260A6D-7D4E-4B26-8236-F25A8B055476-2-1280x1280.jpg 1280w, https:\/\/kanuusedom.de\/wp-content\/uploads\/2021\/03\/A9260A6D-7D4E-4B26-8236-F25A8B055476-2.jpg 1440w\" sizes=\"(max-width: 1024px) 100vw, 1024px\" \/><\/figure>\n\n\n<div class=\"wpforms-container wpforms-container-full wpforms-block wpforms-block-3657ea60-99d2-4b02-a65f-cb81b71028bc wpforms-render-modern\" id=\"wpforms-953\"><form id=\"wpforms-form-953\" class=\"wpforms-validate wpforms-form wpforms-ajax-form\" data-formid=\"953\" method=\"post\" enctype=\"multipart\/form-data\" action=\"\/index.php?rest_route=%2Fwp%2Fv2%2Fpages%2F51\" data-token=\"fb7931a888e36030c4e156b8ab1413b5\" data-token-time=\"1778766393\"><div class=\"wpforms-head-container\"><div class=\"wpforms-title\">Elektroboot Touranfrage<\/div><\/div><noscript class=\"wpforms-error-noscript\">Bitte aktiviere JavaScript in deinem Browser, um dieses Formular fertigzustellen.<\/noscript><div id=\"wpforms-error-noscript\" style=\"display: none;\">Bitte aktiviere JavaScript in deinem Browser, um dieses Formular fertigzustellen.<\/div><div class=\"wpforms-field-container\"><div id=\"wpforms-953-field_0-container\" class=\"wpforms-field wpforms-field-name\" data-field-id=\"0\"><fieldset><legend class=\"wpforms-field-label\">Name <span class=\"wpforms-required-label\" aria-hidden=\"true\">*<\/span><\/legend><div class=\"wpforms-field-row wpforms-field-medium\"><div class=\"wpforms-field-row-block wpforms-first wpforms-one-half\"><input type=\"text\" id=\"wpforms-953-field_0\" class=\"wpforms-field-name-first wpforms-field-required\" name=\"wpforms[fields][0][first]\" aria-errormessage=\"wpforms-953-field_0-error\" required><label for=\"wpforms-953-field_0\" class=\"wpforms-field-sublabel after\">Vorname<\/label><\/div><div class=\"wpforms-field-row-block wpforms-one-half\"><input type=\"text\" id=\"wpforms-953-field_0-last\" class=\"wpforms-field-name-last wpforms-field-required\" name=\"wpforms[fields][0][last]\" aria-errormessage=\"wpforms-953-field_0-last-error\" required><label for=\"wpforms-953-field_0-last\" class=\"wpforms-field-sublabel after\">Nachname<\/label><\/div><\/div><\/fieldset><\/div><div id=\"wpforms-953-field_1-container\" class=\"wpforms-field wpforms-field-email\" data-field-id=\"1\"><label class=\"wpforms-field-label\" for=\"wpforms-953-field_1\">E-Mail-Adresse <span class=\"wpforms-required-label\" aria-hidden=\"true\">*<\/span><\/label><input type=\"email\" id=\"wpforms-953-field_1\" class=\"wpforms-field-medium wpforms-field-required\" name=\"wpforms[fields][1]\" spellcheck=\"false\" aria-errormessage=\"wpforms-953-field_1-error\" required><\/div><div id=\"wpforms-953-field_2-container\" class=\"wpforms-field wpforms-field-textarea\" data-field-id=\"2\"><label class=\"wpforms-field-label\" for=\"wpforms-953-field_2\">Nachricht \/ Datum <span class=\"wpforms-required-label\" aria-hidden=\"true\">*<\/span><\/label><textarea id=\"wpforms-953-field_2\" class=\"wpforms-field-medium wpforms-field-required\" name=\"wpforms[fields][2]\" aria-errormessage=\"wpforms-953-field_2-error\" aria-describedby=\"wpforms-953-field_2-description\" required><\/textarea><div id=\"wpforms-953-field_2-description\" class=\"wpforms-field-description\">Bitte das Datum und die Anzahl der Personen eintragen.<\/div><\/div><div id=\"wpforms-953-field_4-container\" class=\"wpforms-field wpforms-field-checkbox\" data-field-id=\"4\"><fieldset><legend class=\"wpforms-field-label\">Tour Ausw\u00e4hlen <span class=\"wpforms-required-label\" aria-hidden=\"true\">*<\/span><\/legend><ul id=\"wpforms-953-field_4\" class=\"wpforms-field-required\"><li class=\"choice-1 depth-1\"><input type=\"checkbox\" id=\"wpforms-953-field_4_1\" name=\"wpforms[fields][4][]\" value=\"Sonnenuntergang\" aria-errormessage=\"wpforms-953-field_4_1-error\" required ><label class=\"wpforms-field-label-inline\" for=\"wpforms-953-field_4_1\">Sonnenuntergang<\/label><\/li><li class=\"choice-2 depth-1\"><input type=\"checkbox\" id=\"wpforms-953-field_4_2\" name=\"wpforms[fields][4][]\" value=\"Kinder Piratenschatzsuche\" aria-errormessage=\"wpforms-953-field_4_2-error\" required ><label class=\"wpforms-field-label-inline\" for=\"wpforms-953-field_4_2\">Kinder Piratenschatzsuche<\/label><\/li><li class=\"choice-3 depth-1\"><input type=\"checkbox\" id=\"wpforms-953-field_4_3\" name=\"wpforms[fields][4][]\" value=\"Individuelle Fototour\" aria-errormessage=\"wpforms-953-field_4_3-error\" required ><label class=\"wpforms-field-label-inline\" for=\"wpforms-953-field_4_3\">Individuelle Fototour<\/label><\/li><\/ul><\/fieldset><\/div><\/div><!-- .wpforms-field-container --><div class=\"wpforms-submit-container\" ><input type=\"hidden\" name=\"wpforms[id]\" value=\"953\"><input type=\"hidden\" name=\"page_title\" value=\"\"><input type=\"hidden\" name=\"page_url\" value=\"https:\/\/kanuusedom.de\/index.php?rest_route=\/wp\/v2\/pages\/51\"><input type=\"hidden\" name=\"url_referer\" value=\"\"><button type=\"submit\" name=\"wpforms[submit]\" id=\"wpforms-submit-953\" class=\"wpforms-submit\" data-alt-text=\"Wird gesendet\u00a0\u2026\" data-submit-text=\"Absenden\" aria-live=\"assertive\" value=\"wpforms-submit\">Absenden<\/button><img decoding=\"async\" src=\"https:\/\/kanuusedom.de\/wp-content\/plugins\/wpforms-lite\/assets\/images\/submit-spin.svg\" class=\"wpforms-submit-spinner\" style=\"display: none;\" width=\"26\" height=\"26\" alt=\"Wird geladen\"><\/div><\/form><\/div>  <!-- .wpforms-container -->\n\n","protected":false},"excerpt":{"rendered":"<p>Ein Angebot f\u00fcr Naturfotografen, eine exklusive Fotobootstour \u00fcber die Krumminer Wiek, der Preis f\u00fcr die exklusiven Fototouren bezieht sich auf die Zeit, die max. Teilnehmerzahl ist 3 Personen. F\u00fcr eine sichere und trockene Aufbewahrung eures Equipment auf dem Boot ist gesorgt. Diese Tour kann \u00fcber das ganze Jahr gebucht werden, solange es Eisfrei ist. Preise &hellip; <\/p>\n<p class=\"link-more\"><a href=\"https:\/\/kanuusedom.de\/?page_id=51\" class=\"more-link\">Mehr <span class=\"screen-reader-text\">\u00fcber &#8222;#Exklusive Fototour&#8220; <\/span>Lesen<\/a><\/p>\n","protected":false},"author":1,"featured_media":0,"parent":0,"menu_order":0,"comment_status":"closed","ping_status":"closed","template":"","meta":{"footnotes":""},"class_list":["post-51","page","type-page","status-publish","hentry"],"featured_media_urls":[],"_links":{"self":[{"href":"https:\/\/kanuusedom.de\/index.php?rest_route=\/wp\/v2\/pages\/51","targetHints":{"allow":["GET"]}}],"collection":[{"href":"https:\/\/kanuusedom.de\/index.php?rest_route=\/wp\/v2\/pages"}],"about":[{"href":"https:\/\/kanuusedom.de\/index.php?rest_route=\/wp\/v2\/types\/page"}],"author":[{"embeddable":true,"href":"https:\/\/kanuusedom.de\/index.php?rest_route=\/wp\/v2\/users\/1"}],"replies":[{"embeddable":true,"href":"https:\/\/kanuusedom.de\/index.php?rest_route=%2Fwp%2Fv2%2Fcomments&post=51"}],"version-history":[{"count":17,"href":"https:\/\/kanuusedom.de\/index.php?rest_route=\/wp\/v2\/pages\/51\/revisions"}],"predecessor-version":[{"id":961,"href":"https:\/\/kanuusedom.de\/index.php?rest_route=\/wp\/v2\/pages\/51\/revisions\/961"}],"wp:attachment":[{"href":"https:\/\/kanuusedom.de\/index.php?rest_route=%2Fwp%2Fv2%2Fmedia&parent=51"}],"curies":[{"name":"wp","href":"https:\/\/api.w.org\/{rel}","templated":true}]}}