{"id":620,"date":"2022-04-21T21:34:30","date_gmt":"2022-04-21T21:34:30","guid":{"rendered":"https:\/\/kanuusedom.de\/?page_id=620"},"modified":"2022-04-21T21:34:30","modified_gmt":"2022-04-21T21:34:30","slug":"vegan-essen-auf-usedom","status":"publish","type":"page","link":"https:\/\/kanuusedom.de\/?page_id=620","title":{"rendered":"Vegan Essen auf Usedom"},"content":{"rendered":"\n<p class=\"has-drop-cap\">Ich bin selber schon mehr als 25 Jahre Vegetarier und davon die letzten 5 Jahre Veganer. Leider ist die vegane Ern\u00e4hrung hier auf Usedom noch nicht so weit verbreitet wie in Gro\u00dfst\u00e4dten. Ich versuche euch hier mal meine Erfahrungen und Restaurants zu pr\u00e4sentieren. Dabei beschr\u00e4nke ich mich auf die Restaurants die permanent vegane Gerichte anbieten.<\/p>\n\n\n\n<figure class=\"wp-block-image size-large\"><img fetchpriority=\"high\" decoding=\"async\" width=\"1024\" height=\"576\" src=\"https:\/\/kanuusedom.de\/wp-content\/uploads\/2022\/04\/vegan-gbe379d956_1920-1024x576.jpg\" alt=\"\" class=\"wp-image-621\" srcset=\"https:\/\/kanuusedom.de\/wp-content\/uploads\/2022\/04\/vegan-gbe379d956_1920-1024x576.jpg 1024w, https:\/\/kanuusedom.de\/wp-content\/uploads\/2022\/04\/vegan-gbe379d956_1920-300x169.jpg 300w, https:\/\/kanuusedom.de\/wp-content\/uploads\/2022\/04\/vegan-gbe379d956_1920-150x84.jpg 150w, https:\/\/kanuusedom.de\/wp-content\/uploads\/2022\/04\/vegan-gbe379d956_1920-768x432.jpg 768w, https:\/\/kanuusedom.de\/wp-content\/uploads\/2022\/04\/vegan-gbe379d956_1920-1536x864.jpg 1536w, https:\/\/kanuusedom.de\/wp-content\/uploads\/2022\/04\/vegan-gbe379d956_1920-1280x720.jpg 1280w, https:\/\/kanuusedom.de\/wp-content\/uploads\/2022\/04\/vegan-gbe379d956_1920.jpg 1920w\" sizes=\"(max-width: 1024px) 100vw, 1024px\" \/><\/figure>\n\n\n\n<p>Falls ihr noch Restaurants hier auf Usedom kennt, die ich nicht erw\u00e4hnt habe, k\u00f6nnt ihr mir gerne eine Nachricht schreiben damit ich diese in meine Liste aufnehmen kann.<\/p>\n\n\n\n<p>Guten Appetit <\/p>\n","protected":false},"excerpt":{"rendered":"<p>Ich bin selber schon mehr als 25 Jahre Vegetarier und davon die letzten 5 Jahre Veganer. Leider ist die vegane Ern\u00e4hrung hier auf Usedom noch nicht so weit verbreitet wie in Gro\u00dfst\u00e4dten. Ich versuche euch hier mal meine Erfahrungen und Restaurants zu pr\u00e4sentieren. Dabei beschr\u00e4nke ich mich auf die Restaurants die permanent vegane Gerichte anbieten. &hellip; <\/p>\n<p class=\"link-more\"><a href=\"https:\/\/kanuusedom.de\/?page_id=620\" class=\"more-link\">Mehr <span class=\"screen-reader-text\">\u00fcber &#8222;Vegan Essen auf Usedom&#8220; <\/span>Lesen<\/a><\/p>\n","protected":false},"author":1,"featured_media":0,"parent":0,"menu_order":0,"comment_status":"closed","ping_status":"closed","template":"","meta":{"footnotes":""},"class_list":["post-620","page","type-page","status-publish","hentry"],"featured_media_urls":[],"_links":{"self":[{"href":"https:\/\/kanuusedom.de\/index.php?rest_route=\/wp\/v2\/pages\/620","targetHints":{"allow":["GET"]}}],"collection":[{"href":"https:\/\/kanuusedom.de\/index.php?rest_route=\/wp\/v2\/pages"}],"about":[{"href":"https:\/\/kanuusedom.de\/index.php?rest_route=\/wp\/v2\/types\/page"}],"author":[{"embeddable":true,"href":"https:\/\/kanuusedom.de\/index.php?rest_route=\/wp\/v2\/users\/1"}],"replies":[{"embeddable":true,"href":"https:\/\/kanuusedom.de\/index.php?rest_route=%2Fwp%2Fv2%2Fcomments&post=620"}],"version-history":[{"count":1,"href":"https:\/\/kanuusedom.de\/index.php?rest_route=\/wp\/v2\/pages\/620\/revisions"}],"predecessor-version":[{"id":622,"href":"https:\/\/kanuusedom.de\/index.php?rest_route=\/wp\/v2\/pages\/620\/revisions\/622"}],"wp:attachment":[{"href":"https:\/\/kanuusedom.de\/index.php?rest_route=%2Fwp%2Fv2%2Fmedia&parent=620"}],"curies":[{"name":"wp","href":"https:\/\/api.w.org\/{rel}","templated":true}]}}