{"id":624,"date":"2022-04-21T22:06:14","date_gmt":"2022-04-21T22:06:14","guid":{"rendered":"https:\/\/kanuusedom.de\/?page_id=624"},"modified":"2022-06-09T18:47:08","modified_gmt":"2022-06-09T18:47:08","slug":"sarahs-mediterranean-secrets","status":"publish","type":"page","link":"https:\/\/kanuusedom.de\/?page_id=624","title":{"rendered":"Sarah&#8217;s Mediterranean Secrets"},"content":{"rendered":"\n<p class=\"has-drop-cap\" style=\"font-size:clamp(14px, 0.875rem + ((1vw - 3.2px) * 0.354), 18px);\">Das Sarah&#8217;s ist eins der Restaurants mit der gr\u00f6\u00dften Auswahl an veganen Speisen, hier bekommt jeder was zu Essen, egal ob orientalisch, Pasta und Pinsa oder Burger. Da Ahlbeck f\u00fcr uns nicht um die Ecke liegt und auch nicht immer die Zeit da ist essen zu gehen, habe ich es noch nicht geschafft mich durch die Karte zu essen. Aber eins kann ich bis dahin sagen, es gibt nichts wovon ich abraten w\u00fcrde. Bei meinem letzten Besuch habe ich mich f\u00fcr die 103 Falafel entschieden und auch wenn es mir schwer viel, noch schnell ein Bild vom Gericht gemacht.<\/p>\n\n\n\n<figure class=\"wp-block-image size-large\"><img fetchpriority=\"high\" decoding=\"async\" width=\"968\" height=\"1024\" src=\"https:\/\/kanuusedom.de\/wp-content\/uploads\/2022\/04\/IMG_5718-968x1024.jpg\" alt=\"\" class=\"wp-image-625\" srcset=\"https:\/\/kanuusedom.de\/wp-content\/uploads\/2022\/04\/IMG_5718-968x1024.jpg 968w, https:\/\/kanuusedom.de\/wp-content\/uploads\/2022\/04\/IMG_5718-284x300.jpg 284w, https:\/\/kanuusedom.de\/wp-content\/uploads\/2022\/04\/IMG_5718-142x150.jpg 142w, https:\/\/kanuusedom.de\/wp-content\/uploads\/2022\/04\/IMG_5718-768x812.jpg 768w, https:\/\/kanuusedom.de\/wp-content\/uploads\/2022\/04\/IMG_5718-1452x1536.jpg 1452w, https:\/\/kanuusedom.de\/wp-content\/uploads\/2022\/04\/IMG_5718-1936x2048.jpg 1936w, https:\/\/kanuusedom.de\/wp-content\/uploads\/2022\/04\/IMG_5718-1210x1280.jpg 1210w\" sizes=\"(max-width: 968px) 100vw, 968px\" \/><\/figure>\n\n\n\n<p style=\"font-size:clamp(14px, 0.875rem + ((1vw - 3.2px) * 0.354), 18px);\"><mark style=\"background-color:rgba(0, 0, 0, 0)\" class=\"has-inline-color has-black-color\"><strong>Preisniveau<\/strong><\/mark> &#8211; das Sarah&#8217;s ist kein Imbiss, sondern ein Restaurant was sich nat\u00fcrlich auch auf den Preis niederschl\u00e4gt, ich finde aber die Relation von Preis und Qualit\u00e4t der Gerichte v\u00f6llig in Ordnung.<\/p>\n\n\n\n<p style=\"font-size:clamp(14px, 0.875rem + ((1vw - 3.2px) * 0.354), 18px);\"><strong>Bedienung und Ausstattung<\/strong> &#8211; Die Bedienung ist echt TOP sehr freundlich, zuvorkommend und Kinderlieb, das Sarah&#8217;s geh\u00f6rt hier auf der Insel zu den neueren Restaurants ist modern eingerichtet sodass man seine k\u00f6stlichen Speisen angenehm genie\u00dfen kann.<\/p>\n\n\n\n<p style=\"font-size:clamp(14px, 0.875rem + ((1vw - 3.2px) * 0.354), 18px);\">Da es, besonders wenn der Hunger einen plagt, nicht mehr f\u00fcr jeden so einfach ist sich bei der Vielzahl von veganen Gerichten zu entscheiden, ist hier der Link zur <a href=\"https:\/\/cdn.website.dish.co\/media\/93\/15\/3950912\/Speisekarte.pdf\" target=\"_blank\" rel=\"noopener\"><strong>Speisekarte<\/strong><\/a><\/p>\n\n\n\n<p style=\"font-size:clamp(14px, 0.875rem + ((1vw - 3.2px) * 0.354), 18px);\">Alle weiteren Infos zum Sarah&#8217;s findet ihr auf der<a href=\"https:\/\/sarahs-mediterranean-secrets.metro.bar\/?lang=de#\" target=\"_blank\" rel=\"noopener\"> <strong>Webseite<\/strong><\/a><\/p>\n\n\n\n<hr class=\"wp-block-separator has-alpha-channel-opacity\"\/>\n\n\n\n\n<center>\n<iframe src=\"https:\/\/www.google.com\/maps\/embed?pb=!1m18!1m12!1m3!1d2348.362026575816!2d14.185491751585642!3d53.94307723744869!2m3!1f0!2f0!3f0!3m2!1i1024!2i768!4f13.1!3m3!1m2!1s0x47abed6489040e9d%3A0x29e2e544c3e2be32!2sSarah%E2%80%98s%20mediterranean%20Secrets!5e0!3m2!1sde!2sde!4v1654800370067!5m2!1sde!2sde\" width=\"400\" height=\"300\" style=\"border:0;\" allowfullscreen=\"\" loading=\"lazy\" referrerpolicy=\"no-referrer-when-downgrade\"><\/iframe>\n","protected":false},"excerpt":{"rendered":"<p>Das Sarah&#8217;s ist eins der Restaurants mit der gr\u00f6\u00dften Auswahl an veganen Speisen, hier bekommt jeder was zu Essen, egal ob orientalisch, Pasta und Pinsa oder Burger. Da Ahlbeck f\u00fcr uns nicht um die Ecke liegt und auch nicht immer die Zeit da ist essen zu gehen, habe ich es noch nicht geschafft mich durch &hellip; <\/p>\n<p class=\"link-more\"><a href=\"https:\/\/kanuusedom.de\/?page_id=624\" class=\"more-link\">Mehr <span class=\"screen-reader-text\">\u00fcber &#8222;Sarah&#8217;s Mediterranean Secrets&#8220; <\/span>Lesen<\/a><\/p>\n","protected":false},"author":1,"featured_media":0,"parent":0,"menu_order":0,"comment_status":"closed","ping_status":"closed","template":"","meta":{"footnotes":""},"class_list":["post-624","page","type-page","status-publish","hentry"],"featured_media_urls":[],"_links":{"self":[{"href":"https:\/\/kanuusedom.de\/index.php?rest_route=\/wp\/v2\/pages\/624","targetHints":{"allow":["GET"]}}],"collection":[{"href":"https:\/\/kanuusedom.de\/index.php?rest_route=\/wp\/v2\/pages"}],"about":[{"href":"https:\/\/kanuusedom.de\/index.php?rest_route=\/wp\/v2\/types\/page"}],"author":[{"embeddable":true,"href":"https:\/\/kanuusedom.de\/index.php?rest_route=\/wp\/v2\/users\/1"}],"replies":[{"embeddable":true,"href":"https:\/\/kanuusedom.de\/index.php?rest_route=%2Fwp%2Fv2%2Fcomments&post=624"}],"version-history":[{"count":7,"href":"https:\/\/kanuusedom.de\/index.php?rest_route=\/wp\/v2\/pages\/624\/revisions"}],"predecessor-version":[{"id":713,"href":"https:\/\/kanuusedom.de\/index.php?rest_route=\/wp\/v2\/pages\/624\/revisions\/713"}],"wp:attachment":[{"href":"https:\/\/kanuusedom.de\/index.php?rest_route=%2Fwp%2Fv2%2Fmedia&parent=624"}],"curies":[{"name":"wp","href":"https:\/\/api.w.org\/{rel}","templated":true}]}}