{"id":638,"date":"2022-04-26T20:11:30","date_gmt":"2022-04-26T20:11:30","guid":{"rendered":"https:\/\/kanuusedom.de\/?page_id=638"},"modified":"2025-07-15T18:53:45","modified_gmt":"2025-07-15T18:53:45","slug":"naturhafen-krummin","status":"publish","type":"page","link":"https:\/\/kanuusedom.de\/?page_id=638","title":{"rendered":"Naturhafen Krummin"},"content":{"rendered":"<div class=\"initial-letter\">\n<p class=\"has-drop-cap has-text-align-left\" style=\"font-size:clamp(14px, 0.875rem + ((1vw - 3.2px) * 0.354), 18px);\">Der Naturhafen Krummin ist nicht nur mein Heimathafen, er ist auch gleichzeitig ein wundersch\u00f6nes nicht so \u00fcberlaufenes Pl\u00e4tzchen hier auf Usedom. Als ich vor 7 Jahren hier das erste mal mein Kajak ins Wasser gelassen habe, stand sehr schnell f\u00fcr mich fest, hier m\u00f6chtest du dein Hobby mit G\u00e4sten teilen. Es gibt hier auf Usedom nur sehr wenige Orte, die es hinbekommen haben, trotz Modernisierung, nichts von ihrem urspr\u00fcnglichen Charakter zu verlieren. Aber da es hier nicht nur um den sch\u00f6nen Hafen inkl. seiner Terrasse geht, kommen wir mal zu den Speisen. Auch da bin ich sehr froh, dass der Naturhafen auch beim Thema Vegan sich weiterentwickelt hat. In der K\u00fcche wird sehr viel Wert darauf gelegt, Speisen anzubieten, die aus der Region kommen. Die hier abgebildeten Speisen der Tageskarte: Hafenpommes, Kartoffelpuffer und Salat der Saison.<\/p>\n\n\n\n<figure class=\"wp-block-gallery has-nested-images columns-default is-cropped wp-block-gallery-1 is-layout-flex wp-block-gallery-is-layout-flex\">\n<figure class=\"wp-block-image size-large\"><img fetchpriority=\"high\" decoding=\"async\" width=\"768\" height=\"1024\" data-id=\"1035\" src=\"https:\/\/kanuusedom.de\/wp-content\/uploads\/2025\/07\/IMG_2126-1-768x1024.jpg\" alt=\"Hafenpommes\" class=\"wp-image-1035\" srcset=\"https:\/\/kanuusedom.de\/wp-content\/uploads\/2025\/07\/IMG_2126-1-768x1024.jpg 768w, https:\/\/kanuusedom.de\/wp-content\/uploads\/2025\/07\/IMG_2126-1-225x300.jpg 225w, https:\/\/kanuusedom.de\/wp-content\/uploads\/2025\/07\/IMG_2126-1-113x150.jpg 113w, https:\/\/kanuusedom.de\/wp-content\/uploads\/2025\/07\/IMG_2126-1-2000x2667.jpg 2000w, https:\/\/kanuusedom.de\/wp-content\/uploads\/2025\/07\/IMG_2126-1-scaled.jpg 1920w\" sizes=\"(max-width: 768px) 100vw, 768px\" \/><\/figure>\n\n\n\n<figure class=\"wp-block-image size-large\"><img decoding=\"async\" width=\"768\" height=\"1024\" data-id=\"1036\" src=\"https:\/\/kanuusedom.de\/wp-content\/uploads\/2025\/07\/IMG_2125-1-768x1024.jpg\" alt=\"Salat der Saison\" class=\"wp-image-1036\" srcset=\"https:\/\/kanuusedom.de\/wp-content\/uploads\/2025\/07\/IMG_2125-1-768x1024.jpg 768w, https:\/\/kanuusedom.de\/wp-content\/uploads\/2025\/07\/IMG_2125-1-225x300.jpg 225w, https:\/\/kanuusedom.de\/wp-content\/uploads\/2025\/07\/IMG_2125-1-113x150.jpg 113w, https:\/\/kanuusedom.de\/wp-content\/uploads\/2025\/07\/IMG_2125-1-2000x2667.jpg 2000w, https:\/\/kanuusedom.de\/wp-content\/uploads\/2025\/07\/IMG_2125-1-scaled.jpg 1920w\" sizes=\"(max-width: 768px) 100vw, 768px\" \/><\/figure>\n\n\n\n<figure class=\"wp-block-image size-large\"><img decoding=\"async\" width=\"768\" height=\"1024\" data-id=\"1034\" src=\"https:\/\/kanuusedom.de\/wp-content\/uploads\/2025\/07\/IMG_2124-1-768x1024.jpg\" alt=\"Kartoffelpuffer\" class=\"wp-image-1034\" srcset=\"https:\/\/kanuusedom.de\/wp-content\/uploads\/2025\/07\/IMG_2124-1-768x1024.jpg 768w, https:\/\/kanuusedom.de\/wp-content\/uploads\/2025\/07\/IMG_2124-1-225x300.jpg 225w, https:\/\/kanuusedom.de\/wp-content\/uploads\/2025\/07\/IMG_2124-1-113x150.jpg 113w, https:\/\/kanuusedom.de\/wp-content\/uploads\/2025\/07\/IMG_2124-1-2000x2667.jpg 2000w, https:\/\/kanuusedom.de\/wp-content\/uploads\/2025\/07\/IMG_2124-1-scaled.jpg 1920w\" sizes=\"(max-width: 768px) 100vw, 768px\" \/><\/figure>\n<\/figure>\n\n\n\n<p class=\"has-text-align-left\" style=\"font-size:clamp(14px, 0.875rem + ((1vw - 3.2px) * 0.354), 18px);\"><strong>Bedienung und Ausstattung<\/strong>&nbsp;\u2013 Bestellt wird an der Theke, Getr\u00e4nke k\u00f6nnen direkt mit an den Tisch genommen werden, das Essen wird am Tisch serviert. Gegessen und getrunken wird an massiven Holz Picknick Tischen. Bei schlechtem Wetter stehen jetzt auch einige Pl\u00e4tze im Fr\u00fchst\u00fcckshaus zur Verf\u00fcgung.<\/p>\n\n\n\n<p class=\"has-text-align-left\" style=\"font-size:clamp(14px, 0.875rem + ((1vw - 3.2px) * 0.354), 18px);\">Wer sich im Vorfeld schon einmal die Speisen anschauen m\u00f6chte, hier der Link zur <a href=\"https:\/\/naturhafen.de\/sommercafe\/\" target=\"_blank\" rel=\"noreferrer noopener\">Speisekarte<\/a><\/p>\n\n\n\n<p class=\"has-text-align-left\" style=\"font-size:clamp(14px, 0.875rem + ((1vw - 3.2px) * 0.354), 18px);\">Alle weiteren Infos zum Naturhafen Krummin findet ihr auf deren <a href=\"https:\/\/naturhafen.de\" target=\"_blank\" rel=\"noreferrer noopener\">Webseite<\/a><\/p>\n\n\n\n<hr class=\"wp-block-separator has-alpha-channel-opacity\"\/>\n\n\n\n<center>\n<iframe src=\"https:\/\/www.google.com\/maps\/embed?pb=!1m18!1m12!1m3!1d3737.972813065419!2d13.853885752519227!3d54.0459902639241!2m3!1f0!2f0!3f0!3m2!1i1024!2i768!4f13.1!3m3!1m2!1s0x47ab0123c2c6cb37%3A0x678e54b3a344b5a4!2sNaturhafen%20Krummin!5e0!3m2!1sde!2sde!4v1654800265783!5m2!1sde!2sde\" width=\"400\" height=\"300\" style=\"border:0;\" allowfullscreen=\"\" loading=\"lazy\" referrerpolicy=\"no-referrer-when-downgrade\"><\/iframe>\n\n\n<\/div>","protected":false},"excerpt":{"rendered":"<p>Der Naturhafen Krummin ist nicht nur mein Heimathafen, er ist auch gleichzeitig ein wundersch\u00f6nes nicht so \u00fcberlaufenes Pl\u00e4tzchen hier auf Usedom. Als ich vor 7 Jahren hier das erste mal mein Kajak ins Wasser gelassen habe, stand sehr schnell f\u00fcr mich fest, hier m\u00f6chtest du dein Hobby mit G\u00e4sten teilen. Es gibt hier auf Usedom &hellip; <\/p>\n<p class=\"link-more\"><a href=\"https:\/\/kanuusedom.de\/?page_id=638\" class=\"more-link\">Mehr <span class=\"screen-reader-text\">\u00fcber &#8222;Naturhafen Krummin&#8220; <\/span>Lesen<\/a><\/p>\n","protected":false},"author":1,"featured_media":0,"parent":0,"menu_order":0,"comment_status":"closed","ping_status":"closed","template":"","meta":{"footnotes":""},"class_list":["post-638","page","type-page","status-publish","hentry"],"featured_media_urls":[],"_links":{"self":[{"href":"https:\/\/kanuusedom.de\/index.php?rest_route=\/wp\/v2\/pages\/638","targetHints":{"allow":["GET"]}}],"collection":[{"href":"https:\/\/kanuusedom.de\/index.php?rest_route=\/wp\/v2\/pages"}],"about":[{"href":"https:\/\/kanuusedom.de\/index.php?rest_route=\/wp\/v2\/types\/page"}],"author":[{"embeddable":true,"href":"https:\/\/kanuusedom.de\/index.php?rest_route=\/wp\/v2\/users\/1"}],"replies":[{"embeddable":true,"href":"https:\/\/kanuusedom.de\/index.php?rest_route=%2Fwp%2Fv2%2Fcomments&post=638"}],"version-history":[{"count":12,"href":"https:\/\/kanuusedom.de\/index.php?rest_route=\/wp\/v2\/pages\/638\/revisions"}],"predecessor-version":[{"id":1038,"href":"https:\/\/kanuusedom.de\/index.php?rest_route=\/wp\/v2\/pages\/638\/revisions\/1038"}],"wp:attachment":[{"href":"https:\/\/kanuusedom.de\/index.php?rest_route=%2Fwp%2Fv2%2Fmedia&parent=638"}],"curies":[{"name":"wp","href":"https:\/\/api.w.org\/{rel}","templated":true}]}}