{"id":68,"date":"2019-08-25T19:50:30","date_gmt":"2019-08-25T19:50:30","guid":{"rendered":"http:\/\/kanuusedom.de\/?page_id=68"},"modified":"2024-06-19T08:51:27","modified_gmt":"2024-06-19T08:51:27","slug":"kanutour-morgentau","status":"publish","type":"page","link":"https:\/\/kanuusedom.de\/?page_id=68","title":{"rendered":"#MORGENTAU"},"content":{"rendered":"\n<p class=\"has-drop-cap has-normal-font-size\">Nach einer Einf\u00fchrung startet die gef\u00fchrte Kajaktour die Schilfkante entlang auf die Krumminer Wiek, Mit den im Boot liegenden Ferngl\u00e4sern werden wir die Natur beim Erwachen beobachten. Sanft kitzelt die Sonne das erste Zwitschern der V\u00f6gel wach und l\u00e4sst den glitzernden Bl\u00fctentau erstrahlen.&nbsp;<\/p>\n\n\n\n<figure class=\"wp-block-image\"><img fetchpriority=\"high\" decoding=\"async\" width=\"1024\" height=\"768\" src=\"http:\/\/kanuusedom.de\/wp-content\/uploads\/2019\/08\/GOPR1590-1024x768.jpeg\" alt=\"\" class=\"wp-image-69\" srcset=\"https:\/\/kanuusedom.de\/wp-content\/uploads\/2019\/08\/GOPR1590-1024x768.jpeg 1024w, https:\/\/kanuusedom.de\/wp-content\/uploads\/2019\/08\/GOPR1590-300x225.jpeg 300w, https:\/\/kanuusedom.de\/wp-content\/uploads\/2019\/08\/GOPR1590-768x576.jpeg 768w, https:\/\/kanuusedom.de\/wp-content\/uploads\/2019\/08\/GOPR1590-1280x960.jpeg 1280w\" sizes=\"(max-width: 1024px) 100vw, 1024px\" \/><\/figure>\n\n\n\n<p class=\"has-normal-font-size\">Die Sonnenaufgangszeiten \u00e4ndern sich \u00fcber den Sommer von Monat zu Monat deshalb haben wir die Startzeiten f\u00fcr die Tour an den &nbsp;Sonneaufgang angepasst. Es kann nat\u00fcrlich auch gerne sp\u00e4ter gestartet werden. Hierzu bitte eure gew\u00fcnschte Startzeit mitteilen.<br>F\u00fcr Wertgegenst\u00e4nde und Kameras stellen wir wasserdichte Beh\u00e4lter zu Verf\u00fcgung.<br>Je nach Witterung ben\u00f6tigt ihr eine Kopfbedeckung, Sonnenschutz, Jacke und Wechselkleidung.<\/p>\n\n\n\n<p><strong>Dauer: circa 3 Stunden<br>Maximal 8 Personen<\/strong><\/p>\n\n\n\n\n\n<p><strong>Preis: Erwachsene 25\u20ac &#8211; Kinder bis 14 Jahre 15\u20ac<\/strong><br><\/p>\n\n\n<div class=\"wpforms-container wpforms-container-full wpforms-block wpforms-block-0c626f59-9416-4b1a-a91f-01f2b3323954 wpforms-render-modern\" id=\"wpforms-946\"><form id=\"wpforms-form-946\" class=\"wpforms-validate wpforms-form wpforms-ajax-form\" data-formid=\"946\" method=\"post\" enctype=\"multipart\/form-data\" action=\"\/index.php?rest_route=%2Fwp%2Fv2%2Fpages%2F68\" data-token=\"0b9a8717b8c9b8c2995c5f0702eab23f\" data-token-time=\"1778881872\"><div class=\"wpforms-head-container\"><div class=\"wpforms-title\">Kajaktour Anfragen<\/div><\/div><noscript class=\"wpforms-error-noscript\">Bitte aktiviere JavaScript in deinem Browser, um dieses Formular fertigzustellen.<\/noscript><div id=\"wpforms-error-noscript\" style=\"display: none;\">Bitte aktiviere JavaScript in deinem Browser, um dieses Formular fertigzustellen.<\/div><div class=\"wpforms-field-container\"><div id=\"wpforms-946-field_0-container\" class=\"wpforms-field wpforms-field-name\" data-field-id=\"0\"><fieldset><legend class=\"wpforms-field-label\">Name <span class=\"wpforms-required-label\" aria-hidden=\"true\">*<\/span><\/legend><div class=\"wpforms-field-row wpforms-field-medium\"><div class=\"wpforms-field-row-block wpforms-first wpforms-one-half\"><input type=\"text\" id=\"wpforms-946-field_0\" class=\"wpforms-field-name-first wpforms-field-required\" name=\"wpforms[fields][0][first]\" aria-errormessage=\"wpforms-946-field_0-error\" required><label for=\"wpforms-946-field_0\" class=\"wpforms-field-sublabel after\">Vorname<\/label><\/div><div class=\"wpforms-field-row-block wpforms-one-half\"><input type=\"text\" id=\"wpforms-946-field_0-last\" class=\"wpforms-field-name-last wpforms-field-required\" name=\"wpforms[fields][0][last]\" aria-errormessage=\"wpforms-946-field_0-last-error\" required><label for=\"wpforms-946-field_0-last\" class=\"wpforms-field-sublabel after\">Nachname<\/label><\/div><\/div><\/fieldset><\/div><div id=\"wpforms-946-field_1-container\" class=\"wpforms-field wpforms-field-email\" data-field-id=\"1\"><label class=\"wpforms-field-label\" for=\"wpforms-946-field_1\">E-Mail-Adresse <span class=\"wpforms-required-label\" aria-hidden=\"true\">*<\/span><\/label><input type=\"email\" id=\"wpforms-946-field_1\" class=\"wpforms-field-medium wpforms-field-required\" name=\"wpforms[fields][1]\" spellcheck=\"false\" aria-errormessage=\"wpforms-946-field_1-error\" required><\/div><div id=\"wpforms-946-field_2-container\" class=\"wpforms-field wpforms-field-textarea\" data-field-id=\"2\"><label class=\"wpforms-field-label\" for=\"wpforms-946-field_2\">Nachricht \/ Datum <span class=\"wpforms-required-label\" aria-hidden=\"true\">*<\/span><\/label><textarea id=\"wpforms-946-field_2\" class=\"wpforms-field-medium wpforms-field-required\" name=\"wpforms[fields][2]\" aria-errormessage=\"wpforms-946-field_2-error\" aria-describedby=\"wpforms-946-field_2-description\" required><\/textarea><div id=\"wpforms-946-field_2-description\" class=\"wpforms-field-description\">Bitte das Datum und die Anzahl der Personen eintragen, es stehen 1er und 2er Kajaks zur Verf\u00fcgung<\/div><\/div><div id=\"wpforms-946-field_4-container\" class=\"wpforms-field wpforms-field-checkbox\" data-field-id=\"4\"><fieldset><legend class=\"wpforms-field-label\">Tour Ausw\u00e4hlen <span class=\"wpforms-required-label\" aria-hidden=\"true\">*<\/span><\/legend><ul id=\"wpforms-946-field_4\" class=\"wpforms-field-required\"><li class=\"choice-1 depth-1\"><input type=\"checkbox\" id=\"wpforms-946-field_4_1\" name=\"wpforms[fields][4][]\" value=\"Morgentau\" aria-errormessage=\"wpforms-946-field_4_1-error\" required ><label class=\"wpforms-field-label-inline\" for=\"wpforms-946-field_4_1\">Morgentau<\/label><\/li><li class=\"choice-2 depth-1\"><input type=\"checkbox\" id=\"wpforms-946-field_4_2\" name=\"wpforms[fields][4][]\" value=\"Wiek Entdecker\" aria-errormessage=\"wpforms-946-field_4_2-error\" required ><label class=\"wpforms-field-label-inline\" for=\"wpforms-946-field_4_2\">Wiek Entdecker<\/label><\/li><li class=\"choice-3 depth-1\"><input type=\"checkbox\" id=\"wpforms-946-field_4_3\" name=\"wpforms[fields][4][]\" value=\"Sonnenuntergang\" aria-errormessage=\"wpforms-946-field_4_3-error\" required ><label class=\"wpforms-field-label-inline\" for=\"wpforms-946-field_4_3\">Sonnenuntergang<\/label><\/li><\/ul><\/fieldset><\/div><\/div><!-- .wpforms-field-container --><div class=\"wpforms-submit-container\" ><input type=\"hidden\" name=\"wpforms[id]\" value=\"946\"><input type=\"hidden\" name=\"page_title\" value=\"\"><input type=\"hidden\" name=\"page_url\" value=\"https:\/\/kanuusedom.de\/index.php?rest_route=\/wp\/v2\/pages\/68\"><input type=\"hidden\" name=\"url_referer\" value=\"\"><button type=\"submit\" name=\"wpforms[submit]\" id=\"wpforms-submit-946\" class=\"wpforms-submit\" data-alt-text=\"Wird gesendet\u00a0\u2026\" data-submit-text=\"Absenden\" aria-live=\"assertive\" value=\"wpforms-submit\">Absenden<\/button><img decoding=\"async\" src=\"https:\/\/kanuusedom.de\/wp-content\/plugins\/wpforms-lite\/assets\/images\/submit-spin.svg\" class=\"wpforms-submit-spinner\" style=\"display: none;\" width=\"26\" height=\"26\" alt=\"Wird geladen\"><\/div><\/form><\/div>  <!-- .wpforms-container -->\n\n\n<br>\n<center><div id=\"wcom-f45f8cc6d99237bd5d57ff3694132d40\" style=\"border: 0px; background-color: transparent; border-top-left-radius: 0px; border-top-right-radius: 0px; border-bottom-right-radius: 0px; border-bottom-left-radius: 0px; color: rgb(0, 0, 0);\" class=\"wcom-default w300x250\"><link rel=\"stylesheet\" href=\"\/\/cs3.wettercomassets.com\/woys\/5\/css\/w.css\" media=\"all\"><div class=\"wcom-city\"><a style=\"color: #000\" href=\"https:\/\/www.wetter.com\/deutschland\/krummin\/DE0005815.html\" target=\"_blank\" rel=\"nofollow noopener noreferrer\" aria-label=\"Wetter Berlin\" title=\"Wetter Krummin\">Wetter Krummin<\/a><\/div><div id=\"wcom-f45f8cc6d99237bd5d57ff3694132d40-weather\"><\/div><script type=\"text\/javascript\" src=\"\/\/cs3.wettercomassets.com\/woys\/5\/js\/w.js\"><\/script><script type=\"text\/javascript\">_wcomWidget({id: 'wcom-f45f8cc6d99237bd5d57ff3694132d40',location: 'DE0005815',format: '300x250',type: 'summary'});<\/script><\/div>\n\n\n","protected":false},"excerpt":{"rendered":"<p>Nach einer Einf\u00fchrung startet die gef\u00fchrte Kajaktour die Schilfkante entlang auf die Krumminer Wiek, Mit den im Boot liegenden Ferngl\u00e4sern werden wir die Natur beim Erwachen beobachten. Sanft kitzelt die Sonne das erste Zwitschern der V\u00f6gel wach und l\u00e4sst den glitzernden Bl\u00fctentau erstrahlen.&nbsp; Die Sonnenaufgangszeiten \u00e4ndern sich \u00fcber den Sommer von Monat zu Monat deshalb &hellip; <\/p>\n<p class=\"link-more\"><a href=\"https:\/\/kanuusedom.de\/?page_id=68\" class=\"more-link\">Mehr <span class=\"screen-reader-text\">\u00fcber &#8222;#MORGENTAU&#8220; <\/span>Lesen<\/a><\/p>\n","protected":false},"author":1,"featured_media":0,"parent":0,"menu_order":0,"comment_status":"closed","ping_status":"closed","template":"","meta":{"footnotes":""},"class_list":["post-68","page","type-page","status-publish","hentry"],"featured_media_urls":[],"_links":{"self":[{"href":"https:\/\/kanuusedom.de\/index.php?rest_route=\/wp\/v2\/pages\/68","targetHints":{"allow":["GET"]}}],"collection":[{"href":"https:\/\/kanuusedom.de\/index.php?rest_route=\/wp\/v2\/pages"}],"about":[{"href":"https:\/\/kanuusedom.de\/index.php?rest_route=\/wp\/v2\/types\/page"}],"author":[{"embeddable":true,"href":"https:\/\/kanuusedom.de\/index.php?rest_route=\/wp\/v2\/users\/1"}],"replies":[{"embeddable":true,"href":"https:\/\/kanuusedom.de\/index.php?rest_route=%2Fwp%2Fv2%2Fcomments&post=68"}],"version-history":[{"count":25,"href":"https:\/\/kanuusedom.de\/index.php?rest_route=\/wp\/v2\/pages\/68\/revisions"}],"predecessor-version":[{"id":950,"href":"https:\/\/kanuusedom.de\/index.php?rest_route=\/wp\/v2\/pages\/68\/revisions\/950"}],"wp:attachment":[{"href":"https:\/\/kanuusedom.de\/index.php?rest_route=%2Fwp%2Fv2%2Fmedia&parent=68"}],"curies":[{"name":"wp","href":"https:\/\/api.w.org\/{rel}","templated":true}]}}