{"id":693,"date":"2022-06-09T18:11:57","date_gmt":"2022-06-09T18:11:57","guid":{"rendered":"https:\/\/kanuusedom.de\/?page_id=693"},"modified":"2022-06-09T19:38:44","modified_gmt":"2022-06-09T19:38:44","slug":"gnitzer-seelchen","status":"publish","type":"page","link":"https:\/\/kanuusedom.de\/?page_id=693","title":{"rendered":"Gnitzer Seelchen"},"content":{"rendered":"\n<p class=\"has-drop-cap\" style=\"font-size:clamp(14px, 0.875rem + ((1vw - 3.2px) * 0.354), 18px);\">Ein Leben ohne Kuchen ist m\u00f6glich aber sinnlos. Das trifft den Nagel auf den Kopf, wenn es um das Gnitzer Seelchen geht.\u00a0In super gem\u00fctlicher Atmosph\u00e4re bekommt ihr alles, was das Kuchenherz begehrt. Die wechselnde Auswahl an veganen Getr\u00e4nken und Kuchen l\u00e4sst den Gaumen tanzen. Aber nicht nur die Speisen sind vorz\u00fcglich, denn hier f\u00fchlt man sich au\u00dferdem wie im eigenen Garten. Nach meiner Radtour zum Gnitz habe ich auf dem R\u00fcckweg einen Kuchenstop eingelegt und mich f\u00fcr einen s\u00fc\u00df-salzigen Brownie und einen Mexikanischen Rohkakao mit Kokusbl\u00fctenzucker entschieden. Aber seht selbst:<\/p>\n\n\n\n<figure class=\"wp-block-image size-large is-style-default\"><img fetchpriority=\"high\" decoding=\"async\" width=\"1024\" height=\"768\" src=\"https:\/\/kanuusedom.de\/wp-content\/uploads\/2022\/06\/IMG_6231-2-1024x768.jpg\" alt=\"\" class=\"wp-image-694\" srcset=\"https:\/\/kanuusedom.de\/wp-content\/uploads\/2022\/06\/IMG_6231-2-1024x768.jpg 1024w, https:\/\/kanuusedom.de\/wp-content\/uploads\/2022\/06\/IMG_6231-2-300x225.jpg 300w, https:\/\/kanuusedom.de\/wp-content\/uploads\/2022\/06\/IMG_6231-2-150x113.jpg 150w, https:\/\/kanuusedom.de\/wp-content\/uploads\/2022\/06\/IMG_6231-2-768x576.jpg 768w, https:\/\/kanuusedom.de\/wp-content\/uploads\/2022\/06\/IMG_6231-2-1536x1152.jpg 1536w, https:\/\/kanuusedom.de\/wp-content\/uploads\/2022\/06\/IMG_6231-2-2048x1536.jpg 2048w, https:\/\/kanuusedom.de\/wp-content\/uploads\/2022\/06\/IMG_6231-2-1280x960.jpg 1280w\" sizes=\"(max-width: 1024px) 100vw, 1024px\" \/><\/figure>\n\n\n\n<p style=\"font-size:clamp(14px, 0.875rem + ((1vw - 3.2px) * 0.354), 18px);\"><strong>Preisniveau<\/strong> &#8211; Ich finde f\u00fcr diese Qualit\u00e4t zahlt ihr keinen Cent zu viel. Hier bekommt man echte Kuchenhandarbeit &#8211; mit Herz und Liebe gebacken.<\/p>\n\n\n\n<p style=\"font-size:clamp(14px, 0.875rem + ((1vw - 3.2px) * 0.354), 18px);\"><strong>Bedienung und Ausstattung<\/strong> &#8211; Hier findet ihr die wohl freundlichste Selbstbedienung, die man sich vorstellen kann. Bei sch\u00f6nem Wetter k\u00f6nnt ihr im Garten gem\u00fctlich euren Kuchen genie\u00dfen. Falls es mal regnet findet ihr aber auch ein trockenes Pl\u00e4tzen.<\/p>\n\n\n\n<figure class=\"wp-block-image aligncenter size-large is-resized is-style-default\"><img decoding=\"async\" src=\"https:\/\/kanuusedom.de\/wp-content\/uploads\/2022\/06\/IMG_6228-724x1024.jpg\" alt=\"\" class=\"wp-image-704\" width=\"543\" height=\"768\" srcset=\"https:\/\/kanuusedom.de\/wp-content\/uploads\/2022\/06\/IMG_6228-724x1024.jpg 724w, https:\/\/kanuusedom.de\/wp-content\/uploads\/2022\/06\/IMG_6228-212x300.jpg 212w, https:\/\/kanuusedom.de\/wp-content\/uploads\/2022\/06\/IMG_6228-106x150.jpg 106w, https:\/\/kanuusedom.de\/wp-content\/uploads\/2022\/06\/IMG_6228-768x1086.jpg 768w, https:\/\/kanuusedom.de\/wp-content\/uploads\/2022\/06\/IMG_6228-1086x1536.jpg 1086w, https:\/\/kanuusedom.de\/wp-content\/uploads\/2022\/06\/IMG_6228-1448x2048.jpg 1448w, https:\/\/kanuusedom.de\/wp-content\/uploads\/2022\/06\/IMG_6228-905x1280.jpg 905w, https:\/\/kanuusedom.de\/wp-content\/uploads\/2022\/06\/IMG_6228.jpg 1549w\" sizes=\"(max-width: 543px) 100vw, 543px\" \/><\/figure>\n\n\n\n<p style=\"font-size:clamp(14px, 0.875rem + ((1vw - 3.2px) * 0.354), 18px);\">Eine feste Speisekarte gibt es nicht. Ich verlinke euch aber das Instagram Profil vom Seelchen, da werdet ihr immer mit Neuigkeiten versorgt.<\/p>\n\n\n\n<center>\n<a href=\"https:\/\/www.instagram.com\/gnitzer_seelchen\/\" target=\"new\" rel=\"noopener\">Instagram Gnitzer Seelchen<\/a><br>\n\n\n\n<hr class=\"wp-block-separator has-alpha-channel-opacity\"\/>\n\n\n\n<iframe src=\"https:\/\/www.google.com\/maps\/embed?pb=!1m18!1m12!1m3!1d2343.264715651621!2d13.887474751588188!3d54.033570730615615!2m3!1f0!2f0!3f0!3m2!1i1024!2i768!4f13.1!3m3!1m2!1s0x47ab01c84e07a3af%3A0x2aa160ab3f652d6a!2sCaf%C3%A9%20Seelchen!5e0!3m2!1sde!2sde!4v1654799455710!5m2!1sde!2sde\" width=\"400\" height=\"300\" style=\"border:0;\" allowfullscreen=\"\" loading=\"lazy\" referrerpolicy=\"no-referrer-when-downgrade\"><\/iframe>\n","protected":false},"excerpt":{"rendered":"<p>Ein Leben ohne Kuchen ist m\u00f6glich aber sinnlos. Das trifft den Nagel auf den Kopf, wenn es um das Gnitzer Seelchen geht.\u00a0In super gem\u00fctlicher Atmosph\u00e4re bekommt ihr alles, was das Kuchenherz begehrt. Die wechselnde Auswahl an veganen Getr\u00e4nken und Kuchen l\u00e4sst den Gaumen tanzen. Aber nicht nur die Speisen sind vorz\u00fcglich, denn hier f\u00fchlt man &hellip; <\/p>\n<p class=\"link-more\"><a href=\"https:\/\/kanuusedom.de\/?page_id=693\" class=\"more-link\">Mehr <span class=\"screen-reader-text\">\u00fcber &#8222;Gnitzer Seelchen&#8220; <\/span>Lesen<\/a><\/p>\n","protected":false},"author":1,"featured_media":0,"parent":0,"menu_order":0,"comment_status":"closed","ping_status":"closed","template":"","meta":{"footnotes":""},"class_list":["post-693","page","type-page","status-publish","hentry"],"featured_media_urls":[],"_links":{"self":[{"href":"https:\/\/kanuusedom.de\/index.php?rest_route=\/wp\/v2\/pages\/693","targetHints":{"allow":["GET"]}}],"collection":[{"href":"https:\/\/kanuusedom.de\/index.php?rest_route=\/wp\/v2\/pages"}],"about":[{"href":"https:\/\/kanuusedom.de\/index.php?rest_route=\/wp\/v2\/types\/page"}],"author":[{"embeddable":true,"href":"https:\/\/kanuusedom.de\/index.php?rest_route=\/wp\/v2\/users\/1"}],"replies":[{"embeddable":true,"href":"https:\/\/kanuusedom.de\/index.php?rest_route=%2Fwp%2Fv2%2Fcomments&post=693"}],"version-history":[{"count":10,"href":"https:\/\/kanuusedom.de\/index.php?rest_route=\/wp\/v2\/pages\/693\/revisions"}],"predecessor-version":[{"id":720,"href":"https:\/\/kanuusedom.de\/index.php?rest_route=\/wp\/v2\/pages\/693\/revisions\/720"}],"wp:attachment":[{"href":"https:\/\/kanuusedom.de\/index.php?rest_route=%2Fwp%2Fv2%2Fmedia&parent=693"}],"curies":[{"name":"wp","href":"https:\/\/api.w.org\/{rel}","templated":true}]}}