{"id":747,"date":"2022-08-01T21:54:09","date_gmt":"2022-08-01T21:54:09","guid":{"rendered":"https:\/\/kanuusedom.de\/?page_id=747"},"modified":"2022-08-01T21:56:46","modified_gmt":"2022-08-01T21:56:46","slug":"gravel-ausfahrten","status":"publish","type":"page","link":"https:\/\/kanuusedom.de\/?page_id=747","title":{"rendered":"#Gravel Ausfahrten"},"content":{"rendered":"\n<p class=\"has-drop-cap\">Falls du auch mal Lust hast Usedom in einem Gravel Kollektiv zu erkunden, dann bist du hier genau richtig. Jeden Mittwoch ab 17 Uhr geht es zusammen aufs Bike, was du mitbringen solltest ist &#8222;gute Laune und Spa\u00df am Graveln&#8220; &#8211; da eine gute Runde mit netten Leuten auf dem Gravelbike ja sowieso mit keinem Geld der Welt zu bezahlen ist, ist das hier auch so.<\/p>\n\n\n\n<figure class=\"wp-block-image size-large is-style-default\"><img fetchpriority=\"high\" decoding=\"async\" width=\"1024\" height=\"593\" src=\"https:\/\/kanuusedom.de\/wp-content\/uploads\/2022\/08\/G0050133-1024x593.jpeg\" alt=\"\" class=\"wp-image-748\" srcset=\"https:\/\/kanuusedom.de\/wp-content\/uploads\/2022\/08\/G0050133-1024x593.jpeg 1024w, https:\/\/kanuusedom.de\/wp-content\/uploads\/2022\/08\/G0050133-300x174.jpeg 300w, https:\/\/kanuusedom.de\/wp-content\/uploads\/2022\/08\/G0050133-150x87.jpeg 150w, https:\/\/kanuusedom.de\/wp-content\/uploads\/2022\/08\/G0050133-768x445.jpeg 768w, https:\/\/kanuusedom.de\/wp-content\/uploads\/2022\/08\/G0050133-1536x889.jpeg 1536w, https:\/\/kanuusedom.de\/wp-content\/uploads\/2022\/08\/G0050133-2048x1185.jpeg 2048w, https:\/\/kanuusedom.de\/wp-content\/uploads\/2022\/08\/G0050133-1280x741.jpeg 1280w\" sizes=\"(max-width: 1024px) 100vw, 1024px\" \/><\/figure>\n\n\n\n<p>Der Startpunkt ist Variabel und richtet sich nach den Standpunkten der Teilnehmer\/innen. <\/p>\n\n\n\n<p>Um die Ausfahrt besser planen zu k\u00f6nnen, bzw. den besten Startpunkt zu ermitteln, bitte ich euch um eine kurze Anmeldung, daf\u00fcr k\u00f6nnt ihr gerne die Kontaktfunktion der Webseite nutzen.<\/p>\n\n\n\n<p>Falls ihr Lust habt mitzufahren aber euer Bike bei euch zu Hause ist, k\u00f6nnen Fahrr\u00e4der (falls verf\u00fcgbar) f\u00fcr einen kleine Geb\u00fchr geliehen werden.<\/p>\n\n\n\n<p>Termin f\u00fcr die n\u00e4chste Ausfahrt &#8211; 10.08.2022 &#8211; 17:00 Uhr &#8211; Startpunkt wird noch mitgeteilt.<\/p>\n","protected":false},"excerpt":{"rendered":"<p>Falls du auch mal Lust hast Usedom in einem Gravel Kollektiv zu erkunden, dann bist du hier genau richtig. Jeden Mittwoch ab 17 Uhr geht es zusammen aufs Bike, was du mitbringen solltest ist &#8222;gute Laune und Spa\u00df am Graveln&#8220; &#8211; da eine gute Runde mit netten Leuten auf dem Gravelbike ja sowieso mit keinem &hellip; <\/p>\n<p class=\"link-more\"><a href=\"https:\/\/kanuusedom.de\/?page_id=747\" class=\"more-link\">Mehr <span class=\"screen-reader-text\">\u00fcber &#8222;#Gravel Ausfahrten&#8220; <\/span>Lesen<\/a><\/p>\n","protected":false},"author":1,"featured_media":0,"parent":0,"menu_order":0,"comment_status":"closed","ping_status":"closed","template":"","meta":{"footnotes":""},"class_list":["post-747","page","type-page","status-publish","hentry"],"featured_media_urls":[],"_links":{"self":[{"href":"https:\/\/kanuusedom.de\/index.php?rest_route=\/wp\/v2\/pages\/747","targetHints":{"allow":["GET"]}}],"collection":[{"href":"https:\/\/kanuusedom.de\/index.php?rest_route=\/wp\/v2\/pages"}],"about":[{"href":"https:\/\/kanuusedom.de\/index.php?rest_route=\/wp\/v2\/types\/page"}],"author":[{"embeddable":true,"href":"https:\/\/kanuusedom.de\/index.php?rest_route=\/wp\/v2\/users\/1"}],"replies":[{"embeddable":true,"href":"https:\/\/kanuusedom.de\/index.php?rest_route=%2Fwp%2Fv2%2Fcomments&post=747"}],"version-history":[{"count":2,"href":"https:\/\/kanuusedom.de\/index.php?rest_route=\/wp\/v2\/pages\/747\/revisions"}],"predecessor-version":[{"id":751,"href":"https:\/\/kanuusedom.de\/index.php?rest_route=\/wp\/v2\/pages\/747\/revisions\/751"}],"wp:attachment":[{"href":"https:\/\/kanuusedom.de\/index.php?rest_route=%2Fwp%2Fv2%2Fmedia&parent=747"}],"curies":[{"name":"wp","href":"https:\/\/api.w.org\/{rel}","templated":true}]}}