{"id":797,"date":"2023-03-20T14:11:40","date_gmt":"2023-03-20T14:11:40","guid":{"rendered":"https:\/\/kanuusedom.de\/?page_id=797"},"modified":"2023-03-20T14:18:33","modified_gmt":"2023-03-20T14:18:33","slug":"wena-restaurant-swinoujscie","status":"publish","type":"page","link":"https:\/\/kanuusedom.de\/?page_id=797","title":{"rendered":"Wena Restaurant Swinoujscie"},"content":{"rendered":"\n<p class=\"has-drop-cap\" style=\"font-size:clamp(14px, 0.875rem + ((1vw - 3.2px) * 0.354), 18px);\">Hier mal ein Tip von der polnischen Seite Usedoms, das Wena Restaurant an der Promenade in der N\u00e4he des Radisson Blu Resorts in Swinem\u00fcnde. So ihr werdet jetzt sagen ein Restaurant an der Promenade muss ja teuer sein, nein! Die Veganer Gerichte wie Hummus 22 PLN (ca 5 Euro)<\/p>\n\n\n\n<figure class=\"wp-block-image size-large\"><img fetchpriority=\"high\" decoding=\"async\" width=\"1024\" height=\"651\" src=\"https:\/\/kanuusedom.de\/wp-content\/uploads\/2023\/03\/wena_humus-1024x651.jpg\" alt=\"\" class=\"wp-image-798\" srcset=\"https:\/\/kanuusedom.de\/wp-content\/uploads\/2023\/03\/wena_humus-1024x651.jpg 1024w, https:\/\/kanuusedom.de\/wp-content\/uploads\/2023\/03\/wena_humus-300x191.jpg 300w, https:\/\/kanuusedom.de\/wp-content\/uploads\/2023\/03\/wena_humus-150x95.jpg 150w, https:\/\/kanuusedom.de\/wp-content\/uploads\/2023\/03\/wena_humus-768x488.jpg 768w, https:\/\/kanuusedom.de\/wp-content\/uploads\/2023\/03\/wena_humus-1536x976.jpg 1536w, https:\/\/kanuusedom.de\/wp-content\/uploads\/2023\/03\/wena_humus-2048x1301.jpg 2048w, https:\/\/kanuusedom.de\/wp-content\/uploads\/2023\/03\/wena_humus-1280x813.jpg 1280w\" sizes=\"(max-width: 1024px) 100vw, 1024px\" \/><\/figure>\n\n\n\n<p style=\"font-size:clamp(14px, 0.875rem + ((1vw - 3.2px) * 0.354), 18px);\">und der gebackene Butternut K\u00fcrbis 32 PLN (ca 7 Euro) sind der Hammer. Ich habe beides gegessen und es war super lecker. Das Restaurant ist sehr modern eingerichtet, besonders haben mir die Lampen gefallen. Das Personal ist super freundlich und zuvorkommend.<\/p>\n\n\n\n<figure class=\"wp-block-image size-large\"><img decoding=\"async\" width=\"960\" height=\"1024\" src=\"https:\/\/kanuusedom.de\/wp-content\/uploads\/2023\/03\/wena_butternutkuerbis-960x1024.jpg\" alt=\"\" class=\"wp-image-799\" srcset=\"https:\/\/kanuusedom.de\/wp-content\/uploads\/2023\/03\/wena_butternutkuerbis-960x1024.jpg 960w, https:\/\/kanuusedom.de\/wp-content\/uploads\/2023\/03\/wena_butternutkuerbis-281x300.jpg 281w, https:\/\/kanuusedom.de\/wp-content\/uploads\/2023\/03\/wena_butternutkuerbis-141x150.jpg 141w, https:\/\/kanuusedom.de\/wp-content\/uploads\/2023\/03\/wena_butternutkuerbis-768x819.jpg 768w, https:\/\/kanuusedom.de\/wp-content\/uploads\/2023\/03\/wena_butternutkuerbis-1440x1536.jpg 1440w, https:\/\/kanuusedom.de\/wp-content\/uploads\/2023\/03\/wena_butternutkuerbis-1920x2048.jpg 1920w, https:\/\/kanuusedom.de\/wp-content\/uploads\/2023\/03\/wena_butternutkuerbis-1200x1280.jpg 1200w\" sizes=\"(max-width: 960px) 100vw, 960px\" \/><\/figure>\n\n\n\n<p style=\"font-size:clamp(14px, 0.875rem + ((1vw - 3.2px) * 0.354), 18px);\">Ich muss noch erw\u00e4hnen, das ich den ganzen Tag nichts gegessen hatte oder war es der Grund das mir alle Speisen so gut geschmeckt haben, habe ich als Nachtisch noch die Pizza Marinara 25 PLN (ca 6 Euro) verspeist. Das w\u00e4re nicht n\u00f6tig gewesen, aber aus Genussgr\u00fcnden absolut unvermeidbar.<\/p>\n\n\n\n<center><iframe src=\"https:\/\/www.google.com\/maps\/embed?pb=!1m14!1m8!1m3!1d9398.89988579006!2d14.2608728!3d53.918863!3m2!1i1024!2i768!4f13.1!3m3!1m2!1s0x47aa5f6d6e46ddb7%3A0x8ccf7354e41c45ad!2sWena%20Restaurant%20-%20Bar%20-%20Lounge%20%F0%9F%93%8DRestauracja%20%C5%9Awinouj%C5%9Bcie!5e0!3m2!1sde!2sde!4v1679321809385!5m2!1sde!2sde\" width=\"600\" height=\"450\" style=\"border:0;\" allowfullscreen=\"\" loading=\"lazy\" referrerpolicy=\"no-referrer-when-downgrade\"><\/iframe><\/center>\n","protected":false},"excerpt":{"rendered":"<p>Hier mal ein Tip von der polnischen Seite Usedoms, das Wena Restaurant an der Promenade in der N\u00e4he des Radisson Blu Resorts in Swinem\u00fcnde. So ihr werdet jetzt sagen ein Restaurant an der Promenade muss ja teuer sein, nein! Die Veganer Gerichte wie Hummus 22 PLN (ca 5 Euro) und der gebackene Butternut K\u00fcrbis 32 &hellip; <\/p>\n<p class=\"link-more\"><a href=\"https:\/\/kanuusedom.de\/?page_id=797\" class=\"more-link\">Mehr <span class=\"screen-reader-text\">\u00fcber &#8222;Wena Restaurant Swinoujscie&#8220; <\/span>Lesen<\/a><\/p>\n","protected":false},"author":1,"featured_media":0,"parent":0,"menu_order":0,"comment_status":"closed","ping_status":"closed","template":"","meta":{"footnotes":""},"class_list":["post-797","page","type-page","status-publish","hentry"],"featured_media_urls":[],"_links":{"self":[{"href":"https:\/\/kanuusedom.de\/index.php?rest_route=\/wp\/v2\/pages\/797","targetHints":{"allow":["GET"]}}],"collection":[{"href":"https:\/\/kanuusedom.de\/index.php?rest_route=\/wp\/v2\/pages"}],"about":[{"href":"https:\/\/kanuusedom.de\/index.php?rest_route=\/wp\/v2\/types\/page"}],"author":[{"embeddable":true,"href":"https:\/\/kanuusedom.de\/index.php?rest_route=\/wp\/v2\/users\/1"}],"replies":[{"embeddable":true,"href":"https:\/\/kanuusedom.de\/index.php?rest_route=%2Fwp%2Fv2%2Fcomments&post=797"}],"version-history":[{"count":3,"href":"https:\/\/kanuusedom.de\/index.php?rest_route=\/wp\/v2\/pages\/797\/revisions"}],"predecessor-version":[{"id":804,"href":"https:\/\/kanuusedom.de\/index.php?rest_route=\/wp\/v2\/pages\/797\/revisions\/804"}],"wp:attachment":[{"href":"https:\/\/kanuusedom.de\/index.php?rest_route=%2Fwp%2Fv2%2Fmedia&parent=797"}],"curies":[{"name":"wp","href":"https:\/\/api.w.org\/{rel}","templated":true}]}}