{"id":837,"date":"2023-06-27T08:17:46","date_gmt":"2023-06-27T08:17:46","guid":{"rendered":"https:\/\/kanuusedom.de\/?page_id=837"},"modified":"2025-06-27T22:25:29","modified_gmt":"2025-06-27T22:25:29","slug":"sup-boards-verleih","status":"publish","type":"page","link":"https:\/\/kanuusedom.de\/?page_id=837","title":{"rendered":"#SUP Board Verleih"},"content":{"rendered":"<div class=\"initial-letter\">\n<p class=\"has-drop-cap\">Auf die Paddel fertig los, erkunde auf eigene Faust die Krumminer Wiek. Jetzt auch auf dem SUP Board m\u00f6glich. &nbsp;<\/p>\n\n\n\n<p>Da es sich hier nicht nur um einen reinen Verleih handelt, wie ihr sicherlich auf dieser Seite schon gemerkt habt, habe ich versucht ein Verleihmodell aufzustellen was f\u00fcr beide Seiten einfach entspannt umzusetzen ist. Ich werde nicht auf die \u00fcblichen Stundenmodelle zur\u00fcckgreifen (k\u00f6nnen). Ihr k\u00f6nnt euch bei mir aussuchen ob ihr einen halben Tag, einen ganzen Tag oder auch l\u00e4nger ein SUP leihen m\u00f6chtet.<\/p>\n\n\n\n<figure class=\"wp-block-image size-full is-resized\"><img fetchpriority=\"high\" decoding=\"async\" width=\"640\" height=\"427\" src=\"https:\/\/kanuusedom.de\/wp-content\/uploads\/2023\/06\/IMG_3057.jpeg\" alt=\"\" class=\"wp-image-838\" style=\"width:838px;height:559px\" srcset=\"https:\/\/kanuusedom.de\/wp-content\/uploads\/2023\/06\/IMG_3057.jpeg 640w, https:\/\/kanuusedom.de\/wp-content\/uploads\/2023\/06\/IMG_3057-300x200.jpeg 300w, https:\/\/kanuusedom.de\/wp-content\/uploads\/2023\/06\/IMG_3057-150x100.jpeg 150w\" sizes=\"(max-width: 640px) 100vw, 640px\" \/><\/figure>\n\n\n\n<h2 class=\"wp-block-heading\" id=\"verleihpreise\"><strong>Verleihpreis (Pro Board):<\/strong><\/h2>\n\n\n\n<p class=\"has-text-align-left\"> 1\/2 Tag 20 Euro (pro Board)- Tag 30 Euro (pro Board) \u2013 f\u00fcr mehrere Tage bitte Anfragen<\/p>\n\n\n\n<p class=\"has-text-align-center has-small-font-size\"><strong>F\u00fcr Dauerlieger\/Gastlieger und die \u00dcbernachtungsg\u00e4ste des Naturhafen Krummin 10% auf die Verleihpreise.<\/strong><\/p>\n\n\n\n<p class=\"has-text-align-center has-text-color\" style=\"color:#b55757\"><strong>Wichtig: Die Boards m\u00fcssen vorab reserviert werden, ohne Anmeldung vorbeikommen und ausleihen ist leider nicht m\u00f6glich, da ich nur nach Absprache im Hafen bin.&nbsp;<br>Die Ausgabezeiten sind zwischen 8-9 Uhr und 12-13 Uhr<\/strong><\/p>\n\n\n\n<p class=\"has-text-align-center\">Zu jedem Board geh\u00f6ren das Paddel, Wasserdichte Tasche und eine Rettungsweste.<\/p>\n\n\n<div class=\"wpforms-container wpforms-container-full wpforms-block wpforms-block-cee75c9a-ef78-40c7-82a7-0a7c9a80bae6 wpforms-render-modern\" id=\"wpforms-1013\"><form id=\"wpforms-form-1013\" class=\"wpforms-validate wpforms-form wpforms-ajax-form\" data-formid=\"1013\" method=\"post\" enctype=\"multipart\/form-data\" action=\"\/index.php?rest_route=%2Fwp%2Fv2%2Fpages%2F837\" data-token=\"d915727ad0113a4471b0e87825adde91\" data-token-time=\"1776156314\"><div class=\"wpforms-head-container\"><div class=\"wpforms-title\">SUP und Kajak Anfragen<\/div><\/div><noscript class=\"wpforms-error-noscript\">Bitte aktiviere JavaScript in deinem Browser, um dieses Formular fertigzustellen.<\/noscript><div id=\"wpforms-error-noscript\" style=\"display: none;\">Bitte aktiviere JavaScript in deinem Browser, um dieses Formular fertigzustellen.<\/div><div class=\"wpforms-field-container\"><div id=\"wpforms-1013-field_1-container\" class=\"wpforms-field wpforms-field-name\" data-field-id=\"1\"><fieldset><legend class=\"wpforms-field-label\">Name <span class=\"wpforms-required-label\" aria-hidden=\"true\">*<\/span><\/legend><div class=\"wpforms-field-row wpforms-field-medium\"><div class=\"wpforms-field-row-block wpforms-first wpforms-one-half\"><input type=\"text\" id=\"wpforms-1013-field_1\" class=\"wpforms-field-name-first wpforms-field-required\" name=\"wpforms[fields][1][first]\" aria-errormessage=\"wpforms-1013-field_1-error\" required><label for=\"wpforms-1013-field_1\" class=\"wpforms-field-sublabel after\">Vorname<\/label><\/div><div class=\"wpforms-field-row-block wpforms-one-half\"><input type=\"text\" id=\"wpforms-1013-field_1-last\" class=\"wpforms-field-name-last wpforms-field-required\" name=\"wpforms[fields][1][last]\" aria-errormessage=\"wpforms-1013-field_1-last-error\" required><label for=\"wpforms-1013-field_1-last\" class=\"wpforms-field-sublabel after\">Nachname<\/label><\/div><\/div><\/fieldset><\/div><div id=\"wpforms-1013-field_2-container\" class=\"wpforms-field wpforms-field-email\" data-field-id=\"2\"><label class=\"wpforms-field-label\" for=\"wpforms-1013-field_2\">E-Mail-Adresse <span class=\"wpforms-required-label\" aria-hidden=\"true\">*<\/span><\/label><input type=\"email\" id=\"wpforms-1013-field_2\" class=\"wpforms-field-medium wpforms-field-required\" name=\"wpforms[fields][2]\" spellcheck=\"false\" aria-errormessage=\"wpforms-1013-field_2-error\" required><\/div><div id=\"wpforms-1013-field_3-container\" class=\"wpforms-field wpforms-field-textarea\" data-field-id=\"3\"><label class=\"wpforms-field-label\" for=\"wpforms-1013-field_3\">Kommentar oder Nachricht<\/label><textarea id=\"wpforms-1013-field_3\" class=\"wpforms-field-medium\" name=\"wpforms[fields][3]\" aria-errormessage=\"wpforms-1013-field_3-error\" ><\/textarea><\/div><div id=\"wpforms-1013-field_4-container\" class=\"wpforms-field wpforms-field-checkbox\" data-field-id=\"4\"><fieldset><legend class=\"wpforms-field-label\">SUP oder Kajak <span class=\"wpforms-required-label\" aria-hidden=\"true\">*<\/span><\/legend><ul id=\"wpforms-1013-field_4\" class=\"wpforms-field-required\"><li class=\"choice-1 depth-1\"><input type=\"checkbox\" id=\"wpforms-1013-field_4_1\" name=\"wpforms[fields][4][]\" value=\"SUP Board\" aria-errormessage=\"wpforms-1013-field_4_1-error\" required ><label class=\"wpforms-field-label-inline\" for=\"wpforms-1013-field_4_1\">SUP Board<\/label><\/li><li class=\"choice-2 depth-1\"><input type=\"checkbox\" id=\"wpforms-1013-field_4_2\" name=\"wpforms[fields][4][]\" value=\"1er Kajak\" aria-errormessage=\"wpforms-1013-field_4_2-error\" required ><label class=\"wpforms-field-label-inline\" for=\"wpforms-1013-field_4_2\">1er Kajak<\/label><\/li><li class=\"choice-3 depth-1\"><input type=\"checkbox\" id=\"wpforms-1013-field_4_3\" name=\"wpforms[fields][4][]\" value=\"2er Kajak\" aria-errormessage=\"wpforms-1013-field_4_3-error\" required ><label class=\"wpforms-field-label-inline\" for=\"wpforms-1013-field_4_3\">2er Kajak<\/label><\/li><\/ul><\/fieldset><\/div>\t\t<div id=\"wpforms-1013-field_7-container\"\n\t\t\tclass=\"wpforms-field wpforms-field-text\"\n\t\t\tdata-field-type=\"text\"\n\t\t\tdata-field-id=\"7\"\n\t\t\t>\n\t\t\t<label class=\"wpforms-field-label\" for=\"wpforms-1013-field_7\" >Kajak Name Nachricht<\/label>\n\t\t\t<input type=\"text\" id=\"wpforms-1013-field_7\" class=\"wpforms-field-medium\" name=\"wpforms[fields][7]\" >\n\t\t<\/div>\n\t\t<div id=\"wpforms-1013-field_5-container\" class=\"wpforms-field wpforms-field-checkbox\" data-field-id=\"5\"><fieldset><legend class=\"wpforms-field-label\">Dauer <span class=\"wpforms-required-label\" aria-hidden=\"true\">*<\/span><\/legend><ul id=\"wpforms-1013-field_5\" class=\"wpforms-field-required\"><li class=\"choice-1 depth-1\"><input type=\"checkbox\" id=\"wpforms-1013-field_5_1\" name=\"wpforms[fields][5][]\" value=\"1\/2 Tag\" aria-errormessage=\"wpforms-1013-field_5_1-error\" required ><label class=\"wpforms-field-label-inline\" for=\"wpforms-1013-field_5_1\">1\/2 Tag<\/label><\/li><li class=\"choice-2 depth-1\"><input type=\"checkbox\" id=\"wpforms-1013-field_5_2\" name=\"wpforms[fields][5][]\" value=\"1 Tag\" aria-errormessage=\"wpforms-1013-field_5_2-error\" required ><label class=\"wpforms-field-label-inline\" for=\"wpforms-1013-field_5_2\">1 Tag<\/label><\/li><\/ul><\/fieldset><\/div><div id=\"wpforms-1013-field_6-container\" class=\"wpforms-field wpforms-field-text\" data-field-id=\"6\"><label class=\"wpforms-field-label\" for=\"wpforms-1013-field_6\">Datum <span class=\"wpforms-required-label\" aria-hidden=\"true\">*<\/span><\/label><input type=\"text\" id=\"wpforms-1013-field_6\" class=\"wpforms-field-medium wpforms-field-required\" name=\"wpforms[fields][6]\" aria-errormessage=\"wpforms-1013-field_6-error\" required><\/div><script>\n\t\t\t\t( function() {\n\t\t\t\t\tconst style = document.createElement( 'style' );\n\t\t\t\t\tstyle.appendChild( document.createTextNode( '#wpforms-1013-field_7-container { position: absolute !important; overflow: hidden !important; display: inline !important; height: 1px !important; width: 1px !important; z-index: -1000 !important; padding: 0 !important; } #wpforms-1013-field_7-container input { visibility: hidden; } #wpforms-conversational-form-page #wpforms-1013-field_7-container label { counter-increment: none; }' ) );\n\t\t\t\t\tdocument.head.appendChild( style );\n\t\t\t\t\tdocument.currentScript?.remove();\n\t\t\t\t} )();\n\t\t\t<\/script><\/div><!-- .wpforms-field-container --><div class=\"wpforms-recaptcha-container wpforms-is-recaptcha wpforms-is-recaptcha-type-v3\" ><input type=\"hidden\" name=\"wpforms[recaptcha]\" value=\"\"><\/div><div class=\"wpforms-submit-container\" ><input type=\"hidden\" name=\"wpforms[id]\" value=\"1013\"><input type=\"hidden\" name=\"page_title\" value=\"\"><input type=\"hidden\" name=\"page_url\" value=\"https:\/\/kanuusedom.de\/index.php?rest_route=\/wp\/v2\/pages\/837\"><input type=\"hidden\" name=\"url_referer\" value=\"\"><button type=\"submit\" name=\"wpforms[submit]\" id=\"wpforms-submit-1013\" class=\"wpforms-submit\" data-alt-text=\"Wird gesendet\u00a0\u2026\" data-submit-text=\"Absenden\" aria-live=\"assertive\" value=\"wpforms-submit\">Absenden<\/button><img decoding=\"async\" src=\"https:\/\/kanuusedom.de\/wp-content\/plugins\/wpforms-lite\/assets\/images\/submit-spin.svg\" class=\"wpforms-submit-spinner\" style=\"display: none;\" width=\"26\" height=\"26\" alt=\"Wird geladen\"><\/div><\/form><\/div>  <!-- .wpforms-container --><\/div>","protected":false},"excerpt":{"rendered":"<p>Auf die Paddel fertig los, erkunde auf eigene Faust die Krumminer Wiek. Jetzt auch auf dem SUP Board m\u00f6glich. &nbsp; Da es sich hier nicht nur um einen reinen Verleih handelt, wie ihr sicherlich auf dieser Seite schon gemerkt habt, habe ich versucht ein Verleihmodell aufzustellen was f\u00fcr beide Seiten einfach entspannt umzusetzen ist. Ich &hellip; <\/p>\n<p class=\"link-more\"><a href=\"https:\/\/kanuusedom.de\/?page_id=837\" class=\"more-link\">Mehr <span class=\"screen-reader-text\">\u00fcber &#8222;#SUP Board Verleih&#8220; <\/span>Lesen<\/a><\/p>\n","protected":false},"author":1,"featured_media":0,"parent":0,"menu_order":0,"comment_status":"closed","ping_status":"closed","template":"","meta":{"footnotes":""},"class_list":["post-837","page","type-page","status-publish","hentry"],"featured_media_urls":[],"_links":{"self":[{"href":"https:\/\/kanuusedom.de\/index.php?rest_route=\/wp\/v2\/pages\/837","targetHints":{"allow":["GET"]}}],"collection":[{"href":"https:\/\/kanuusedom.de\/index.php?rest_route=\/wp\/v2\/pages"}],"about":[{"href":"https:\/\/kanuusedom.de\/index.php?rest_route=\/wp\/v2\/types\/page"}],"author":[{"embeddable":true,"href":"https:\/\/kanuusedom.de\/index.php?rest_route=\/wp\/v2\/users\/1"}],"replies":[{"embeddable":true,"href":"https:\/\/kanuusedom.de\/index.php?rest_route=%2Fwp%2Fv2%2Fcomments&post=837"}],"version-history":[{"count":5,"href":"https:\/\/kanuusedom.de\/index.php?rest_route=\/wp\/v2\/pages\/837\/revisions"}],"predecessor-version":[{"id":1017,"href":"https:\/\/kanuusedom.de\/index.php?rest_route=\/wp\/v2\/pages\/837\/revisions\/1017"}],"wp:attachment":[{"href":"https:\/\/kanuusedom.de\/index.php?rest_route=%2Fwp%2Fv2%2Fmedia&parent=837"}],"curies":[{"name":"wp","href":"https:\/\/api.w.org\/{rel}","templated":true}]}}