{"id":967,"date":"2024-07-11T09:38:31","date_gmt":"2024-07-11T09:38:31","guid":{"rendered":"https:\/\/kanuusedom.de\/?page_id=967"},"modified":"2024-07-11T10:06:33","modified_gmt":"2024-07-11T10:06:33","slug":"cafe-central","status":"publish","type":"page","link":"https:\/\/kanuusedom.de\/?page_id=967","title":{"rendered":"Caf\u00e9 Central"},"content":{"rendered":"<div class=\"initial-letter\">\n<p style=\"font-size:clamp(14px, 0.875rem + ((1vw - 3.2px) * 0.354), 18px);\"><\/p>\n\n\n\n<p style=\"font-size:clamp(14px, 0.875rem + ((1vw - 3.2px) * 0.354), 18px);\">Ein sehr sch\u00f6nes kleines Caf\u00e9 im Herzen von Zinnowitz, die Kuchentheke ist immer reichlich best\u00fcckt (nat\u00fcrlich auch mit veganem Kuchen). Dazu gibt es noch kleine Snacks und eine k\u00f6stliche Auswahl an regionalen Eissorten, auch hier ist was f\u00fcr das vegane Herz dabei. Hafermilch ist hier kein Fremdwort!<\/p>\n\n\n\n<figure class=\"wp-block-table\"><table><tbody><tr><td class=\"has-text-align-center\" data-align=\"center\"><img fetchpriority=\"high\" decoding=\"async\" width=\"300\" height=\"400\" class=\"wp-image-968\" style=\"width: 300px;\" src=\"http:\/\/kanuusedom.de\/wp-content\/uploads\/2024\/07\/IMG_0182-scaled.jpeg\" alt=\"\" srcset=\"https:\/\/kanuusedom.de\/wp-content\/uploads\/2024\/07\/IMG_0182-scaled.jpeg 1920w, https:\/\/kanuusedom.de\/wp-content\/uploads\/2024\/07\/IMG_0182-225x300.jpeg 225w, https:\/\/kanuusedom.de\/wp-content\/uploads\/2024\/07\/IMG_0182-768x1024.jpeg 768w, https:\/\/kanuusedom.de\/wp-content\/uploads\/2024\/07\/IMG_0182-113x150.jpeg 113w, https:\/\/kanuusedom.de\/wp-content\/uploads\/2024\/07\/IMG_0182-2000x2667.jpeg 2000w\" sizes=\"(max-width: 300px) 100vw, 300px\" \/><br><strong>Panino (vegan)<\/strong><\/td><td class=\"has-text-align-center\" data-align=\"center\"><img decoding=\"async\" width=\"300\" height=\"400\" class=\"wp-image-969\" style=\"width: 300px;\" src=\"http:\/\/kanuusedom.de\/wp-content\/uploads\/2024\/07\/IMG_0180-scaled.jpeg\" alt=\"\" srcset=\"https:\/\/kanuusedom.de\/wp-content\/uploads\/2024\/07\/IMG_0180-scaled.jpeg 1920w, https:\/\/kanuusedom.de\/wp-content\/uploads\/2024\/07\/IMG_0180-225x300.jpeg 225w, https:\/\/kanuusedom.de\/wp-content\/uploads\/2024\/07\/IMG_0180-768x1024.jpeg 768w, https:\/\/kanuusedom.de\/wp-content\/uploads\/2024\/07\/IMG_0180-113x150.jpeg 113w, https:\/\/kanuusedom.de\/wp-content\/uploads\/2024\/07\/IMG_0180-2000x2667.jpeg 2000w\" sizes=\"(max-width: 300px) 100vw, 300px\" \/><br><strong>Brownie<\/strong><\/td><\/tr><\/tbody><\/table><\/figure>\n\n\n\n<p style=\"font-size:clamp(14px, 0.875rem + ((1vw - 3.2px) * 0.354), 18px);\"><strong>Preisniveau<\/strong> &#8211; F\u00fcr die Qualit\u00e4t  sehr moderate Preise fanden wir. Hier stimmt Preis und Geschmack!  Leider gibt es nicht so viele dieser kleinen mit Herz gef\u00fchrten Caf\u00e9s hier auf Usedom, die auch vegane Speisen anbieten.<\/p>\n\n\n\n<p style=\"font-size:clamp(14px, 0.875rem + ((1vw - 3.2px) * 0.354), 18px);\"><strong>Bedienung und Ausstattung<\/strong> &#8211; Selbstbedienung. An der Theke wird man freundlich und kompetent bewirtet. Das Caf\u00e9 bietet viele M\u00f6glichkeiten, seine Speisen und Getr\u00e4nke zu genie\u00dfen. Ihr k\u00f6nnt im vorderen Bereich der Terrasse die vorbeischlendernden Menschen beobachten, oder ihr zieht euch etwas weiter zur\u00fcck auf die Terrasse oder ins Caf\u00e9 selber, um euch in Ruhe alles munden zu lassen.<\/p>\n\n\n\n<p style=\"font-size:clamp(14px, 0.875rem + ((1vw - 3.2px) * 0.354), 18px);\">Die aktuelle Karte findest du&nbsp;<a href=\"https:\/\/cdzw.de\/scfhpxfx\" target=\"_blank\" rel=\"noreferrer noopener\">hier<\/a>.<\/p>\n\n\n\n<center>\n<iframe src=\"https:\/\/www.google.com\/maps\/embed?pb=!1m18!1m12!1m3!1d2340.668251509093!2d13.910872212643921!3d54.07962637239638!2m3!1f0!2f0!3f0!3m2!1i1024!2i768!4f13.1!3m3!1m2!1s0x47ab036347a5bbd5%3A0x705946afc20f8392!2sCaf%C3%A9%20Central%20Zinnowitz!5e0!3m2!1sde!2sde!4v1720690305569!5m2!1sde!2sde\" width=\"600\" height=\"450\" style=\"border:0;\" allowfullscreen=\"\" loading=\"lazy\" referrerpolicy=\"no-referrer-when-downgrade\"><\/iframe>\n<\/center>\n<\/div>","protected":false},"excerpt":{"rendered":"<p>Ein sehr sch\u00f6nes kleines Caf\u00e9 im Herzen von Zinnowitz, die Kuchentheke ist immer reichlich best\u00fcckt (nat\u00fcrlich auch mit veganem Kuchen). Dazu gibt es noch kleine Snacks und eine k\u00f6stliche Auswahl an regionalen Eissorten, auch hier ist was f\u00fcr das vegane Herz dabei. Hafermilch ist hier kein Fremdwort! Panino (vegan) Brownie Preisniveau &#8211; F\u00fcr die Qualit\u00e4t &hellip; <\/p>\n<p class=\"link-more\"><a href=\"https:\/\/kanuusedom.de\/?page_id=967\" class=\"more-link\">Mehr <span class=\"screen-reader-text\">\u00fcber &#8222;Caf\u00e9 Central&#8220; <\/span>Lesen<\/a><\/p>\n","protected":false},"author":1,"featured_media":0,"parent":0,"menu_order":0,"comment_status":"closed","ping_status":"closed","template":"","meta":{"footnotes":""},"class_list":["post-967","page","type-page","status-publish","hentry"],"featured_media_urls":[],"_links":{"self":[{"href":"https:\/\/kanuusedom.de\/index.php?rest_route=\/wp\/v2\/pages\/967","targetHints":{"allow":["GET"]}}],"collection":[{"href":"https:\/\/kanuusedom.de\/index.php?rest_route=\/wp\/v2\/pages"}],"about":[{"href":"https:\/\/kanuusedom.de\/index.php?rest_route=\/wp\/v2\/types\/page"}],"author":[{"embeddable":true,"href":"https:\/\/kanuusedom.de\/index.php?rest_route=\/wp\/v2\/users\/1"}],"replies":[{"embeddable":true,"href":"https:\/\/kanuusedom.de\/index.php?rest_route=%2Fwp%2Fv2%2Fcomments&post=967"}],"version-history":[{"count":7,"href":"https:\/\/kanuusedom.de\/index.php?rest_route=\/wp\/v2\/pages\/967\/revisions"}],"predecessor-version":[{"id":981,"href":"https:\/\/kanuusedom.de\/index.php?rest_route=\/wp\/v2\/pages\/967\/revisions\/981"}],"wp:attachment":[{"href":"https:\/\/kanuusedom.de\/index.php?rest_route=%2Fwp%2Fv2%2Fmedia&parent=967"}],"curies":[{"name":"wp","href":"https:\/\/api.w.org\/{rel}","templated":true}]}}